{"id":15317,"date":"2025-02-20T15:39:40","date_gmt":"2025-02-20T12:39:40","guid":{"rendered":"https:\/\/ceoparts.com\/?post_type=product&#038;p=15317"},"modified":"2026-05-16T18:58:01","modified_gmt":"2026-05-16T15:58:01","slug":"jungheinrich-joystick-parcasi-51385524-51354632","status":"publish","type":"product","link":"https:\/\/ceoparts.com\/tr\/urun\/jungheinrich-joystick-parcasi-51385524-51354632\/","title":{"rendered":"Jungheinrich Joystick Par\u00e7as\u0131 &#8211; 51385524 , 51354632"},"content":{"rendered":"<p>Jungheinrich Joystick Par\u00e7as\u0131 &#8211; 51385524 , 51354632<\/p>","protected":false},"excerpt":{"rendered":"<p data-start=\"52\" data-end=\"500\"><br data-start=\"57\" data-end=\"60\" \/><strong data-start=\"60\" data-end=\"93\">Jungheinrich Joystick Par\u00e7as\u0131<\/strong>, forklift ve i\u015f makinelerinde hassas kontrol sa\u011flayan \u00f6nemli bir yedek par\u00e7ad\u0131r. Ergonomik tasar\u0131m\u0131 ile operat\u00f6r\u00fcn konforunu art\u0131r\u0131rken, dayan\u0131kl\u0131 malzemesi sayesinde uzun \u00f6m\u00fcrl\u00fc kullan\u0131m sunar. Bu joystick par\u00e7alar\u0131, forkliftin hareket ve fonksiyonlar\u0131n\u0131 hassas ve g\u00fcvenli \u015fekilde y\u00f6netmek i\u00e7in geli\u015ftirilmi\u015ftir. Kolay montaj\u0131 ve uyumlulu\u011fu ile Jungheinrich marka i\u015f makinelerinin performans\u0131n\u0131 destekler.<\/p>\n<p data-start=\"502\" data-end=\"758\"><strong data-start=\"502\" data-end=\"517\">\u00d6zellikler:<\/strong><br data-start=\"517\" data-end=\"520\" \/><strong data-start=\"520\" data-end=\"534\">Uyumluluk:<\/strong> Jungheinrich forklift ve i\u015f makineleri<br data-start=\"573\" data-end=\"576\" \/><strong data-start=\"576\" data-end=\"588\">Malzeme:<\/strong> Dayan\u0131kl\u0131 ve kaliteli plastik &amp; metal<br data-start=\"626\" data-end=\"629\" \/><strong data-start=\"629\" data-end=\"643\">Fonksiyon:<\/strong> Hassas hareket ve fonksiyon kontrol\u00fc<br data-start=\"680\" data-end=\"683\" \/><strong data-start=\"683\" data-end=\"696\">Ergonomi:<\/strong> Operat\u00f6r konforu<br data-start=\"713\" data-end=\"716\" \/><strong data-start=\"716\" data-end=\"727\">Montaj:<\/strong> Kolay ve h\u0131zl\u0131 montaj imkan\u0131<\/p>\n<p data-start=\"760\" data-end=\"1207\">\n","protected":false},"featured_media":15319,"template":"","meta":[],"product_brand":[],"product_cat":[236,470,522],"product_tag":[],"class_list":{"0":"post-15317","1":"product","2":"type-product","3":"status-publish","4":"has-post-thumbnail","6":"product_cat-jungheinrich","7":"product_cat-diger-yedek-parcalar","8":"product_cat-yedek-parca-jungheinrich","10":"first","11":"instock","12":"taxable","13":"shipping-taxable","14":"purchasable","15":"product-type-simple"},"_links":{"self":[{"href":"https:\/\/ceoparts.com\/tr\/wp-json\/wp\/v2\/product\/15317","targetHints":{"allow":["GET"]}}],"collection":[{"href":"https:\/\/ceoparts.com\/tr\/wp-json\/wp\/v2\/product"}],"about":[{"href":"https:\/\/ceoparts.com\/tr\/wp-json\/wp\/v2\/types\/product"}],"wp:featuredmedia":[{"embeddable":true,"href":"https:\/\/ceoparts.com\/tr\/wp-json\/wp\/v2\/media\/15319"}],"wp:attachment":[{"href":"https:\/\/ceoparts.com\/tr\/wp-json\/wp\/v2\/media?parent=15317"}],"wp:term":[{"taxonomy":"product_brand","embeddable":true,"href":"https:\/\/ceoparts.com\/tr\/wp-json\/wp\/v2\/product_brand?post=15317"},{"taxonomy":"product_cat","embeddable":true,"href":"https:\/\/ceoparts.com\/tr\/wp-json\/wp\/v2\/product_cat?post=15317"},{"taxonomy":"product_tag","embeddable":true,"href":"https:\/\/ceoparts.com\/tr\/wp-json\/wp\/v2\/product_tag?post=15317"}],"curies":[{"name":"wp","href":"https:\/\/api.w.org\/{rel}","templated":true}]}}