{"id":15329,"date":"2025-02-20T15:58:05","date_gmt":"2025-02-20T12:58:05","guid":{"rendered":"https:\/\/ceoparts.com\/?post_type=product&#038;p=15329"},"modified":"2026-05-16T17:42:53","modified_gmt":"2026-05-16T14:42:53","slug":"norma-icten-sogutmali-alternator-12v-40amper-12-5-kayis-nrt03277","status":"publish","type":"product","link":"https:\/\/ceoparts.com\/tr\/urun\/norma-icten-sogutmali-alternator-12v-40amper-12-5-kayis-nrt03277\/","title":{"rendered":"Norma \u0130\u00e7ten So\u011futmal\u0131 Alternat\u00f6r 12V\/ 40Amper (12.5 Kay\u0131\u015f)  &#8211; NRT03277"},"content":{"rendered":"<p>Norma \u0130\u00e7ten So\u011futmal\u0131 Alternat\u00f6r 12V\/ 40Amper (12.5 Kay\u0131\u015f)  &#8211; NRT03277<\/p>","protected":false},"excerpt":{"rendered":"<p data-start=\"71\" data-end=\"554\"><br data-start=\"76\" data-end=\"79\" \/><strong data-start=\"79\" data-end=\"141\">Norma \u0130\u00e7ten So\u011futmal\u0131 Alternat\u00f6r 12V\/40 Amper (12.5 Kay\u0131\u015f)<\/strong>, forklift ve i\u015f makinelerinde elektrik sistemlerinin g\u00fcvenilir \u015fekilde \u00e7al\u0131\u015fmas\u0131n\u0131 sa\u011flayan y\u00fcksek kaliteli bir alternat\u00f6rd\u00fcr. 12V gerilim ve 40 Amper g\u00fc\u00e7 kapasitesiyle, elektrikli bile\u015fenlerin ihtiya\u00e7 duydu\u011fu enerjiyi etkin \u015fekilde kar\u015f\u0131lar. \u0130\u00e7ten so\u011futmal\u0131 tasar\u0131m\u0131 sayesinde a\u015f\u0131r\u0131 \u0131s\u0131nmay\u0131 engeller ve uzun \u00f6m\u00fcrl\u00fc performans sunar. 12.5 mm kay\u0131\u015f geni\u015fli\u011fi ile uyumlu sistemlerde sorunsuz montaj imkan\u0131 sa\u011flar.<\/p>\n<p data-start=\"556\" data-end=\"772\"><strong data-start=\"556\" data-end=\"571\">\u00d6zellikler:<\/strong><br data-start=\"571\" data-end=\"574\" \/><strong data-start=\"574\" data-end=\"586\">Gerilim:<\/strong> 12V<br data-start=\"590\" data-end=\"593\" \/><strong data-start=\"593\" data-end=\"601\">G\u00fc\u00e7:<\/strong> 40 Amper<br data-start=\"610\" data-end=\"613\" \/><strong data-start=\"613\" data-end=\"630\">So\u011futma Tipi:<\/strong> \u0130\u00e7ten so\u011futmal\u0131<br data-start=\"646\" data-end=\"649\" \/><strong data-start=\"649\" data-end=\"669\">Kay\u0131\u015f Geni\u015fli\u011fi:<\/strong> 12.5 mm<br data-start=\"677\" data-end=\"680\" \/><strong data-start=\"680\" data-end=\"693\">Uygulama:<\/strong> Forklift ve i\u015f makineleri<br data-start=\"719\" data-end=\"722\" \/><strong data-start=\"722\" data-end=\"739\">Dayan\u0131kl\u0131l\u0131k:<\/strong> Uzun \u00f6m\u00fcrl\u00fc, y\u00fcksek performans<\/p>\n<p data-start=\"774\" data-end=\"1248\">\n","protected":false},"featured_media":15331,"template":"","meta":[],"product_brand":[],"product_cat":[470],"product_tag":[],"class_list":{"0":"post-15329","1":"product","2":"type-product","3":"status-publish","4":"has-post-thumbnail","6":"product_cat-diger-yedek-parcalar","8":"first","9":"instock","10":"taxable","11":"shipping-taxable","12":"purchasable","13":"product-type-simple"},"_links":{"self":[{"href":"https:\/\/ceoparts.com\/tr\/wp-json\/wp\/v2\/product\/15329","targetHints":{"allow":["GET"]}}],"collection":[{"href":"https:\/\/ceoparts.com\/tr\/wp-json\/wp\/v2\/product"}],"about":[{"href":"https:\/\/ceoparts.com\/tr\/wp-json\/wp\/v2\/types\/product"}],"wp:featuredmedia":[{"embeddable":true,"href":"https:\/\/ceoparts.com\/tr\/wp-json\/wp\/v2\/media\/15331"}],"wp:attachment":[{"href":"https:\/\/ceoparts.com\/tr\/wp-json\/wp\/v2\/media?parent=15329"}],"wp:term":[{"taxonomy":"product_brand","embeddable":true,"href":"https:\/\/ceoparts.com\/tr\/wp-json\/wp\/v2\/product_brand?post=15329"},{"taxonomy":"product_cat","embeddable":true,"href":"https:\/\/ceoparts.com\/tr\/wp-json\/wp\/v2\/product_cat?post=15329"},{"taxonomy":"product_tag","embeddable":true,"href":"https:\/\/ceoparts.com\/tr\/wp-json\/wp\/v2\/product_tag?post=15329"}],"curies":[{"name":"wp","href":"https:\/\/api.w.org\/{rel}","templated":true}]}}