{"id":15341,"date":"2025-02-20T16:09:51","date_gmt":"2025-02-20T13:09:51","guid":{"rendered":"https:\/\/ceoparts.com\/?post_type=product&#038;p=15341"},"modified":"2026-05-16T16:20:18","modified_gmt":"2026-05-16T13:20:18","slug":"jungheinrich-microswitch-50053117","status":"publish","type":"product","link":"https:\/\/ceoparts.com\/tr\/urun\/jungheinrich-microswitch-50053117\/","title":{"rendered":"Jungheinrich Microswitch &#8211; 50053117"},"content":{"rendered":"<p>Jungheinrich Microswitch &#8211; 50053117<\/p>","protected":false},"excerpt":{"rendered":"<p data-start=\"41\" data-end=\"427\"><br data-start=\"46\" data-end=\"49\" \/><strong data-start=\"49\" data-end=\"77\">Jungheinrich Microswitch<\/strong>, forkliftlerin <strong data-start=\"93\" data-end=\"127\">elektrik kontrol sistemlerinde<\/strong> kullan\u0131lan, y\u00fcksek hassasiyete sahip ve g\u00fcvenilir bir anahtard\u0131r. Operat\u00f6r\u00fcn komutlar\u0131n\u0131 h\u0131zl\u0131 \u015fekilde alg\u0131layarak <strong data-start=\"243\" data-end=\"285\">kontrol devrelerinin do\u011fru \u00e7al\u0131\u015fmas\u0131n\u0131<\/strong> sa\u011flar. <strong data-start=\"294\" data-end=\"328\">Dayan\u0131kl\u0131 malzemeden \u00fcretilmi\u015f<\/strong> bu microswitch, uzun \u00f6m\u00fcrl\u00fc performans sunar ve Jungheinrich forklift modelleri ile tam uyumludur.<\/p>\n<p data-start=\"429\" data-end=\"701\"><strong data-start=\"429\" data-end=\"444\">\u00d6zellikler:<\/strong><br data-start=\"444\" data-end=\"447\" \/><strong data-start=\"447\" data-end=\"460\">Uygulama:<\/strong> Forklift elektrik kontrol sistemleri<br data-start=\"497\" data-end=\"500\" \/><strong data-start=\"500\" data-end=\"512\">Malzeme:<\/strong> Y\u00fcksek kaliteli elektronik komponent<br data-start=\"549\" data-end=\"552\" \/><strong data-start=\"552\" data-end=\"566\">Fonksiyon:<\/strong> Hassas anahtarlama ve sinyal iletimi<br data-start=\"603\" data-end=\"606\" \/><strong data-start=\"606\" data-end=\"620\">Uyumluluk:<\/strong> Jungheinrich forklift modelleri<br data-start=\"652\" data-end=\"655\" \/><strong data-start=\"655\" data-end=\"672\">Dayan\u0131kl\u0131l\u0131k:<\/strong> Uzun \u00f6m\u00fcrl\u00fc ve sa\u011flam yap\u0131<\/p>\n<p data-start=\"703\" data-end=\"1078\">\n","protected":false},"featured_media":15344,"template":"","meta":[],"product_brand":[],"product_cat":[236,469,522],"product_tag":[],"class_list":{"0":"post-15341","1":"product","2":"type-product","3":"status-publish","4":"has-post-thumbnail","6":"product_cat-jungheinrich","7":"product_cat-elektrik-ve-sistem-parcalari","8":"product_cat-yedek-parca-jungheinrich","10":"first","11":"instock","12":"taxable","13":"shipping-taxable","14":"purchasable","15":"product-type-simple"},"_links":{"self":[{"href":"https:\/\/ceoparts.com\/tr\/wp-json\/wp\/v2\/product\/15341","targetHints":{"allow":["GET"]}}],"collection":[{"href":"https:\/\/ceoparts.com\/tr\/wp-json\/wp\/v2\/product"}],"about":[{"href":"https:\/\/ceoparts.com\/tr\/wp-json\/wp\/v2\/types\/product"}],"wp:featuredmedia":[{"embeddable":true,"href":"https:\/\/ceoparts.com\/tr\/wp-json\/wp\/v2\/media\/15344"}],"wp:attachment":[{"href":"https:\/\/ceoparts.com\/tr\/wp-json\/wp\/v2\/media?parent=15341"}],"wp:term":[{"taxonomy":"product_brand","embeddable":true,"href":"https:\/\/ceoparts.com\/tr\/wp-json\/wp\/v2\/product_brand?post=15341"},{"taxonomy":"product_cat","embeddable":true,"href":"https:\/\/ceoparts.com\/tr\/wp-json\/wp\/v2\/product_cat?post=15341"},{"taxonomy":"product_tag","embeddable":true,"href":"https:\/\/ceoparts.com\/tr\/wp-json\/wp\/v2\/product_tag?post=15341"}],"curies":[{"name":"wp","href":"https:\/\/api.w.org\/{rel}","templated":true}]}}