{"id":15346,"date":"2025-02-20T17:14:14","date_gmt":"2025-02-20T14:14:14","guid":{"rendered":"https:\/\/ceoparts.com\/?post_type=product&#038;p=15346"},"modified":"2026-05-16T22:12:03","modified_gmt":"2026-05-16T19:12:03","slug":"hyster-yale-hiz-sensoru-5800450591541231","status":"publish","type":"product","link":"https:\/\/ceoparts.com\/tr\/urun\/hyster-yale-hiz-sensoru-5800450591541231\/","title":{"rendered":"Hyster \/ Yale H\u0131z Sens\u00f6r\u00fc &#8211; 580045059,1541231"},"content":{"rendered":"<p>Hyster \/ Yale H\u0131z Sens\u00f6r\u00fc &#8211; 580045059,1541231<\/p>","protected":false},"excerpt":{"rendered":"<p data-start=\"200\" data-end=\"627\"><br data-start=\"205\" data-end=\"208\" \/>Hyster \/ Yale H\u0131z Sens\u00f6r\u00fc**, ara\u00e7 h\u0131z\u0131n\u0131 <strong data-start=\"249\" data-end=\"287\">do\u011fru ve g\u00fcvenilir \u015fekilde \u00f6l\u00e7erek<\/strong> forkliftin kontrol sistemine iletilmesi i\u00e7in kritik bir elektronik bile\u015fendir. Bu sens\u00f6r sayesinde <strong data-start=\"387\" data-end=\"404\">g\u00fcvenli s\u00fcr\u00fc\u015f<\/strong>, <strong data-start=\"406\" data-end=\"428\">performans analizi<\/strong> ve <strong data-start=\"432\" data-end=\"457\">otomatik h\u0131z kontrol\u00fc<\/strong> sa\u011flan\u0131r. <strong data-start=\"468\" data-end=\"501\">Dayan\u0131kl\u0131 ve kaliteli malzeme<\/strong> kullan\u0131m\u0131, zorlu \u00e7al\u0131\u015fma ko\u015fullar\u0131nda bile uzun \u00f6m\u00fcrl\u00fc performans sunar. Hyster ve Yale forklift modelleri ile tam uyumludur.<\/p>\n<p data-start=\"629\" data-end=\"894\"><strong data-start=\"629\" data-end=\"644\">\u00d6zellikler:<\/strong><br data-start=\"644\" data-end=\"647\" \/><strong data-start=\"647\" data-end=\"660\">Uygulama:<\/strong> Forklift h\u0131z \u00f6l\u00e7\u00fcm sistemleri<br data-start=\"690\" data-end=\"693\" \/><strong data-start=\"693\" data-end=\"705\">Malzeme:<\/strong> Y\u00fcksek kaliteli elektronik komponent<br data-start=\"742\" data-end=\"745\" \/><strong data-start=\"745\" data-end=\"759\">Uyumluluk:<\/strong> Hyster ve Yale markal\u0131 forkliftler<br data-start=\"794\" data-end=\"797\" \/><strong data-start=\"797\" data-end=\"811\">Fonksiyon:<\/strong> H\u0131z \u00f6l\u00e7\u00fcm\u00fc ve veri iletimi<br data-start=\"838\" data-end=\"841\" \/><strong data-start=\"841\" data-end=\"858\">Dayan\u0131kl\u0131l\u0131k:<\/strong> Uzun \u00f6m\u00fcrl\u00fc ve kararl\u0131 performans<\/p>\n<p data-start=\"896\" data-end=\"1342\">\n","protected":false},"featured_media":15348,"template":"","meta":[],"product_brand":[],"product_cat":[256,469,520],"product_tag":[],"class_list":{"0":"post-15346","1":"product","2":"type-product","3":"status-publish","4":"has-post-thumbnail","6":"product_cat-hyster","7":"product_cat-elektrik-ve-sistem-parcalari","8":"product_cat-yedek-parca-hyster","10":"first","11":"instock","12":"taxable","13":"shipping-taxable","14":"purchasable","15":"product-type-simple"},"_links":{"self":[{"href":"https:\/\/ceoparts.com\/tr\/wp-json\/wp\/v2\/product\/15346","targetHints":{"allow":["GET"]}}],"collection":[{"href":"https:\/\/ceoparts.com\/tr\/wp-json\/wp\/v2\/product"}],"about":[{"href":"https:\/\/ceoparts.com\/tr\/wp-json\/wp\/v2\/types\/product"}],"wp:featuredmedia":[{"embeddable":true,"href":"https:\/\/ceoparts.com\/tr\/wp-json\/wp\/v2\/media\/15348"}],"wp:attachment":[{"href":"https:\/\/ceoparts.com\/tr\/wp-json\/wp\/v2\/media?parent=15346"}],"wp:term":[{"taxonomy":"product_brand","embeddable":true,"href":"https:\/\/ceoparts.com\/tr\/wp-json\/wp\/v2\/product_brand?post=15346"},{"taxonomy":"product_cat","embeddable":true,"href":"https:\/\/ceoparts.com\/tr\/wp-json\/wp\/v2\/product_cat?post=15346"},{"taxonomy":"product_tag","embeddable":true,"href":"https:\/\/ceoparts.com\/tr\/wp-json\/wp\/v2\/product_tag?post=15346"}],"curies":[{"name":"wp","href":"https:\/\/api.w.org\/{rel}","templated":true}]}}