{"id":15364,"date":"2025-02-21T09:18:14","date_gmt":"2025-02-21T06:18:14","guid":{"rendered":"https:\/\/ceoparts.com\/?post_type=product&#038;p=15364"},"modified":"2026-05-16T19:25:04","modified_gmt":"2026-05-16T16:25:04","slug":"jungheinrich-rt-asansor-takozu-51006280","status":"publish","type":"product","link":"https:\/\/ceoparts.com\/tr\/urun\/jungheinrich-rt-asansor-takozu-51006280\/","title":{"rendered":"Jungheinrich RT Asans\u00f6r Takozu &#8211; 51006280"},"content":{"rendered":"<p>Jungheinrich RT Asans\u00f6r Takozu &#8211; 51006280<\/p>\n<table border=\"0\" width=\"261\" cellspacing=\"0\" cellpadding=\"0\">\n<colgroup>\n<col width=\"169\" \/>\n<col width=\"92\" \/><\/colgroup>\n<tbody>\n<tr>\n<td width=\"169\" height=\"20\"><span style=\"font-family: Calibri;\">ETV C 16<\/span><\/td>\n<td width=\"92\"><span style=\"font-family: Calibri;\">7.99 &#8211; 5.08<\/span><\/td>\n<\/tr>\n<tr>\n<td height=\"20\"><span style=\"font-family: Calibri;\">ETM\/V 320\/325<\/span><\/td>\n<td><span style=\"font-family: Calibri;\">4.00 &#8211; 11.04<\/span><\/td>\n<\/tr>\n<tr>\n<td height=\"20\"><span style=\"font-family: Calibri;\">ETVQ 20\/25<\/span><\/td>\n<td><span style=\"font-family: Calibri;\">10.02 &#8211; 8.10<\/span><\/td>\n<\/tr>\n<tr>\n<td height=\"20\"><span style=\"font-family: Calibri;\">ETM\/V 214\/216<\/span><\/td>\n<td><span style=\"font-family: Calibri;\">12.03 &#8211; 10.12<\/span><\/td>\n<\/tr>\n<tr>\n<td height=\"20\"><span style=\"font-family: Calibri;\">ETM\/V 320\/325<\/span><\/td>\n<td><span style=\"font-family: Calibri;\">12.04 &#8211; 2.14<\/span><\/td>\n<\/tr>\n<tr>\n<td height=\"20\"><span style=\"font-family: Calibri;\">ETV C 20<\/span><\/td>\n<td><span style=\"font-family: Calibri;\">6.05 &#8211; 6.08<\/span><\/td>\n<\/tr>\n<tr>\n<td height=\"20\"><span style=\"font-family: Calibri;\">Sonderbau<\/span><\/td>\n<td><span style=\"font-family: Calibri;\">12.04 &#8211;\u00a0<\/span><\/td>\n<\/tr>\n<tr>\n<td height=\"20\"><span style=\"font-family: Calibri;\">ETV 114\/116<\/span><\/td>\n<td><span style=\"font-family: Calibri;\">11.05 &#8211; 12.11<\/span><\/td>\n<\/tr>\n<tr>\n<td height=\"20\"><span style=\"font-family: Calibri;\">ETV C 16<\/span><\/td>\n<td><span style=\"font-family: Calibri;\">6.08 &#8211; 5.15<\/span><\/td>\n<\/tr>\n<tr>\n<td height=\"20\"><span style=\"font-family: Calibri;\">ETV C 20<\/span><\/td>\n<td><span style=\"font-family: Calibri;\">6.08 &#8211; 4.15<\/span><\/td>\n<\/tr>\n<tr>\n<td height=\"20\"><span style=\"font-family: Calibri;\">ETVQ 20\/25<\/span><\/td>\n<td><span style=\"font-family: Calibri;\">9.10 &#8211;\u00a0<\/span><\/td>\n<\/tr>\n<tr>\n<td height=\"20\"><span style=\"font-family: Calibri;\">ETM\/V 214\/216 (US)<\/span><\/td>\n<td><span style=\"font-family: Calibri;\">1.11 &#8211; 10.12<\/span><\/td>\n<\/tr>\n<tr>\n<td height=\"20\"><span style=\"font-family: Calibri;\">ETV 114\/116 (US)<\/span><\/td>\n<td><span style=\"font-family: Calibri;\">1.11 &#8211; 10.11<\/span><\/td>\n<\/tr>\n<tr>\n<td height=\"20\"><span style=\"font-family: Calibri;\">ETV C 16 (US)<\/span><\/td>\n<td><span style=\"font-family: Calibri;\">1.11 &#8211; 5.15<\/span><\/td>\n<\/tr>\n<tr>\n<td height=\"20\"><span style=\"font-family: Calibri;\">ETV C 20 (US)<\/span><\/td>\n<td><span style=\"font-family: Calibri;\">1.11 &#8211; 4.15<\/span><\/td>\n<\/tr>\n<tr>\n<td height=\"20\"><span style=\"font-family: Calibri;\">ETM\/V 320\/325 (US)<\/span><\/td>\n<td><span style=\"font-family: Calibri;\">1.11 &#8211; 2.14<\/span><\/td>\n<\/tr>\n<tr>\n<td height=\"20\"><span style=\"font-family: Calibri;\">ETVQ 20\/25 (US)<\/span><\/td>\n<td><span style=\"font-family: Calibri;\">1.11 &#8211;\u00a0<\/span><\/td>\n<\/tr>\n<tr>\n<td height=\"20\"><span style=\"font-family: Calibri;\">ETV C 16 (CN)<\/span><\/td>\n<td><span style=\"font-family: Calibri;\">12.11 &#8211; 5.15<\/span><\/td>\n<\/tr>\n<tr>\n<td height=\"20\"><span style=\"font-family: Calibri;\">ETV 114\/116 (CN)<\/span><\/td>\n<td><span style=\"font-family: Calibri;\">11.11 &#8211; 1.12<\/span><\/td>\n<\/tr>\n<tr>\n<td height=\"20\"><span style=\"font-family: Calibri;\">ETM\/V 214\/216 (CN)<\/span><\/td>\n<td><span style=\"font-family: Calibri;\">12.11 &#8211; 10.12<\/span><\/td>\n<\/tr>\n<tr>\n<td height=\"20\"><span style=\"font-family: Calibri;\">ETV C 20 (CN)<\/span><\/td>\n<td><span style=\"font-family: Calibri;\">12.11 &#8211; 4.15<\/span><\/td>\n<\/tr>\n<tr>\n<td height=\"20\"><span style=\"font-family: Calibri;\">ETM\/V 320\/325 (CN)<\/span><\/td>\n<td><span style=\"font-family: Calibri;\">12.11 &#8211; 2.14<\/span><\/td>\n<\/tr>\n<tr>\n<td height=\"20\"><span style=\"font-family: Calibri;\">ETVQ 20\/25 (CN)<\/span><\/td>\n<td><span style=\"font-family: Calibri;\">12.11 &#8211;\u00a0<\/span><\/td>\n<\/tr>\n<tr>\n<td height=\"20\"><span style=\"font-family: Calibri;\">Schubmaststapler<\/span><\/td>\n<td><span style=\"font-family: Calibri;\">7.13 &#8211;\u00a0<\/span><\/td>\n<\/tr>\n<\/tbody>\n<\/table>","protected":false},"excerpt":{"rendered":"<p data-start=\"189\" data-end=\"598\"><br data-start=\"194\" data-end=\"197\" \/>Jungheinrich RT Asans\u00f6r Takozu, forklift asans\u00f6r sistemlerinde <strong data-start=\"260\" data-end=\"285\">titre\u015fimleri azaltmak<\/strong> ve <strong data-start=\"289\" data-end=\"314\">\u015fasi yap\u0131s\u0131n\u0131 korumak<\/strong> amac\u0131yla kullan\u0131lan \u00f6nemli bir par\u00e7ad\u0131r. <strong data-start=\"356\" data-end=\"393\">Y\u00fcksek kaliteli kau\u00e7uk malzemeden<\/strong> \u00fcretilmi\u015f olup, a\u011f\u0131r i\u015f ko\u015fullar\u0131nda \u00fcst\u00fcn performans ve uzun \u00f6m\u00fcr sa\u011flar. <strong data-start=\"469\" data-end=\"487\">Sessiz \u00e7al\u0131\u015fma<\/strong>, <strong data-start=\"489\" data-end=\"509\">operat\u00f6r konforu<\/strong> ve kolay montaj avantajlar\u0131yla dikkat \u00e7eker. Jungheinrich RT modelleriyle tam uyumludur.<\/p>\n<p data-start=\"600\" data-end=\"828\"><strong data-start=\"600\" data-end=\"615\">\u00d6zellikler:<\/strong><br data-start=\"615\" data-end=\"618\" \/><strong data-start=\"618\" data-end=\"637\">Kullan\u0131m Alan\u0131:<\/strong> Forklift asans\u00f6r sistemleri<br data-start=\"665\" data-end=\"668\" \/><strong data-start=\"668\" data-end=\"680\">Malzeme:<\/strong> Y\u00fcksek kaliteli kau\u00e7uk<br data-start=\"703\" data-end=\"706\" \/><strong data-start=\"706\" data-end=\"720\">Uyumluluk:<\/strong> Jungheinrich RT modelleri<br data-start=\"746\" data-end=\"749\" \/><strong data-start=\"749\" data-end=\"763\">Fonksiyon:<\/strong> Titre\u015fim azaltma ve darbe emme<br data-start=\"794\" data-end=\"797\" \/><strong data-start=\"797\" data-end=\"814\">Dayan\u0131kl\u0131l\u0131k:<\/strong> Uzun \u00f6m\u00fcrl\u00fc<\/p>\n<p data-start=\"830\" data-end=\"1230\">\n","protected":false},"featured_media":15366,"template":"","meta":[],"product_brand":[],"product_cat":[236,470,522],"product_tag":[],"class_list":{"0":"post-15364","1":"product","2":"type-product","3":"status-publish","4":"has-post-thumbnail","6":"product_cat-jungheinrich","7":"product_cat-diger-yedek-parcalar","8":"product_cat-yedek-parca-jungheinrich","10":"first","11":"instock","12":"taxable","13":"shipping-taxable","14":"purchasable","15":"product-type-simple"},"_links":{"self":[{"href":"https:\/\/ceoparts.com\/tr\/wp-json\/wp\/v2\/product\/15364","targetHints":{"allow":["GET"]}}],"collection":[{"href":"https:\/\/ceoparts.com\/tr\/wp-json\/wp\/v2\/product"}],"about":[{"href":"https:\/\/ceoparts.com\/tr\/wp-json\/wp\/v2\/types\/product"}],"wp:featuredmedia":[{"embeddable":true,"href":"https:\/\/ceoparts.com\/tr\/wp-json\/wp\/v2\/media\/15366"}],"wp:attachment":[{"href":"https:\/\/ceoparts.com\/tr\/wp-json\/wp\/v2\/media?parent=15364"}],"wp:term":[{"taxonomy":"product_brand","embeddable":true,"href":"https:\/\/ceoparts.com\/tr\/wp-json\/wp\/v2\/product_brand?post=15364"},{"taxonomy":"product_cat","embeddable":true,"href":"https:\/\/ceoparts.com\/tr\/wp-json\/wp\/v2\/product_cat?post=15364"},{"taxonomy":"product_tag","embeddable":true,"href":"https:\/\/ceoparts.com\/tr\/wp-json\/wp\/v2\/product_tag?post=15364"}],"curies":[{"name":"wp","href":"https:\/\/api.w.org\/{rel}","templated":true}]}}