{"id":15370,"date":"2025-02-21T09:31:34","date_gmt":"2025-02-21T06:31:34","guid":{"rendered":"https:\/\/ceoparts.com\/?post_type=product&#038;p=15370"},"modified":"2026-05-16T17:34:53","modified_gmt":"2026-05-16T14:34:53","slug":"bt-canbox-kablosu-7570337","status":"publish","type":"product","link":"https:\/\/ceoparts.com\/tr\/urun\/bt-canbox-kablosu-7570337\/","title":{"rendered":"BT Canbox Kablosu &#8211; 7570337"},"content":{"rendered":"<p>BT Canbox Kablosu &#8211; 7570337<\/p>","protected":false},"excerpt":{"rendered":"<p data-start=\"170\" data-end=\"598\"><br data-start=\"175\" data-end=\"178\" \/><strong data-start=\"178\" data-end=\"199\">BT Canbox Kablosu<\/strong>, forkliftlerin <strong data-start=\"215\" data-end=\"248\">elektronik kontrol sistemleri<\/strong> ile ileti\u015fim kurmas\u0131n\u0131 sa\u011flayan y\u00fcksek kaliteli bir kablodur. <strong data-start=\"311\" data-end=\"331\">Dayan\u0131kl\u0131 yap\u0131s\u0131<\/strong> sayesinde zorlu \u00e7al\u0131\u015fma ortamlar\u0131na uygundur ve uzun \u00f6m\u00fcrl\u00fc kullan\u0131m sunar. <strong data-start=\"408\" data-end=\"431\">H\u0131zl\u0131 veri aktar\u0131m\u0131<\/strong> ve <strong data-start=\"435\" data-end=\"458\">kesintisiz ba\u011flant\u0131<\/strong> performans\u0131 ile servis i\u015flemlerinde g\u00fcvenilir bir yard\u0131mc\u0131d\u0131r. BT forklift modelleri ile tam uyumludur ve kolay montaj \u00f6zelli\u011fine sahiptir.<\/p>\n<p data-start=\"600\" data-end=\"791\"><strong data-start=\"600\" data-end=\"615\">\u00d6zellikler:<\/strong><br data-start=\"615\" data-end=\"618\" \/><strong data-start=\"618\" data-end=\"633\">Kablo Tipi:<\/strong> Canbox ileti\u015fim kablosu<br data-start=\"657\" data-end=\"660\" \/><strong data-start=\"660\" data-end=\"679\">Kullan\u0131m Alan\u0131:<\/strong> Forklift elektronik sistemleri<br data-start=\"710\" data-end=\"713\" \/><strong data-start=\"713\" data-end=\"727\">Uyumluluk:<\/strong> BT forklift modelleri<br data-start=\"749\" data-end=\"752\" \/><strong data-start=\"752\" data-end=\"769\">Dayan\u0131kl\u0131l\u0131k:<\/strong> Y\u00fcksek, uzun \u00f6m\u00fcrl\u00fc<\/p>\n<p data-start=\"793\" data-end=\"1222\">\n","protected":false},"featured_media":15372,"template":"","meta":[],"product_brand":[],"product_cat":[251,469,518],"product_tag":[],"class_list":{"0":"post-15370","1":"product","2":"type-product","3":"status-publish","4":"has-post-thumbnail","6":"product_cat-bt","7":"product_cat-elektrik-ve-sistem-parcalari","8":"product_cat-yedek-parca-bt","10":"first","11":"instock","12":"taxable","13":"shipping-taxable","14":"purchasable","15":"product-type-simple"},"_links":{"self":[{"href":"https:\/\/ceoparts.com\/tr\/wp-json\/wp\/v2\/product\/15370","targetHints":{"allow":["GET"]}}],"collection":[{"href":"https:\/\/ceoparts.com\/tr\/wp-json\/wp\/v2\/product"}],"about":[{"href":"https:\/\/ceoparts.com\/tr\/wp-json\/wp\/v2\/types\/product"}],"wp:featuredmedia":[{"embeddable":true,"href":"https:\/\/ceoparts.com\/tr\/wp-json\/wp\/v2\/media\/15372"}],"wp:attachment":[{"href":"https:\/\/ceoparts.com\/tr\/wp-json\/wp\/v2\/media?parent=15370"}],"wp:term":[{"taxonomy":"product_brand","embeddable":true,"href":"https:\/\/ceoparts.com\/tr\/wp-json\/wp\/v2\/product_brand?post=15370"},{"taxonomy":"product_cat","embeddable":true,"href":"https:\/\/ceoparts.com\/tr\/wp-json\/wp\/v2\/product_cat?post=15370"},{"taxonomy":"product_tag","embeddable":true,"href":"https:\/\/ceoparts.com\/tr\/wp-json\/wp\/v2\/product_tag?post=15370"}],"curies":[{"name":"wp","href":"https:\/\/api.w.org\/{rel}","templated":true}]}}