{"id":15374,"date":"2025-02-21T10:08:25","date_gmt":"2025-02-21T07:08:25","guid":{"rendered":"https:\/\/ceoparts.com\/?post_type=product&#038;p=15374"},"modified":"2026-05-16T17:05:24","modified_gmt":"2026-05-16T14:05:24","slug":"lindehystertoyota-topuz-4965196","status":"publish","type":"product","link":"https:\/\/ceoparts.com\/tr\/urun\/lindehystertoyota-topuz-4965196\/","title":{"rendered":"Linde,Hyster,Toyota Topuz &#8211; 4965196"},"content":{"rendered":"<p>Linde,Hyster,Toyota Topuz &#8211; 4965196<\/p>","protected":false},"excerpt":{"rendered":"<p data-start=\"125\" data-end=\"488\"><br data-start=\"130\" data-end=\"133\" \/><strong data-start=\"133\" data-end=\"164\">Linde, Hyster, Toyota Topuz<\/strong>, forkliftlerin kontrol kollar\u0131nda kullan\u0131lan kaliteli bir yedek par\u00e7ad\u0131r. <strong data-start=\"239\" data-end=\"261\">Ergonomik tasar\u0131m\u0131<\/strong> sayesinde operat\u00f6r\u00fcn el ergonomisine uyum sa\u011flar ve kullan\u0131m konforunu art\u0131r\u0131r. <strong data-start=\"342\" data-end=\"370\">A\u015f\u0131nmaya kar\u015f\u0131 dayan\u0131kl\u0131<\/strong> malzemeden \u00fcretilmi\u015f olup, uzun s\u00fcreli kullan\u0131m imkan\u0131 sunar. Montaj\u0131 kolayd\u0131r ve bir\u00e7ok forklift modeline uyumludur.<\/p>\n<p data-start=\"490\" data-end=\"710\"><strong data-start=\"490\" data-end=\"505\">\u00d6zellikler:<\/strong><br data-start=\"505\" data-end=\"508\" \/><strong data-start=\"508\" data-end=\"520\">Malzeme:<\/strong> Dayan\u0131kl\u0131 plastik ve metal<br data-start=\"547\" data-end=\"550\" \/><strong data-start=\"550\" data-end=\"569\">Kullan\u0131m Alan\u0131:<\/strong> Forklift kontrol kolu<br data-start=\"591\" data-end=\"594\" \/><strong data-start=\"594\" data-end=\"608\">Uyumluluk:<\/strong> Linde, Hyster ve Toyota forklift modelleri<br data-start=\"651\" data-end=\"654\" \/><strong data-start=\"654\" data-end=\"671\">Dayan\u0131kl\u0131l\u0131k:<\/strong> A\u015f\u0131nmaya kar\u015f\u0131 diren\u00e7li, uzun \u00f6m\u00fcrl\u00fc<\/p>\n<p data-start=\"712\" data-end=\"1031\">\n","protected":false},"featured_media":15376,"template":"","meta":[],"product_brand":[],"product_cat":[246,256,470,520,521,523,530],"product_tag":[],"class_list":{"0":"post-15374","1":"product","2":"type-product","3":"status-publish","4":"has-post-thumbnail","6":"product_cat-linde","7":"product_cat-hyster","8":"product_cat-diger-yedek-parcalar","9":"product_cat-yedek-parca-hyster","10":"product_cat-toyota","11":"product_cat-yedek-parca-linde","12":"product_cat-yedek-parca-toyota","14":"first","15":"instock","16":"taxable","17":"shipping-taxable","18":"purchasable","19":"product-type-simple"},"_links":{"self":[{"href":"https:\/\/ceoparts.com\/tr\/wp-json\/wp\/v2\/product\/15374","targetHints":{"allow":["GET"]}}],"collection":[{"href":"https:\/\/ceoparts.com\/tr\/wp-json\/wp\/v2\/product"}],"about":[{"href":"https:\/\/ceoparts.com\/tr\/wp-json\/wp\/v2\/types\/product"}],"wp:featuredmedia":[{"embeddable":true,"href":"https:\/\/ceoparts.com\/tr\/wp-json\/wp\/v2\/media\/15376"}],"wp:attachment":[{"href":"https:\/\/ceoparts.com\/tr\/wp-json\/wp\/v2\/media?parent=15374"}],"wp:term":[{"taxonomy":"product_brand","embeddable":true,"href":"https:\/\/ceoparts.com\/tr\/wp-json\/wp\/v2\/product_brand?post=15374"},{"taxonomy":"product_cat","embeddable":true,"href":"https:\/\/ceoparts.com\/tr\/wp-json\/wp\/v2\/product_cat?post=15374"},{"taxonomy":"product_tag","embeddable":true,"href":"https:\/\/ceoparts.com\/tr\/wp-json\/wp\/v2\/product_tag?post=15374"}],"curies":[{"name":"wp","href":"https:\/\/api.w.org\/{rel}","templated":true}]}}