{"id":15378,"date":"2025-02-21T10:13:49","date_gmt":"2025-02-21T07:13:49","guid":{"rendered":"https:\/\/ceoparts.com\/?post_type=product&#038;p=15378"},"modified":"2026-05-16T14:01:30","modified_gmt":"2026-05-16T11:01:30","slug":"linde-karin-butonu-ic-plastigi-3005430307","status":"publish","type":"product","link":"https:\/\/ceoparts.com\/tr\/urun\/linde-karin-butonu-ic-plastigi-3005430307\/","title":{"rendered":"Linde Kar\u0131n Butonu \u0130\u00e7 Plasti\u011fi &#8211; 3005430307"},"content":{"rendered":"<p>Linde Kar\u0131n Butonu \u0130\u00e7 Plasti\u011fi &#8211; 3005430307<\/p>","protected":false},"excerpt":{"rendered":"<p data-start=\"253\" data-end=\"500\"><strong data-start=\"259\" data-end=\"293\">Linde Kar\u0131n Butonu \u0130\u00e7 Plasti\u011fi<\/strong>, forkliftlerde kar\u0131n butonu b\u00f6l\u00fcm\u00fcn\u00fcn i\u00e7 mekanizmas\u0131nda kullan\u0131l\u0131r. Dayan\u0131kl\u0131 plastik malzemeden \u00fcretilmi\u015f olup, uzun \u00f6m\u00fcrl\u00fc ve y\u00fcksek diren\u00e7lidir. Kolay montaj \u00f6zelli\u011fi sayesinde bak\u0131m s\u00fcrelerini k\u0131salt\u0131r.<\/p>\n<p data-start=\"502\" data-end=\"659\"><strong data-start=\"502\" data-end=\"517\">\u00d6zellikler:<\/strong><br \/>\n<strong data-start=\"518\" data-end=\"530\">Malzeme:<\/strong> Dayan\u0131kl\u0131 plastik<br data-start=\"548\" data-end=\"551\" \/><strong data-start=\"551\" data-end=\"570\">Kullan\u0131m Alan\u0131:<\/strong> Forklift kar\u0131n butonu i\u00e7 mekanizmas\u0131<br data-start=\"607\" data-end=\"610\" \/><strong data-start=\"610\" data-end=\"627\">Dayan\u0131kl\u0131l\u0131k:<\/strong> Y\u00fcksek mukavemet ve uzun \u00f6m\u00fcr<\/p>\n<p data-start=\"661\" data-end=\"927\">\n","protected":false},"featured_media":15379,"template":"","meta":[],"product_brand":[],"product_cat":[246,470,523],"product_tag":[],"class_list":{"0":"post-15378","1":"product","2":"type-product","3":"status-publish","4":"has-post-thumbnail","6":"product_cat-linde","7":"product_cat-diger-yedek-parcalar","8":"product_cat-yedek-parca-linde","10":"first","11":"instock","12":"taxable","13":"shipping-taxable","14":"purchasable","15":"product-type-simple"},"_links":{"self":[{"href":"https:\/\/ceoparts.com\/tr\/wp-json\/wp\/v2\/product\/15378","targetHints":{"allow":["GET"]}}],"collection":[{"href":"https:\/\/ceoparts.com\/tr\/wp-json\/wp\/v2\/product"}],"about":[{"href":"https:\/\/ceoparts.com\/tr\/wp-json\/wp\/v2\/types\/product"}],"wp:featuredmedia":[{"embeddable":true,"href":"https:\/\/ceoparts.com\/tr\/wp-json\/wp\/v2\/media\/15379"}],"wp:attachment":[{"href":"https:\/\/ceoparts.com\/tr\/wp-json\/wp\/v2\/media?parent=15378"}],"wp:term":[{"taxonomy":"product_brand","embeddable":true,"href":"https:\/\/ceoparts.com\/tr\/wp-json\/wp\/v2\/product_brand?post=15378"},{"taxonomy":"product_cat","embeddable":true,"href":"https:\/\/ceoparts.com\/tr\/wp-json\/wp\/v2\/product_cat?post=15378"},{"taxonomy":"product_tag","embeddable":true,"href":"https:\/\/ceoparts.com\/tr\/wp-json\/wp\/v2\/product_tag?post=15378"}],"curies":[{"name":"wp","href":"https:\/\/api.w.org\/{rel}","templated":true}]}}