{"id":15388,"date":"2025-02-21T10:27:48","date_gmt":"2025-02-21T07:27:48","guid":{"rendered":"https:\/\/ceoparts.com\/?post_type=product&#038;p=15388"},"modified":"2026-05-16T18:32:42","modified_gmt":"2026-05-16T15:32:42","slug":"still-exu16-egv16-kol-50025470102","status":"publish","type":"product","link":"https:\/\/ceoparts.com\/tr\/urun\/still-exu16-egv16-kol-50025470102\/","title":{"rendered":"Still Exu16 &#8211; Egv16 Kol &#8211; 50025470102"},"content":{"rendered":"<p>Still Exu16 &#8211; Egv16 Kol &#8211; 50025470102<\/p>\n","protected":false},"excerpt":{"rendered":"<p data-start=\"0\" data-end=\"418\"><br data-start=\"5\" data-end=\"8\" \/>Still Exu16 \u2013 Egv16 Kol \u2013 50025470102, forkliftlerde hassas kontrol ve verimli performans sa\u011flamak amac\u0131yla tasarlanm\u0131\u015f y\u00fcksek kaliteli bir ba\u011flant\u0131 koludur. Bu kol, dayan\u0131kl\u0131 malzemeden \u00fcretilmi\u015f olup forkliftin hareket mekanizmalar\u0131yla uyumlu \u00e7al\u0131\u015farak operat\u00f6r\u00fcn g\u00fcvenli ve rahat kullan\u0131m\u0131na katk\u0131 sa\u011flar. Uzun \u00f6m\u00fcrl\u00fc yap\u0131s\u0131 ve sa\u011flaml\u0131\u011f\u0131 sayesinde zorlu \u00e7al\u0131\u015fma ko\u015fullar\u0131nda bile \u00fcst\u00fcn performans g\u00f6sterir.<\/p>\n<p data-start=\"420\" data-end=\"641\"><strong data-start=\"420\" data-end=\"435\">\u00d6zellikler:<\/strong><br data-start=\"435\" data-end=\"438\" \/><strong data-start=\"438\" data-end=\"448\">Model:<\/strong> Exu16 \u2013 Egv16<br data-start=\"462\" data-end=\"465\" \/><strong data-start=\"465\" data-end=\"480\">Par\u00e7a Tipi:<\/strong> Ba\u011flant\u0131 kolu<br data-start=\"494\" data-end=\"497\" \/><strong data-start=\"497\" data-end=\"509\">Malzeme:<\/strong> Dayan\u0131kl\u0131 metal ala\u015f\u0131m<br data-start=\"532\" data-end=\"535\" \/><strong data-start=\"535\" data-end=\"549\">Uyumluluk:<\/strong> Still forklift modelleri ile tam uyumlu<br data-start=\"589\" data-end=\"592\" \/><strong data-start=\"592\" data-end=\"609\">Dayan\u0131kl\u0131l\u0131k:<\/strong> Uzun \u00f6m\u00fcr ve y\u00fcksek mukavemet<\/p>\n<p data-start=\"643\" data-end=\"1064\">\n","protected":false},"featured_media":15390,"template":"","meta":[],"product_brand":[],"product_cat":[241,470,524],"product_tag":[],"class_list":{"0":"post-15388","1":"product","2":"type-product","3":"status-publish","4":"has-post-thumbnail","6":"product_cat-still","7":"product_cat-diger-yedek-parcalar","8":"product_cat-yedek-parca-still","10":"first","11":"instock","12":"taxable","13":"shipping-taxable","14":"purchasable","15":"product-type-simple"},"_links":{"self":[{"href":"https:\/\/ceoparts.com\/tr\/wp-json\/wp\/v2\/product\/15388","targetHints":{"allow":["GET"]}}],"collection":[{"href":"https:\/\/ceoparts.com\/tr\/wp-json\/wp\/v2\/product"}],"about":[{"href":"https:\/\/ceoparts.com\/tr\/wp-json\/wp\/v2\/types\/product"}],"wp:featuredmedia":[{"embeddable":true,"href":"https:\/\/ceoparts.com\/tr\/wp-json\/wp\/v2\/media\/15390"}],"wp:attachment":[{"href":"https:\/\/ceoparts.com\/tr\/wp-json\/wp\/v2\/media?parent=15388"}],"wp:term":[{"taxonomy":"product_brand","embeddable":true,"href":"https:\/\/ceoparts.com\/tr\/wp-json\/wp\/v2\/product_brand?post=15388"},{"taxonomy":"product_cat","embeddable":true,"href":"https:\/\/ceoparts.com\/tr\/wp-json\/wp\/v2\/product_cat?post=15388"},{"taxonomy":"product_tag","embeddable":true,"href":"https:\/\/ceoparts.com\/tr\/wp-json\/wp\/v2\/product_tag?post=15388"}],"curies":[{"name":"wp","href":"https:\/\/api.w.org\/{rel}","templated":true}]}}