{"id":15395,"date":"2025-02-21T10:39:08","date_gmt":"2025-02-21T07:39:08","guid":{"rendered":"https:\/\/ceoparts.com\/?post_type=product&#038;p=15395"},"modified":"2026-05-16T11:46:01","modified_gmt":"2026-05-16T08:46:01","slug":"linde-l-serisi-indirme-kaldir-ic-gobek-3005430308","status":"publish","type":"product","link":"https:\/\/ceoparts.com\/tr\/urun\/linde-l-serisi-indirme-kaldir-ic-gobek-3005430308\/","title":{"rendered":"Linde L Serisi \u0130ndirme Kald\u0131r \u0130\u00e7 G\u00f6bek &#8211; 3005430308"},"content":{"rendered":"<p>Linde L Serisi \u0130ndirme Kald\u0131r \u0130\u00e7 G\u00f6bek &#8211; 3005430308<\/p>","protected":false},"excerpt":{"rendered":"<p data-start=\"0\" data-end=\"427\"><br data-start=\"5\" data-end=\"8\" \/>Linde L Serisi \u0130ndirme Kald\u0131r \u0130\u00e7 G\u00f6bek \u2013 3005430308, forkliftlerin kald\u0131rma ve indirme i\u015flemlerinde kritik rol oynayan y\u00fcksek kaliteli bir hidrolik bile\u015fendir. Bu i\u00e7 g\u00f6bek, <strong data-start=\"181\" data-end=\"204\">y\u00fcksek dayan\u0131kl\u0131l\u0131k<\/strong> ve <strong data-start=\"208\" data-end=\"221\">uzun \u00f6m\u00fcr<\/strong> sunarak forkliftin \u00e7al\u0131\u015fma verimlili\u011fini art\u0131r\u0131r. M\u00fckemmel uyum ve hassas i\u015f\u00e7ilikle tasarlanm\u0131\u015f olup, forkliftin hidrolik sisteminde sorunsuz hareket sa\u011flar ve y\u00fcklerin g\u00fcvenli ta\u015f\u0131nmas\u0131na katk\u0131da bulunur.<\/p>\n<p data-start=\"429\" data-end=\"685\"><strong data-start=\"429\" data-end=\"444\">\u00d6zellikler:<\/strong><br data-start=\"444\" data-end=\"447\" \/><strong data-start=\"447\" data-end=\"457\">Model:<\/strong> L Serisi<br data-start=\"466\" data-end=\"469\" \/><strong data-start=\"469\" data-end=\"483\">Fonksiyon:<\/strong> \u0130ndirme ve kald\u0131rma i\u015flemleri i\u00e7in i\u00e7 g\u00f6bek<br data-start=\"527\" data-end=\"530\" \/><strong data-start=\"530\" data-end=\"542\">Malzeme:<\/strong> Dayan\u0131kl\u0131 metal ala\u015f\u0131m<br data-start=\"565\" data-end=\"568\" \/><strong data-start=\"568\" data-end=\"585\">Dayan\u0131kl\u0131l\u0131k:<\/strong> Y\u00fcksek a\u015f\u0131nma direnci ve uzun \u00f6m\u00fcr<br data-start=\"620\" data-end=\"623\" \/><strong data-start=\"623\" data-end=\"637\">Uyumluluk:<\/strong> Linde forklift hidrolik sistemlerine tam uyum<\/p>\n<p data-start=\"687\" data-end=\"1152\">\n","protected":false},"featured_media":15398,"template":"","meta":[],"product_brand":[],"product_cat":[246,454,523],"product_tag":[],"class_list":{"0":"post-15395","1":"product","2":"type-product","3":"status-publish","4":"has-post-thumbnail","6":"product_cat-linde","7":"product_cat-switch-ve-buton","8":"product_cat-yedek-parca-linde","10":"first","11":"instock","12":"taxable","13":"shipping-taxable","14":"purchasable","15":"product-type-simple"},"_links":{"self":[{"href":"https:\/\/ceoparts.com\/tr\/wp-json\/wp\/v2\/product\/15395","targetHints":{"allow":["GET"]}}],"collection":[{"href":"https:\/\/ceoparts.com\/tr\/wp-json\/wp\/v2\/product"}],"about":[{"href":"https:\/\/ceoparts.com\/tr\/wp-json\/wp\/v2\/types\/product"}],"wp:featuredmedia":[{"embeddable":true,"href":"https:\/\/ceoparts.com\/tr\/wp-json\/wp\/v2\/media\/15398"}],"wp:attachment":[{"href":"https:\/\/ceoparts.com\/tr\/wp-json\/wp\/v2\/media?parent=15395"}],"wp:term":[{"taxonomy":"product_brand","embeddable":true,"href":"https:\/\/ceoparts.com\/tr\/wp-json\/wp\/v2\/product_brand?post=15395"},{"taxonomy":"product_cat","embeddable":true,"href":"https:\/\/ceoparts.com\/tr\/wp-json\/wp\/v2\/product_cat?post=15395"},{"taxonomy":"product_tag","embeddable":true,"href":"https:\/\/ceoparts.com\/tr\/wp-json\/wp\/v2\/product_tag?post=15395"}],"curies":[{"name":"wp","href":"https:\/\/api.w.org\/{rel}","templated":true}]}}