{"id":15399,"date":"2025-02-21T10:54:41","date_gmt":"2025-02-21T07:54:41","guid":{"rendered":"https:\/\/ceoparts.com\/?post_type=product&#038;p=15399"},"modified":"2026-05-16T14:02:04","modified_gmt":"2026-05-16T11:02:04","slug":"linde-tutamak-sol-0039310819","status":"publish","type":"product","link":"https:\/\/ceoparts.com\/tr\/urun\/linde-tutamak-sol-0039310819\/","title":{"rendered":"Linde Tutamak Sol &#8211; 0039310819"},"content":{"rendered":"<p>Linde Tutamak Sol &#8211; 0039310819<\/p>","protected":false},"excerpt":{"rendered":"<p data-start=\"0\" data-end=\"404\"><br data-start=\"5\" data-end=\"8\" \/>Linde Tutamak Sol \u2013 0039310819, forklift operat\u00f6r\u00fcn\u00fcn konforunu art\u0131rmak ve kontroll\u00fc kullan\u0131m sa\u011flamak i\u00e7in tasarlanm\u0131\u015f sa\u011flam ve dayan\u0131kl\u0131 bir par\u00e7ad\u0131r. Y\u00fcksek kaliteli malzemeden \u00fcretilmi\u015f olup uzun \u00f6m\u00fcrl\u00fcd\u00fcr ve a\u015f\u0131nmaya kar\u015f\u0131 diren\u00e7 g\u00f6sterir. Bu tutamak, forkliftin sol taraf\u0131nda bulunur ve ergonomik yap\u0131s\u0131 sayesinde operat\u00f6r\u00fcn el kavray\u0131\u015f\u0131n\u0131 kolayla\u015ft\u0131rarak g\u00fcvenli ve rahat \u00e7al\u0131\u015fma sa\u011flar.<\/p>\n<p data-start=\"406\" data-end=\"633\"><strong data-start=\"406\" data-end=\"421\">\u00d6zellikler:<\/strong><br data-start=\"421\" data-end=\"424\" \/><strong data-start=\"424\" data-end=\"434\">Konum:<\/strong> Sol taraf<br data-start=\"444\" data-end=\"447\" \/><strong data-start=\"447\" data-end=\"459\">Malzeme:<\/strong> Dayan\u0131kl\u0131 ve kaliteli plastik<br data-start=\"489\" data-end=\"492\" \/><strong data-start=\"492\" data-end=\"505\">Kullan\u0131m:<\/strong> Operat\u00f6r tutama\u011f\u0131<br data-start=\"523\" data-end=\"526\" \/><strong data-start=\"526\" data-end=\"539\">Ergonomi:<\/strong> Rahat ve g\u00fcvenli kavray\u0131\u015f sa\u011flar<br data-start=\"572\" data-end=\"575\" \/><strong data-start=\"575\" data-end=\"592\">Dayan\u0131kl\u0131l\u0131k:<\/strong> Uzun \u00f6m\u00fcrl\u00fc ve a\u015f\u0131nmaya kar\u015f\u0131 diren\u00e7li<\/p>\n<p data-start=\"635\" data-end=\"1053\">\n","protected":false},"featured_media":15401,"template":"","meta":[],"product_brand":[],"product_cat":[246,470,523],"product_tag":[],"class_list":{"0":"post-15399","1":"product","2":"type-product","3":"status-publish","4":"has-post-thumbnail","6":"product_cat-linde","7":"product_cat-diger-yedek-parcalar","8":"product_cat-yedek-parca-linde","10":"first","11":"instock","12":"taxable","13":"shipping-taxable","14":"purchasable","15":"product-type-simple"},"_links":{"self":[{"href":"https:\/\/ceoparts.com\/tr\/wp-json\/wp\/v2\/product\/15399","targetHints":{"allow":["GET"]}}],"collection":[{"href":"https:\/\/ceoparts.com\/tr\/wp-json\/wp\/v2\/product"}],"about":[{"href":"https:\/\/ceoparts.com\/tr\/wp-json\/wp\/v2\/types\/product"}],"wp:featuredmedia":[{"embeddable":true,"href":"https:\/\/ceoparts.com\/tr\/wp-json\/wp\/v2\/media\/15401"}],"wp:attachment":[{"href":"https:\/\/ceoparts.com\/tr\/wp-json\/wp\/v2\/media?parent=15399"}],"wp:term":[{"taxonomy":"product_brand","embeddable":true,"href":"https:\/\/ceoparts.com\/tr\/wp-json\/wp\/v2\/product_brand?post=15399"},{"taxonomy":"product_cat","embeddable":true,"href":"https:\/\/ceoparts.com\/tr\/wp-json\/wp\/v2\/product_cat?post=15399"},{"taxonomy":"product_tag","embeddable":true,"href":"https:\/\/ceoparts.com\/tr\/wp-json\/wp\/v2\/product_tag?post=15399"}],"curies":[{"name":"wp","href":"https:\/\/api.w.org\/{rel}","templated":true}]}}