{"id":15413,"date":"2025-02-21T12:03:51","date_gmt":"2025-02-21T09:03:51","guid":{"rendered":"https:\/\/ceoparts.com\/?post_type=product&#038;p=15413"},"modified":"2026-05-17T17:42:07","modified_gmt":"2026-05-17T14:42:07","slug":"jungheinrich-link-kolu-pimi-efg430k-51263829","status":"publish","type":"product","link":"https:\/\/ceoparts.com\/tr\/urun\/jungheinrich-link-kolu-pimi-efg430k-51263829\/","title":{"rendered":"Jungheinrich Link Kolu Pimi EFG430K &#8211; 51263829"},"content":{"rendered":"<p>Jungheinrich Link Kolu Pimi EFG430K &#8211; 51263829<\/p>\n<table border=\"0\" width=\"300\" cellspacing=\"0\" cellpadding=\"0\">\n<tbody>\n<tr>\n<td width=\"200\" height=\"19\"><span style=\"font-family: Calibri;\">DFG 425s<\/span><\/td>\n<td width=\"100\"><span style=\"font-family: Calibri;\">11.07 &#8211; 12.14<\/span><\/td>\n<\/tr>\n<tr>\n<td height=\"19\"><span style=\"font-family: Calibri;\">DFG 425s<\/span><\/td>\n<td><span style=\"font-family: Calibri;\">9.14 &#8211; 9.17<\/span><\/td>\n<\/tr>\n<tr>\n<td height=\"19\"><span style=\"font-family: Calibri;\">DFG 430s<\/span><\/td>\n<td><span style=\"font-family: Calibri;\">11.07 &#8211; 12.14<\/span><\/td>\n<\/tr>\n<tr>\n<td height=\"19\"><span style=\"font-family: Calibri;\">DFG 430s<\/span><\/td>\n<td><span style=\"font-family: Calibri;\">9.14 &#8211; 9.17<\/span><\/td>\n<\/tr>\n<tr>\n<td height=\"19\"><span style=\"font-family: Calibri;\">DFG 435s<\/span><\/td>\n<td><span style=\"font-family: Calibri;\">9.14 &#8211; 9.17<\/span><\/td>\n<\/tr>\n<tr>\n<td height=\"19\"><span style=\"font-family: Calibri;\">DFG 435s<\/span><\/td>\n<td><span style=\"font-family: Calibri;\">11.07 &#8211; 12.14<\/span><\/td>\n<\/tr>\n<tr>\n<td height=\"19\"><span style=\"font-family: Calibri;\">DFG 4s<\/span><\/td>\n<td><span style=\"font-family: Calibri;\">6.17 &#8211; 4.20<\/span><\/td>\n<\/tr>\n<tr>\n<td height=\"19\"><span style=\"font-family: Calibri;\">DFG 4s<\/span><\/td>\n<td><span style=\"font-family: Calibri;\">5.20 &#8211;\u00a0<\/span><\/td>\n<\/tr>\n<tr>\n<td height=\"19\"><span style=\"font-family: Calibri;\">EFG 425-430<\/span><\/td>\n<td><span style=\"font-family: Calibri;\">4.12 &#8211; 12.14<\/span><\/td>\n<\/tr>\n<tr>\n<td height=\"19\"><span style=\"font-family: Calibri;\">EFG 425-430 (US)<\/span><\/td>\n<td><span style=\"font-family: Calibri;\">1.13 &#8211; 12.14<\/span><\/td>\n<\/tr>\n<tr>\n<td height=\"19\"><span style=\"font-family: Calibri;\">EFG 425-430\/ S30<\/span><\/td>\n<td><span style=\"font-family: Calibri;\">6.14 &#8211;\u00a0<\/span><\/td>\n<\/tr>\n<tr>\n<td height=\"19\"><span style=\"font-family: Calibri;\">EFG 425-430\/ S30 (US)<\/span><\/td>\n<td><span style=\"font-family: Calibri;\">6.14 &#8211; 12.16<\/span><\/td>\n<\/tr>\n<tr>\n<td height=\"18\"><span style=\"font-family: Calibri;\">EFG 535k-S50<\/span><\/td>\n<td><span style=\"font-family: Calibri;\">10.13 &#8211; 12.14<\/span><\/td>\n<\/tr>\n<tr>\n<td height=\"19\"><span style=\"font-family: Calibri;\">EFG 535k-S50<\/span><\/td>\n<td><span style=\"font-family: Calibri;\">6.14 &#8211; 12.16<\/span><\/td>\n<\/tr>\n<tr>\n<td height=\"19\"><span style=\"font-family: Calibri;\">EFG 535k-S50<\/span><\/td>\n<td><span style=\"font-family: Calibri;\">12.15 &#8211;\u00a0<\/span><\/td>\n<\/tr>\n<tr>\n<td height=\"19\"><span style=\"font-family: Calibri;\">EFG 535k-S50 (US)<\/span><\/td>\n<td><span style=\"font-family: Calibri;\">12.15 &#8211;\u00a0<\/span><\/td>\n<\/tr>\n<tr>\n<td height=\"19\"><span style=\"font-family: Calibri;\">EFG 535k-S50 (US)<\/span><\/td>\n<td><span style=\"font-family: Calibri;\">10.13 &#8211; 12.14<\/span><\/td>\n<\/tr>\n<tr>\n<td height=\"19\"><span style=\"font-family: Calibri;\">EFG 535k-S50 (US)<\/span><\/td>\n<td><span style=\"font-family: Calibri;\">6.14 &#8211; 12.16<\/span><\/td>\n<\/tr>\n<tr>\n<td height=\"19\"><span style=\"font-family: Calibri;\">TFG 425s<\/span><\/td>\n<td><span style=\"font-family: Calibri;\">11.07 &#8211; 12.14<\/span><\/td>\n<\/tr>\n<tr>\n<td height=\"19\"><span style=\"font-family: Calibri;\">TFG 425s<\/span><\/td>\n<td><span style=\"font-family: Calibri;\">9.14 &#8211; 9.17<\/span><\/td>\n<\/tr>\n<tr>\n<td height=\"19\"><span style=\"font-family: Calibri;\">TFG 430s<\/span><\/td>\n<td><span style=\"font-family: Calibri;\">9.14 &#8211; 9.17<\/span><\/td>\n<\/tr>\n<tr>\n<td height=\"19\"><span style=\"font-family: Calibri;\">TFG 430s<\/span><\/td>\n<td><span style=\"font-family: Calibri;\">11.07 &#8211; 12.14<\/span><\/td>\n<\/tr>\n<tr>\n<td height=\"19\"><span style=\"font-family: Calibri;\">TFG 435s<\/span><\/td>\n<td><span style=\"font-family: Calibri;\">9.14 &#8211; 9.17<\/span><\/td>\n<\/tr>\n<tr>\n<td height=\"19\"><span style=\"font-family: Calibri;\">TFG 435s<\/span><\/td>\n<td><span style=\"font-family: Calibri;\">11.07 &#8211; 12.14<\/span><\/td>\n<\/tr>\n<tr>\n<td height=\"19\"><span style=\"font-family: Calibri;\">TFG 4s<\/span><\/td>\n<td><span style=\"font-family: Calibri;\">6.17 &#8211; 4.20<\/span><\/td>\n<\/tr>\n<\/tbody>\n<\/table>","protected":false},"excerpt":{"rendered":"<p data-start=\"0\" data-end=\"362\"><br data-start=\"5\" data-end=\"8\" \/>Jungheinrich Link Kolu Pimi EFG430K \u2013 51263829, forkliftlerin hassas ve g\u00fcvenli ba\u011flant\u0131lar\u0131n\u0131 sa\u011flamak i\u00e7in tasarlanm\u0131\u015f dayan\u0131kl\u0131 bir par\u00e7ad\u0131r. Y\u00fcksek kaliteli malzemeden \u00fcretilmi\u015f olup uzun \u00f6m\u00fcrl\u00fcd\u00fcr ve a\u015f\u0131nmaya kar\u015f\u0131 diren\u00e7 g\u00f6sterir. Bu pim, forkliftin hareket mekanizmas\u0131nda kritik rol oynar, b\u00f6ylece operasyon s\u0131ras\u0131nda stabilite ve g\u00fcvenlik sa\u011flar.<\/p>\n<p data-start=\"364\" data-end=\"623\"><strong data-start=\"364\" data-end=\"379\">\u00d6zellikler:<\/strong><br data-start=\"379\" data-end=\"382\" \/><strong data-start=\"382\" data-end=\"396\">Uyumluluk:<\/strong> Jungheinrich EFG430K modelleri<br data-start=\"427\" data-end=\"430\" \/><strong data-start=\"430\" data-end=\"442\">Malzeme:<\/strong> Y\u00fcksek dayan\u0131kl\u0131l\u0131\u011fa sahip metal<br data-start=\"475\" data-end=\"478\" \/><strong data-start=\"478\" data-end=\"491\">Kullan\u0131m:<\/strong> Link kolu ba\u011flant\u0131 par\u00e7as\u0131<br data-start=\"518\" data-end=\"521\" \/><strong data-start=\"521\" data-end=\"538\">Dayan\u0131kl\u0131l\u0131k:<\/strong> A\u015f\u0131nmaya ve darbelere kar\u015f\u0131 diren\u00e7li<br data-start=\"575\" data-end=\"578\" \/><strong data-start=\"578\" data-end=\"592\">Fonksiyon:<\/strong> Stabilite ve g\u00fcvenlik sa\u011flar<\/p>\n<p data-start=\"625\" data-end=\"967\">\n","protected":false},"featured_media":15415,"template":"","meta":[],"product_brand":[],"product_cat":[236,467,522],"product_tag":[],"class_list":{"0":"post-15413","1":"product","2":"type-product","3":"status-publish","4":"has-post-thumbnail","6":"product_cat-jungheinrich","7":"product_cat-mil-grubu","8":"product_cat-yedek-parca-jungheinrich","10":"first","11":"instock","12":"taxable","13":"shipping-taxable","14":"purchasable","15":"product-type-simple"},"_links":{"self":[{"href":"https:\/\/ceoparts.com\/tr\/wp-json\/wp\/v2\/product\/15413","targetHints":{"allow":["GET"]}}],"collection":[{"href":"https:\/\/ceoparts.com\/tr\/wp-json\/wp\/v2\/product"}],"about":[{"href":"https:\/\/ceoparts.com\/tr\/wp-json\/wp\/v2\/types\/product"}],"wp:featuredmedia":[{"embeddable":true,"href":"https:\/\/ceoparts.com\/tr\/wp-json\/wp\/v2\/media\/15415"}],"wp:attachment":[{"href":"https:\/\/ceoparts.com\/tr\/wp-json\/wp\/v2\/media?parent=15413"}],"wp:term":[{"taxonomy":"product_brand","embeddable":true,"href":"https:\/\/ceoparts.com\/tr\/wp-json\/wp\/v2\/product_brand?post=15413"},{"taxonomy":"product_cat","embeddable":true,"href":"https:\/\/ceoparts.com\/tr\/wp-json\/wp\/v2\/product_cat?post=15413"},{"taxonomy":"product_tag","embeddable":true,"href":"https:\/\/ceoparts.com\/tr\/wp-json\/wp\/v2\/product_tag?post=15413"}],"curies":[{"name":"wp","href":"https:\/\/api.w.org\/{rel}","templated":true}]}}