{"id":15417,"date":"2025-02-21T13:01:44","date_gmt":"2025-02-21T10:01:44","guid":{"rendered":"https:\/\/ceoparts.com\/?post_type=product&#038;p=15417"},"modified":"2026-05-16T10:57:22","modified_gmt":"2026-05-16T07:57:22","slug":"cin-transpalet-kumanda-kolu-kelebegi-takim-kirmizi-90000021769000002175502311020011","status":"publish","type":"product","link":"https:\/\/ceoparts.com\/tr\/urun\/cin-transpalet-kumanda-kolu-kelebegi-takim-kirmizi-90000021769000002175502311020011\/","title":{"rendered":"\u00c7in Transpalet Kumanda Kolu Kelebe\u011fi Tak\u0131m K\u0131rm\u0131z\u0131 &#8211; 9000002176,9000002175,502311020011"},"content":{"rendered":"<p>\u00c7in Transpalet Kumanda Kolu Kelebe\u011fi Tak\u0131m K\u0131rm\u0131z\u0131 &#8211; 9000002176,9000002175,502311020011<\/p>","protected":false},"excerpt":{"rendered":"<p data-start=\"0\" data-end=\"372\"><br data-start=\"5\" data-end=\"8\" \/>\u00c7in \u00fcretimi olan Transpalet Kumanda Kolu Kelebe\u011fi Tak\u0131m\u0131 K\u0131rm\u0131z\u0131 \u2013 9000002176, 9000002175, 502311020011, transpaletlerin hassas ve g\u00fcvenli kontrol\u00fc i\u00e7in tasarlanm\u0131\u015ft\u0131r. Dayan\u0131kl\u0131 malzemelerden imal edilmi\u015f olup uzun \u00f6m\u00fcrl\u00fcd\u00fcr. K\u0131rm\u0131z\u0131 rengi sayesinde kolayca fark edilir ve h\u0131zl\u0131 m\u00fcdahale imkan\u0131 sa\u011flar. \u0130\u015f verimlili\u011fini art\u0131r\u0131rken operat\u00f6r konforunu da destekler.<\/p>\n<p data-start=\"374\" data-end=\"596\"><strong data-start=\"374\" data-end=\"389\">\u00d6zellikler:<\/strong><br data-start=\"389\" data-end=\"392\" \/><strong data-start=\"392\" data-end=\"401\">Renk:<\/strong> K\u0131rm\u0131z\u0131<br data-start=\"409\" data-end=\"412\" \/><strong data-start=\"412\" data-end=\"424\">Malzeme:<\/strong> Dayan\u0131kl\u0131 plastik ve metal bile\u015fenler<br data-start=\"462\" data-end=\"465\" \/><strong data-start=\"465\" data-end=\"479\">Uyumluluk:<\/strong> \u00c7e\u015fitli \u00c7in transpalet modelleri<br data-start=\"512\" data-end=\"515\" \/><strong data-start=\"515\" data-end=\"528\">Kullan\u0131m:<\/strong> Hassas kontrol ve g\u00fcvenli kumanda<br data-start=\"562\" data-end=\"565\" \/><strong data-start=\"565\" data-end=\"582\">Dayan\u0131kl\u0131l\u0131k:<\/strong> Uzun \u00f6m\u00fcrl\u00fc<\/p>\n<p data-start=\"598\" data-end=\"948\">\n","protected":false},"featured_media":15418,"template":"","meta":[],"product_brand":[],"product_cat":[454],"product_tag":[],"class_list":{"0":"post-15417","1":"product","2":"type-product","3":"status-publish","4":"has-post-thumbnail","6":"product_cat-switch-ve-buton","8":"first","9":"instock","10":"taxable","11":"shipping-taxable","12":"purchasable","13":"product-type-simple"},"_links":{"self":[{"href":"https:\/\/ceoparts.com\/tr\/wp-json\/wp\/v2\/product\/15417","targetHints":{"allow":["GET"]}}],"collection":[{"href":"https:\/\/ceoparts.com\/tr\/wp-json\/wp\/v2\/product"}],"about":[{"href":"https:\/\/ceoparts.com\/tr\/wp-json\/wp\/v2\/types\/product"}],"wp:featuredmedia":[{"embeddable":true,"href":"https:\/\/ceoparts.com\/tr\/wp-json\/wp\/v2\/media\/15418"}],"wp:attachment":[{"href":"https:\/\/ceoparts.com\/tr\/wp-json\/wp\/v2\/media?parent=15417"}],"wp:term":[{"taxonomy":"product_brand","embeddable":true,"href":"https:\/\/ceoparts.com\/tr\/wp-json\/wp\/v2\/product_brand?post=15417"},{"taxonomy":"product_cat","embeddable":true,"href":"https:\/\/ceoparts.com\/tr\/wp-json\/wp\/v2\/product_cat?post=15417"},{"taxonomy":"product_tag","embeddable":true,"href":"https:\/\/ceoparts.com\/tr\/wp-json\/wp\/v2\/product_tag?post=15417"}],"curies":[{"name":"wp","href":"https:\/\/api.w.org\/{rel}","templated":true}]}}