{"id":15475,"date":"2025-02-26T17:33:03","date_gmt":"2025-02-26T14:33:03","guid":{"rendered":"https:\/\/ceoparts.com\/?post_type=product&#038;p=15475"},"modified":"2026-05-16T15:01:12","modified_gmt":"2026-05-16T12:01:12","slug":"210x75-135-yuruyus-tekeri-11152200000b","status":"publish","type":"product","link":"https:\/\/ceoparts.com\/tr\/urun\/210x75-135-yuruyus-tekeri-11152200000b\/","title":{"rendered":"210&#215;75-135 Y\u00fcr\u00fcy\u00fc\u015f Tekeri &#8211; 11152200000B"},"content":{"rendered":"<p>210&#215;75-135 Y\u00fcr\u00fcy\u00fc\u015f Tekeri &#8211; 11152200000B<\/p>\n<p>210 x 75 x 82 x 135 Helikopter 1115-220000-0B 1115-220000-0B<\/p>\n<p>Heli CBD15J-LI<\/p>\n<p>Heli CBD18J-L2<\/p>\n<p>Heli CBD20J-L2<\/p>","protected":false},"excerpt":{"rendered":"<p data-start=\"0\" data-end=\"322\"><br data-start=\"5\" data-end=\"8\" \/>210\u00d775-135 \u00f6l\u00e7\u00fclerinde olan bu y\u00fcr\u00fcy\u00fc\u015f tekeri, forklift ve a\u011f\u0131r i\u015f makinelerinde \u00fcst\u00fcn performans ve dayan\u0131kl\u0131l\u0131k sa\u011flar. Vulkollan malzemeden \u00fcretilmi\u015ftir ve titre\u015fimleri azaltarak operat\u00f6r konforunu art\u0131r\u0131r. Uzun \u00f6m\u00fcrl\u00fc yap\u0131s\u0131 ile y\u00fcksek y\u00fck ta\u015f\u0131ma kapasitesine sahiptir, b\u00f6ylece kesintisiz \u00e7al\u0131\u015fma imkan\u0131 sunar.<\/p>\n<p data-start=\"324\" data-end=\"519\"><strong data-start=\"324\" data-end=\"339\">\u00d6zellikler:<\/strong><br data-start=\"339\" data-end=\"342\" \/><strong data-start=\"342\" data-end=\"351\">\u00d6l\u00e7\u00fc:<\/strong> 210\u00d775-135<br data-start=\"362\" data-end=\"365\" \/><strong data-start=\"365\" data-end=\"377\">Malzeme:<\/strong> Vulkollan<br data-start=\"387\" data-end=\"390\" \/><strong data-start=\"390\" data-end=\"403\">Kullan\u0131m:<\/strong> Forklift ve a\u011f\u0131r i\u015f makineleri<br data-start=\"434\" data-end=\"437\" \/><strong data-start=\"437\" data-end=\"454\">Dayan\u0131kl\u0131l\u0131k:<\/strong> Uzun \u00f6m\u00fcrl\u00fc ve a\u015f\u0131nmaya dayan\u0131kl\u0131<br data-start=\"488\" data-end=\"491\" \/><strong data-start=\"491\" data-end=\"510\">Y\u00fck Kapasitesi:<\/strong> Y\u00fcksek<\/p>\n<p data-start=\"521\" data-end=\"804\">\n","protected":false},"featured_media":15477,"template":"","meta":[],"product_brand":[],"product_cat":[193],"product_tag":[],"class_list":{"0":"post-15475","1":"product","2":"type-product","3":"status-publish","4":"has-post-thumbnail","6":"product_cat-yuruyus-tekeri","8":"first","9":"instock","10":"taxable","11":"shipping-taxable","12":"purchasable","13":"product-type-simple"},"_links":{"self":[{"href":"https:\/\/ceoparts.com\/tr\/wp-json\/wp\/v2\/product\/15475","targetHints":{"allow":["GET"]}}],"collection":[{"href":"https:\/\/ceoparts.com\/tr\/wp-json\/wp\/v2\/product"}],"about":[{"href":"https:\/\/ceoparts.com\/tr\/wp-json\/wp\/v2\/types\/product"}],"wp:featuredmedia":[{"embeddable":true,"href":"https:\/\/ceoparts.com\/tr\/wp-json\/wp\/v2\/media\/15477"}],"wp:attachment":[{"href":"https:\/\/ceoparts.com\/tr\/wp-json\/wp\/v2\/media?parent=15475"}],"wp:term":[{"taxonomy":"product_brand","embeddable":true,"href":"https:\/\/ceoparts.com\/tr\/wp-json\/wp\/v2\/product_brand?post=15475"},{"taxonomy":"product_cat","embeddable":true,"href":"https:\/\/ceoparts.com\/tr\/wp-json\/wp\/v2\/product_cat?post=15475"},{"taxonomy":"product_tag","embeddable":true,"href":"https:\/\/ceoparts.com\/tr\/wp-json\/wp\/v2\/product_tag?post=15475"}],"curies":[{"name":"wp","href":"https:\/\/api.w.org\/{rel}","templated":true}]}}