{"id":15480,"date":"2025-02-26T17:38:37","date_gmt":"2025-02-26T14:38:37","guid":{"rendered":"https:\/\/ceoparts.com\/?post_type=product&#038;p=15480"},"modified":"2026-05-03T15:05:16","modified_gmt":"2026-05-03T12:05:16","slug":"213x70-142-still-ech-yuruyus-tekeri-0009934064","status":"publish","type":"product","link":"https:\/\/ceoparts.com\/tr\/urun\/213x70-142-still-ech-yuruyus-tekeri-0009934064\/","title":{"rendered":"213&#215;70-142 Still ECH Y\u00fcr\u00fcy\u00fc\u015f Tekeri &#8211; 0009934064"},"content":{"rendered":"<p>213&#215;70-142 Still ECH Y\u00fcr\u00fcy\u00fc\u015f Tekeri &#8211; 0009934064<\/p>\n<p>213&#215;70-142<\/p>\n<p>Linde 0009934064<\/p>\n<p>EP Forklift ZL1021000000<\/p>\n<p>Linde MT15 serii 1133-03<\/p>\n<p>EP EPT20-15ET2<\/p>\n<p>EP F4<\/p>","protected":false},"excerpt":{"rendered":"<article class=\"text-token-text-primary w-full\" dir=\"auto\" data-testid=\"conversation-turn-449\" data-scroll-anchor=\"true\">\n<div class=\"text-base my-auto mx-auto py-5 [--thread-content-margin:--spacing(4)] @[37rem]:[--thread-content-margin:--spacing(6)] @[72rem]:[--thread-content-margin:--spacing(16)] px-(--thread-content-margin)\">\n<div class=\"[--thread-content-max-width:32rem] @[34rem]:[--thread-content-max-width:40rem] @[64rem]:[--thread-content-max-width:48rem] mx-auto flex max-w-(--thread-content-max-width) flex-1 text-base gap-4 md:gap-5 lg:gap-6 group\/turn-messages focus-visible:outline-hidden\" tabindex=\"-1\">\n<div class=\"group\/conversation-turn relative flex w-full min-w-0 flex-col agent-turn\">\n<div class=\"relative flex-col gap-1 md:gap-3\">\n<div class=\"flex max-w-full flex-col grow\">\n<div class=\"min-h-8 text-message relative flex w-full flex-col items-end gap-2 text-start break-words whitespace-normal [.text-message+&amp;]:mt-5\" dir=\"auto\" data-message-author-role=\"assistant\" data-message-id=\"30f82520-adbb-454d-9ea2-92ffc6a4e4f7\" data-message-model-slug=\"gpt-4-1-mini\">\n<div class=\"flex w-full flex-col gap-1 empty:hidden first:pt-[3px]\">\n<div class=\"markdown prose dark:prose-invert w-full break-words light\">\n<p data-start=\"0\" data-end=\"403\"><br data-start=\"5\" data-end=\"8\" \/>Still ECH model forkliftlar i\u00e7in tasarlanm\u0131\u015f olan 213\u00d770-142 Still ECH Y\u00fcr\u00fcy\u00fc\u015f Tekeri \u2013 0009934064, y\u00fcksek dayan\u0131kl\u0131l\u0131\u011f\u0131 ve \u00fcst\u00fcn performans\u0131yla operasyonlar\u0131n\u0131zda g\u00fcvenilirlik sa\u011flar. Vulkollan malzemeden \u00fcretilen bu y\u00fcr\u00fcy\u00fc\u015f tekeri, titre\u015fimleri azaltarak operat\u00f6r konforunu art\u0131r\u0131r ve a\u011f\u0131r y\u00fck ta\u015f\u0131ma kapasitesine sahiptir. Uzun \u00f6m\u00fcrl\u00fc yap\u0131s\u0131yla forkliftlerin kesintisiz \u00e7al\u0131\u015fmas\u0131n\u0131 destekler.<\/p>\n<p data-start=\"405\" data-end=\"609\"><strong data-start=\"405\" data-end=\"420\">\u00d6zellikler:<\/strong><br data-start=\"420\" data-end=\"423\" \/><strong data-start=\"423\" data-end=\"433\">Model:<\/strong> 213\u00d770-142<br data-start=\"444\" data-end=\"447\" \/><strong data-start=\"447\" data-end=\"459\">Malzeme:<\/strong> Vulkollan<br data-start=\"469\" data-end=\"472\" \/><strong data-start=\"472\" data-end=\"485\">Kullan\u0131m:<\/strong> Still ECH forkliftlar<br data-start=\"507\" data-end=\"510\" \/><strong data-start=\"510\" data-end=\"527\">Dayan\u0131kl\u0131l\u0131k:<\/strong> Y\u00fcksek dayan\u0131kl\u0131l\u0131k, uzun \u00f6m\u00fcr<br data-start=\"558\" data-end=\"561\" \/><strong data-start=\"561\" data-end=\"580\">Y\u00fck Kapasitesi:<\/strong> A\u011f\u0131r y\u00fck ta\u015f\u0131ma kapasitesi<\/p>\n<p data-start=\"611\" data-end=\"994\">\n<\/div>\n<\/div>\n<\/div>\n<\/div>\n<\/div>\n<\/div>\n<\/div>\n<\/div>\n<\/article>\n","protected":false},"featured_media":15482,"template":"","meta":[],"product_brand":[],"product_cat":[241,244,246,249,193],"product_tag":[],"class_list":{"0":"post-15480","1":"product","2":"type-product","3":"status-publish","4":"has-post-thumbnail","6":"product_cat-still","7":"product_cat-yuruyus-tekeri-still","8":"product_cat-linde","9":"product_cat-yuruyus-tekeri-linde","10":"product_cat-yuruyus-tekeri","12":"first","13":"instock","14":"taxable","15":"shipping-taxable","16":"purchasable","17":"product-type-simple"},"_links":{"self":[{"href":"https:\/\/ceoparts.com\/tr\/wp-json\/wp\/v2\/product\/15480","targetHints":{"allow":["GET"]}}],"collection":[{"href":"https:\/\/ceoparts.com\/tr\/wp-json\/wp\/v2\/product"}],"about":[{"href":"https:\/\/ceoparts.com\/tr\/wp-json\/wp\/v2\/types\/product"}],"wp:featuredmedia":[{"embeddable":true,"href":"https:\/\/ceoparts.com\/tr\/wp-json\/wp\/v2\/media\/15482"}],"wp:attachment":[{"href":"https:\/\/ceoparts.com\/tr\/wp-json\/wp\/v2\/media?parent=15480"}],"wp:term":[{"taxonomy":"product_brand","embeddable":true,"href":"https:\/\/ceoparts.com\/tr\/wp-json\/wp\/v2\/product_brand?post=15480"},{"taxonomy":"product_cat","embeddable":true,"href":"https:\/\/ceoparts.com\/tr\/wp-json\/wp\/v2\/product_cat?post=15480"},{"taxonomy":"product_tag","embeddable":true,"href":"https:\/\/ceoparts.com\/tr\/wp-json\/wp\/v2\/product_tag?post=15480"}],"curies":[{"name":"wp","href":"https:\/\/api.w.org\/{rel}","templated":true}]}}