{"id":15587,"date":"2025-03-01T10:29:19","date_gmt":"2025-03-01T07:29:19","guid":{"rendered":"https:\/\/ceoparts.com\/?post_type=product&#038;p=15587"},"modified":"2026-05-16T14:32:47","modified_gmt":"2026-05-16T11:32:47","slug":"24x759x30-asansor-rulmani-0009249535","status":"publish","type":"product","link":"https:\/\/ceoparts.com\/tr\/urun\/24x759x30-asansor-rulmani-0009249535\/","title":{"rendered":"24&#215;75,9&#215;30 Asans\u00f6r Rulman\u0131 &#8211; 0009249535"},"content":{"rendered":"<p>24&#215;75,9&#215;30 Asans\u00f6r Rulman\u0131 &#8211; 0009249535<\/p>\n<p><span style=\"font-family: tim;\">75,9&#215;30 x24 Linde 0009249535<\/span><\/p>\n<p>&nbsp;<\/p>\n<table dir=\"ltr\" border=\"0\" width=\"286\" cellspacing=\"0\" cellpadding=\"2\">\n<tbody>\n<tr>\n<td height=\"19\">\n<p align=\"left\"><span style=\"font-family: tim;\">linde-350-H12-16-18-20-03-2007<\/span><\/p>\n<\/td>\n<\/tr>\n<tr>\n<td height=\"19\">\n<p align=\"left\"><span style=\"font-family: tim;\">linde-350-H12-16-18-20-03-2011<\/span><\/p>\n<\/td>\n<\/tr>\n<tr>\n<td height=\"19\">\n<p align=\"left\"><span style=\"font-family: tim;\">linde-346-E18-E20-E20P-2011<\/span><\/p>\n<\/td>\n<\/tr>\n<tr>\n<td height=\"19\">\n<p align=\"left\"><span style=\"font-family: tim;\">linde-386-E12-E14-E15-E16-E18-E20-2011<\/span><\/p>\n<\/td>\n<\/tr>\n<tr>\n<td height=\"19\">\n<p align=\"left\"><span style=\"font-family: tim;\">linde-115C-R10C-R12C-R14C-2010<\/span><\/p>\n<\/td>\n<\/tr>\n<tr>\n<td height=\"19\">\n<p align=\"left\"><span style=\"font-family: tim;\">linde-335-02-E14-E16-E18-E20-02-2007<\/span><\/p>\n<\/td>\n<\/tr>\n<tr>\n<td height=\"19\">\n<p align=\"left\"><span style=\"font-family: tim;\">Linde-E16-E20-02<\/span><\/p>\n<\/td>\n<\/tr>\n<tr>\n<td height=\"19\">\n<p align=\"left\"><span style=\"font-family: tim;\">linde-391-01-H14-H16-H18-H20-201<\/span><\/p>\n<\/td>\n<\/tr>\n<\/tbody>\n<\/table>","protected":false},"excerpt":{"rendered":"<p data-start=\"0\" data-end=\"422\"><br data-start=\"5\" data-end=\"8\" \/>Linde 24&#215;75,9&#215;30 Asans\u00f6r Rulman\u0131 \u2013 0009249535, forklift ve a\u011f\u0131r i\u015f makinelerinin asans\u00f6r sistemlerinde kullan\u0131lan kritik bir rulmand\u0131r. Bu rulman, asans\u00f6r mekanizmas\u0131n\u0131n sorunsuz ve sessiz \u00e7al\u0131\u015fmas\u0131n\u0131 sa\u011flar, y\u00fcksek y\u00fck ta\u015f\u0131ma kapasitesine sahiptir ve mekanik s\u00fcrt\u00fcnmeyi azaltarak a\u015f\u0131nmay\u0131 \u00f6nler. Uzun \u00f6m\u00fcrl\u00fc malzeme kalitesi sayesinde g\u00fcvenilir performans sunar ve forklift operasyonlar\u0131n\u0131n verimlili\u011fini art\u0131r\u0131r.<\/p>\n<p data-start=\"424\" data-end=\"698\"><strong data-start=\"424\" data-end=\"439\">\u00d6zellikler:<\/strong><br data-start=\"439\" data-end=\"442\" \/><strong data-start=\"442\" data-end=\"456\">\u00dcr\u00fcn Kodu:<\/strong> 0009249535<br data-start=\"467\" data-end=\"470\" \/><strong data-start=\"470\" data-end=\"482\">\u00d6l\u00e7\u00fcler:<\/strong> 24&#215;75,9&#215;30 mm<br data-start=\"496\" data-end=\"499\" \/><strong data-start=\"499\" data-end=\"518\">Kullan\u0131m Alan\u0131:<\/strong> Forklift ve a\u011f\u0131r i\u015f makineleri asans\u00f6r sistemleri<br data-start=\"568\" data-end=\"571\" \/><strong data-start=\"571\" data-end=\"588\">Dayan\u0131kl\u0131l\u0131k:<\/strong> Y\u00fcksek dayan\u0131kl\u0131 ve uzun \u00f6m\u00fcrl\u00fc malzeme<br data-start=\"628\" data-end=\"631\" \/><strong data-start=\"631\" data-end=\"645\">Fonksiyon:<\/strong> Sorunsuz \u00e7al\u0131\u015fma, sessiz \u00e7al\u0131\u015fma, s\u00fcrt\u00fcnme azaltma<\/p>\n<p data-start=\"700\" data-end=\"1095\">\n","protected":false},"featured_media":15589,"template":"","meta":[],"product_brand":[],"product_cat":[246,457,523],"product_tag":[],"class_list":{"0":"post-15587","1":"product","2":"type-product","3":"status-publish","4":"has-post-thumbnail","6":"product_cat-linde","7":"product_cat-asansor-rulmanlari","8":"product_cat-yedek-parca-linde","10":"first","11":"instock","12":"taxable","13":"shipping-taxable","14":"purchasable","15":"product-type-simple"},"_links":{"self":[{"href":"https:\/\/ceoparts.com\/tr\/wp-json\/wp\/v2\/product\/15587","targetHints":{"allow":["GET"]}}],"collection":[{"href":"https:\/\/ceoparts.com\/tr\/wp-json\/wp\/v2\/product"}],"about":[{"href":"https:\/\/ceoparts.com\/tr\/wp-json\/wp\/v2\/types\/product"}],"wp:featuredmedia":[{"embeddable":true,"href":"https:\/\/ceoparts.com\/tr\/wp-json\/wp\/v2\/media\/15589"}],"wp:attachment":[{"href":"https:\/\/ceoparts.com\/tr\/wp-json\/wp\/v2\/media?parent=15587"}],"wp:term":[{"taxonomy":"product_brand","embeddable":true,"href":"https:\/\/ceoparts.com\/tr\/wp-json\/wp\/v2\/product_brand?post=15587"},{"taxonomy":"product_cat","embeddable":true,"href":"https:\/\/ceoparts.com\/tr\/wp-json\/wp\/v2\/product_cat?post=15587"},{"taxonomy":"product_tag","embeddable":true,"href":"https:\/\/ceoparts.com\/tr\/wp-json\/wp\/v2\/product_tag?post=15587"}],"curies":[{"name":"wp","href":"https:\/\/api.w.org\/{rel}","templated":true}]}}