{"id":15592,"date":"2025-03-01T10:42:32","date_gmt":"2025-03-01T07:42:32","guid":{"rendered":"https:\/\/ceoparts.com\/?post_type=product&#038;p=15592"},"modified":"2026-05-16T16:17:39","modified_gmt":"2026-05-16T13:17:39","slug":"linde-asansor-kaydirma-pim-1814461004","status":"publish","type":"product","link":"https:\/\/ceoparts.com\/tr\/urun\/linde-asansor-kaydirma-pim-1814461004\/","title":{"rendered":"Linde Asans\u00f6r Kayd\u0131rma Pim \u00d820 &#8211; 1814461004"},"content":{"rendered":"<p>Linde Asans\u00f6r Kayd\u0131rma Pim \u00d820 &#8211; 1814461004<\/p>","protected":false},"excerpt":{"rendered":"<p data-start=\"0\" data-end=\"430\"><br data-start=\"5\" data-end=\"8\" \/>Linde Asans\u00f6r Kayd\u0131rma Pim \u00d820 \u2013 1814461004, forklift ve a\u011f\u0131r i\u015f makinelerinin asans\u00f6r mekanizmalar\u0131nda kullan\u0131lan dayan\u0131kl\u0131 bir par\u00e7ad\u0131r. Bu kayd\u0131rma pim, asans\u00f6r sisteminin d\u00fczg\u00fcn ve stabil \u00e7al\u0131\u015fmas\u0131n\u0131 sa\u011flar, titre\u015fimleri azalt\u0131r ve mekanik a\u015f\u0131nmay\u0131 \u00f6nler. Y\u00fcksek kaliteli malzemeden \u00fcretilmi\u015f olup uzun \u00f6m\u00fcrl\u00fc performans sunar. Forklift operasyonlar\u0131nda g\u00fcvenli\u011fi ve verimlili\u011fi art\u0131rmak i\u00e7in ideal bir yedek par\u00e7ad\u0131r.<\/p>\n<p data-start=\"432\" data-end=\"680\"><strong data-start=\"432\" data-end=\"447\">\u00d6zellikler:<\/strong><br data-start=\"447\" data-end=\"450\" \/><strong data-start=\"450\" data-end=\"464\">\u00dcr\u00fcn Kodu:<\/strong> 1814461004<br data-start=\"475\" data-end=\"478\" \/><strong data-start=\"478\" data-end=\"486\">\u00c7ap:<\/strong> \u00d820 mm<br data-start=\"493\" data-end=\"496\" \/><strong data-start=\"496\" data-end=\"515\">Kullan\u0131m Alan\u0131:<\/strong> Forklift ve a\u011f\u0131r i\u015f makineleri asans\u00f6r mekanizmalar\u0131<br data-start=\"568\" data-end=\"571\" \/><strong data-start=\"571\" data-end=\"588\">Dayan\u0131kl\u0131l\u0131k:<\/strong> Y\u00fcksek dayan\u0131kl\u0131 malzeme<br data-start=\"613\" data-end=\"616\" \/><strong data-start=\"616\" data-end=\"630\">Fonksiyon:<\/strong> Stabil \u00e7al\u0131\u015fma, titre\u015fim azaltma, a\u015f\u0131nma \u00f6nleme<\/p>\n<p>70mm \u00a0\u00d820<\/p>\n<p>Linde<br \/>\n386 E12\/14\/15\/16\/18\/20<br \/>\n391-01 H14\/16\/18\/20<\/p>\n","protected":false},"featured_media":15593,"template":"","meta":[],"product_brand":[],"product_cat":[246,467,523],"product_tag":[],"class_list":{"0":"post-15592","1":"product","2":"type-product","3":"status-publish","4":"has-post-thumbnail","6":"product_cat-linde","7":"product_cat-mil-grubu","8":"product_cat-yedek-parca-linde","10":"first","11":"instock","12":"taxable","13":"shipping-taxable","14":"purchasable","15":"product-type-simple"},"_links":{"self":[{"href":"https:\/\/ceoparts.com\/tr\/wp-json\/wp\/v2\/product\/15592","targetHints":{"allow":["GET"]}}],"collection":[{"href":"https:\/\/ceoparts.com\/tr\/wp-json\/wp\/v2\/product"}],"about":[{"href":"https:\/\/ceoparts.com\/tr\/wp-json\/wp\/v2\/types\/product"}],"wp:featuredmedia":[{"embeddable":true,"href":"https:\/\/ceoparts.com\/tr\/wp-json\/wp\/v2\/media\/15593"}],"wp:attachment":[{"href":"https:\/\/ceoparts.com\/tr\/wp-json\/wp\/v2\/media?parent=15592"}],"wp:term":[{"taxonomy":"product_brand","embeddable":true,"href":"https:\/\/ceoparts.com\/tr\/wp-json\/wp\/v2\/product_brand?post=15592"},{"taxonomy":"product_cat","embeddable":true,"href":"https:\/\/ceoparts.com\/tr\/wp-json\/wp\/v2\/product_cat?post=15592"},{"taxonomy":"product_tag","embeddable":true,"href":"https:\/\/ceoparts.com\/tr\/wp-json\/wp\/v2\/product_tag?post=15592"}],"curies":[{"name":"wp","href":"https:\/\/api.w.org\/{rel}","templated":true}]}}