{"id":15596,"date":"2025-03-01T11:04:20","date_gmt":"2025-03-01T08:04:20","guid":{"rendered":"https:\/\/ceoparts.com\/?post_type=product&#038;p=15596"},"modified":"2026-05-16T17:28:23","modified_gmt":"2026-05-16T14:28:23","slug":"linde-asinma-diski-4225041303","status":"publish","type":"product","link":"https:\/\/ceoparts.com\/tr\/urun\/linde-asinma-diski-4225041303\/","title":{"rendered":"Linde A\u015f\u0131nma Diski &#8211; 4225041303"},"content":{"rendered":"<p>Linde A\u015f\u0131nma Diski &#8211; 4225041303<\/p>\n<p>LINDE FORKL\u0130FT T\u0130P\u0130 346 E18\/20\/20P<br \/>\n386-25 E14-20\u00a04225041303&#8217;te\u00a0mevcuttur<\/p>","protected":false},"excerpt":{"rendered":"<p data-start=\"0\" data-end=\"408\"><br data-start=\"5\" data-end=\"8\" \/>Linde A\u015f\u0131nma Diski 4225041303, forklift ve a\u011f\u0131r i\u015f makinelerinde kullan\u0131lan kritik bir par\u00e7ad\u0131r. Bu a\u015f\u0131nma diski, makinenin hareketli bile\u015fenlerini korur ve a\u015f\u0131nma ile y\u0131pranmay\u0131 azaltarak ekipman\u0131n \u00f6mr\u00fcn\u00fc uzat\u0131r. Y\u00fcksek dayan\u0131kl\u0131l\u0131\u011fa sahip malzemeden \u00fcretilmi\u015f olup zorlu \u00e7al\u0131\u015fma ko\u015fullar\u0131nda g\u00fcvenilir performans sa\u011flar. Bak\u0131m ve onar\u0131m s\u00fcre\u00e7lerinde s\u0131k\u00e7a tercih edilen kaliteli bir yedek par\u00e7ad\u0131r.<\/p>\n<p data-start=\"410\" data-end=\"667\"><strong data-start=\"410\" data-end=\"425\">\u00d6zellikler:<\/strong><br data-start=\"425\" data-end=\"428\" \/><strong data-start=\"428\" data-end=\"442\">\u00dcr\u00fcn Kodu:<\/strong> 4225041303<br data-start=\"453\" data-end=\"456\" \/><strong data-start=\"456\" data-end=\"475\">Kullan\u0131m Alan\u0131:<\/strong> Forklift ve a\u011f\u0131r i\u015f makineleri<br data-start=\"506\" data-end=\"509\" \/><strong data-start=\"509\" data-end=\"526\">Dayan\u0131kl\u0131l\u0131k:<\/strong> Y\u00fcksek dayan\u0131kl\u0131l\u0131\u011fa sahip malzeme<br data-start=\"561\" data-end=\"564\" \/><strong data-start=\"564\" data-end=\"578\">Fonksiyon:<\/strong> A\u015f\u0131nmay\u0131 \u00f6nler, ekipman \u00f6mr\u00fcn\u00fc art\u0131r\u0131r<br data-start=\"617\" data-end=\"620\" \/><strong data-start=\"620\" data-end=\"633\">Uygunluk:<\/strong> Zorlu \u00e7al\u0131\u015fma ko\u015fullar\u0131na uygun<\/p>\n<p data-start=\"669\" data-end=\"1067\">\n","protected":false},"featured_media":15597,"template":"","meta":[],"product_brand":[],"product_cat":[246,470,523],"product_tag":[],"class_list":{"0":"post-15596","1":"product","2":"type-product","3":"status-publish","4":"has-post-thumbnail","6":"product_cat-linde","7":"product_cat-diger-yedek-parcalar","8":"product_cat-yedek-parca-linde","10":"first","11":"instock","12":"taxable","13":"shipping-taxable","14":"purchasable","15":"product-type-simple"},"_links":{"self":[{"href":"https:\/\/ceoparts.com\/tr\/wp-json\/wp\/v2\/product\/15596","targetHints":{"allow":["GET"]}}],"collection":[{"href":"https:\/\/ceoparts.com\/tr\/wp-json\/wp\/v2\/product"}],"about":[{"href":"https:\/\/ceoparts.com\/tr\/wp-json\/wp\/v2\/types\/product"}],"wp:featuredmedia":[{"embeddable":true,"href":"https:\/\/ceoparts.com\/tr\/wp-json\/wp\/v2\/media\/15597"}],"wp:attachment":[{"href":"https:\/\/ceoparts.com\/tr\/wp-json\/wp\/v2\/media?parent=15596"}],"wp:term":[{"taxonomy":"product_brand","embeddable":true,"href":"https:\/\/ceoparts.com\/tr\/wp-json\/wp\/v2\/product_brand?post=15596"},{"taxonomy":"product_cat","embeddable":true,"href":"https:\/\/ceoparts.com\/tr\/wp-json\/wp\/v2\/product_cat?post=15596"},{"taxonomy":"product_tag","embeddable":true,"href":"https:\/\/ceoparts.com\/tr\/wp-json\/wp\/v2\/product_tag?post=15596"}],"curies":[{"name":"wp","href":"https:\/\/api.w.org\/{rel}","templated":true}]}}