{"id":15599,"date":"2025-03-01T11:18:52","date_gmt":"2025-03-01T08:18:52","guid":{"rendered":"https:\/\/ceoparts.com\/?post_type=product&#038;p=15599"},"modified":"2026-05-16T17:28:44","modified_gmt":"2026-05-16T14:28:44","slug":"linde-hava-filtresi-0009839000","status":"publish","type":"product","link":"https:\/\/ceoparts.com\/tr\/urun\/linde-hava-filtresi-0009839000\/","title":{"rendered":"Linde Hava Filtresi &#8211; 0009839000"},"content":{"rendered":"<p>Linde Hava Filtresi &#8211; 0009839000<\/p>\n<p>Linde 0009839000<\/p>\n<p>&nbsp;<\/p>\n<table border=\"0\" frame=\"void\" rules=\"none\" cellspacing=\"0\">\n<colgroup>\n<col width=\"86\" \/>\n<col width=\"86\" \/><\/colgroup>\n<tbody>\n<tr>\n<td align=\"left\" width=\"86\" height=\"17\">391-01<\/td>\n<td align=\"left\" width=\"86\">H14\/16\/18\/20<\/td>\n<\/tr>\n<tr>\n<td align=\"left\" height=\"17\">391-01<\/td>\n<td align=\"left\">H14\/16\/18\/20<\/td>\n<\/tr>\n<tr>\n<td align=\"left\" height=\"17\">391-01<\/td>\n<td align=\"left\">H14\/16\/18\/20<\/td>\n<\/tr>\n<tr>\n<td align=\"left\" height=\"17\">392-01<\/td>\n<td align=\"left\">H20\/25<\/td>\n<\/tr>\n<tr>\n<td align=\"left\" height=\"17\">392-01<\/td>\n<td align=\"left\">H20\/25<\/td>\n<\/tr>\n<tr>\n<td align=\"left\" height=\"17\">392-01<\/td>\n<td align=\"left\">H20\/25<\/td>\n<\/tr>\n<tr>\n<td align=\"left\" height=\"17\">393-01<\/td>\n<td align=\"left\">H25\/30\/35<\/td>\n<\/tr>\n<tr>\n<td align=\"left\" height=\"17\">393-01<\/td>\n<td align=\"left\">H25\/30\/35<\/td>\n<\/tr>\n<tr>\n<td align=\"left\" height=\"17\">393-01<\/td>\n<td align=\"left\">H25\/30\/35<\/td>\n<\/tr>\n<\/tbody>\n<\/table>\n<p><\/p>","protected":false},"excerpt":{"rendered":"<p data-start=\"0\" data-end=\"403\"><br data-start=\"5\" data-end=\"8\" \/>Linde Hava Filtresi 0009839000, forklift ve a\u011f\u0131r i\u015f makinelerinin motorlar\u0131na temiz hava sa\u011flamak i\u00e7in tasarlanm\u0131\u015f \u00f6nemli bir par\u00e7ad\u0131r. Motorun i\u00e7ine giren toz, kir ve zararl\u0131 partik\u00fclleri etkili \u015fekilde filtreleyerek motor performans\u0131n\u0131 ve \u00f6mr\u00fcn\u00fc art\u0131r\u0131r. Dayan\u0131kl\u0131 malzemeden \u00fcretilmi\u015f olup uzun s\u00fcreli kullan\u0131m i\u00e7in uygundur. Operat\u00f6r konforu ve makine verimlili\u011fi i\u00e7in kritik \u00f6neme sahiptir.<\/p>\n<p data-start=\"405\" data-end=\"676\"><strong data-start=\"405\" data-end=\"420\">\u00d6zellikler:<\/strong><br data-start=\"420\" data-end=\"423\" \/><strong data-start=\"423\" data-end=\"437\">\u00dcr\u00fcn Kodu:<\/strong> 0009839000<br data-start=\"448\" data-end=\"451\" \/><strong data-start=\"451\" data-end=\"470\">Kullan\u0131m Alan\u0131:<\/strong> Forklift ve a\u011f\u0131r i\u015f makineleri motorlar\u0131<br data-start=\"511\" data-end=\"514\" \/><strong data-start=\"514\" data-end=\"529\">Filtrasyon:<\/strong> Toz, kir ve zararl\u0131 partik\u00fclleri engeller<br data-start=\"571\" data-end=\"574\" \/><strong data-start=\"574\" data-end=\"591\">Dayan\u0131kl\u0131l\u0131k:<\/strong> Uzun \u00f6m\u00fcrl\u00fc, sa\u011flam malzeme<br data-start=\"619\" data-end=\"622\" \/><strong data-start=\"622\" data-end=\"637\">Performans:<\/strong> Motor korumas\u0131 ve makine verimlili\u011fi<\/p>\n<p data-start=\"678\" data-end=\"1078\">\n","protected":false},"featured_media":15604,"template":"","meta":[],"product_brand":[],"product_cat":[246,498,523],"product_tag":[],"class_list":{"0":"post-15599","1":"product","2":"type-product","3":"status-publish","4":"has-post-thumbnail","6":"product_cat-linde","7":"product_cat-filtre-cesitleri","8":"product_cat-yedek-parca-linde","10":"first","11":"instock","12":"taxable","13":"shipping-taxable","14":"purchasable","15":"product-type-simple"},"_links":{"self":[{"href":"https:\/\/ceoparts.com\/tr\/wp-json\/wp\/v2\/product\/15599","targetHints":{"allow":["GET"]}}],"collection":[{"href":"https:\/\/ceoparts.com\/tr\/wp-json\/wp\/v2\/product"}],"about":[{"href":"https:\/\/ceoparts.com\/tr\/wp-json\/wp\/v2\/types\/product"}],"wp:featuredmedia":[{"embeddable":true,"href":"https:\/\/ceoparts.com\/tr\/wp-json\/wp\/v2\/media\/15604"}],"wp:attachment":[{"href":"https:\/\/ceoparts.com\/tr\/wp-json\/wp\/v2\/media?parent=15599"}],"wp:term":[{"taxonomy":"product_brand","embeddable":true,"href":"https:\/\/ceoparts.com\/tr\/wp-json\/wp\/v2\/product_brand?post=15599"},{"taxonomy":"product_cat","embeddable":true,"href":"https:\/\/ceoparts.com\/tr\/wp-json\/wp\/v2\/product_cat?post=15599"},{"taxonomy":"product_tag","embeddable":true,"href":"https:\/\/ceoparts.com\/tr\/wp-json\/wp\/v2\/product_tag?post=15599"}],"curies":[{"name":"wp","href":"https:\/\/api.w.org\/{rel}","templated":true}]}}