{"id":15605,"date":"2025-03-01T11:24:49","date_gmt":"2025-03-01T08:24:49","guid":{"rendered":"https:\/\/ceoparts.com\/?post_type=product&#038;p=15605"},"modified":"2026-05-16T17:05:26","modified_gmt":"2026-05-16T14:05:26","slug":"linde-havalandirma-filtresi-0009830701","status":"publish","type":"product","link":"https:\/\/ceoparts.com\/tr\/urun\/linde-havalandirma-filtresi-0009830701\/","title":{"rendered":"Linde Havaland\u0131rma Filtresi &#8211; 0009830701"},"content":{"rendered":"<p>Linde Havaland\u0131rma Filtresi &#8211; 0009830701<\/p>","protected":false},"excerpt":{"rendered":"<p data-start=\"0\" data-end=\"431\"><br data-start=\"5\" data-end=\"8\" \/>Linde Havaland\u0131rma Filtresi 0009830701, forklift ve a\u011f\u0131r i\u015f makinelerinin motor ve kabin havaland\u0131rma sistemlerinde kullan\u0131lan \u00f6nemli bir par\u00e7ad\u0131r. Motorun ve operat\u00f6r kabininin temiz hava almas\u0131n\u0131 sa\u011flayarak, toz, kir ve di\u011fer zararl\u0131 partik\u00fcllerin i\u00e7eri girmesini engeller. Bu sayede hem motor performans\u0131n\u0131 art\u0131r\u0131r hem de operat\u00f6r konforunu sa\u011flar. Y\u00fcksek kaliteli malzemeden \u00fcretilmi\u015f olup, uzun \u00f6m\u00fcrl\u00fc ve dayan\u0131kl\u0131d\u0131r.<\/p>\n<p data-start=\"433\" data-end=\"730\"><strong data-start=\"433\" data-end=\"448\">\u00d6zellikler:<\/strong><br data-start=\"448\" data-end=\"451\" \/><strong data-start=\"451\" data-end=\"465\">\u00dcr\u00fcn Kodu:<\/strong> 0009830701<br data-start=\"476\" data-end=\"479\" \/><strong data-start=\"479\" data-end=\"498\">Kullan\u0131m Alan\u0131:<\/strong> Forklift ve a\u011f\u0131r i\u015f makineleri motor ve kabin havaland\u0131rma sistemi<br data-start=\"565\" data-end=\"568\" \/><strong data-start=\"568\" data-end=\"583\">Filtrasyon:<\/strong> Toz, kir ve zararl\u0131 partik\u00fclleri engeller<br data-start=\"625\" data-end=\"628\" \/><strong data-start=\"628\" data-end=\"645\">Dayan\u0131kl\u0131l\u0131k:<\/strong> Uzun \u00f6m\u00fcrl\u00fc, kaliteli malzeme<br data-start=\"675\" data-end=\"678\" \/><strong data-start=\"678\" data-end=\"693\">Performans:<\/strong> Motor korumas\u0131 ve operat\u00f6r konforu<\/p>\n<p data-start=\"732\" data-end=\"1115\">\n","protected":false},"featured_media":15611,"template":"","meta":[],"product_brand":[],"product_cat":[246,498,523],"product_tag":[],"class_list":{"0":"post-15605","1":"product","2":"type-product","3":"status-publish","4":"has-post-thumbnail","6":"product_cat-linde","7":"product_cat-filtre-cesitleri","8":"product_cat-yedek-parca-linde","10":"first","11":"instock","12":"taxable","13":"shipping-taxable","14":"purchasable","15":"product-type-simple"},"_links":{"self":[{"href":"https:\/\/ceoparts.com\/tr\/wp-json\/wp\/v2\/product\/15605","targetHints":{"allow":["GET"]}}],"collection":[{"href":"https:\/\/ceoparts.com\/tr\/wp-json\/wp\/v2\/product"}],"about":[{"href":"https:\/\/ceoparts.com\/tr\/wp-json\/wp\/v2\/types\/product"}],"wp:featuredmedia":[{"embeddable":true,"href":"https:\/\/ceoparts.com\/tr\/wp-json\/wp\/v2\/media\/15611"}],"wp:attachment":[{"href":"https:\/\/ceoparts.com\/tr\/wp-json\/wp\/v2\/media?parent=15605"}],"wp:term":[{"taxonomy":"product_brand","embeddable":true,"href":"https:\/\/ceoparts.com\/tr\/wp-json\/wp\/v2\/product_brand?post=15605"},{"taxonomy":"product_cat","embeddable":true,"href":"https:\/\/ceoparts.com\/tr\/wp-json\/wp\/v2\/product_cat?post=15605"},{"taxonomy":"product_tag","embeddable":true,"href":"https:\/\/ceoparts.com\/tr\/wp-json\/wp\/v2\/product_tag?post=15605"}],"curies":[{"name":"wp","href":"https:\/\/api.w.org\/{rel}","templated":true}]}}