{"id":15610,"date":"2025-03-01T11:47:29","date_gmt":"2025-03-01T08:47:29","guid":{"rendered":"https:\/\/ceoparts.com\/?post_type=product&#038;p=15610"},"modified":"2026-05-16T17:11:31","modified_gmt":"2026-05-16T14:11:31","slug":"linde-yakit-filtresi-0009839030","status":"publish","type":"product","link":"https:\/\/ceoparts.com\/tr\/urun\/linde-yakit-filtresi-0009839030\/","title":{"rendered":"Linde Yak\u0131t Filtresi &#8211; 0009839030"},"content":{"rendered":"<p>Linde Yak\u0131t Filtresi &#8211; 0009839030<\/p>\n<p>H20<\/p>\n<p>H25<\/p>\n<p>H30<\/p>\n<p>H35<\/p>\n<p>H40<\/p>\n<p>H45<\/p>\n<p>H50<\/p>","protected":false},"excerpt":{"rendered":"<p data-start=\"0\" data-end=\"446\"><br data-start=\"5\" data-end=\"8\" \/>Linde Yak\u0131t Filtresi 0009839030, forklift ve a\u011f\u0131r i\u015f makinelerinin yak\u0131t sistemlerinde kullan\u0131lan hayati bir par\u00e7ad\u0131r. Yak\u0131t\u0131n i\u00e7erisindeki kir, tortu ve di\u011fer yabanc\u0131 maddelerin motora ula\u015fmas\u0131n\u0131 engelleyerek, motorun performans\u0131n\u0131 korur ve \u00f6mr\u00fcn\u00fc uzat\u0131r. Y\u00fcksek kaliteli malzemeden \u00fcretilmi\u015f olup, uzun s\u00fcreli dayan\u0131kl\u0131l\u0131k ve verimli filtrasyon sa\u011flar. D\u00fczenli de\u011fi\u015fimi, yak\u0131t sistemi ar\u0131zalar\u0131n\u0131 \u00f6nler ve \u00e7al\u0131\u015fma verimlili\u011fini art\u0131r\u0131r.<\/p>\n<p data-start=\"448\" data-end=\"717\"><strong data-start=\"448\" data-end=\"463\">\u00d6zellikler:<\/strong><br data-start=\"463\" data-end=\"466\" \/><strong data-start=\"466\" data-end=\"480\">\u00dcr\u00fcn Kodu:<\/strong> 0009839030<br data-start=\"491\" data-end=\"494\" \/><strong data-start=\"494\" data-end=\"513\">Kullan\u0131m Alan\u0131:<\/strong> Forklift ve a\u011f\u0131r i\u015f makineleri yak\u0131t sistemi<br data-start=\"558\" data-end=\"561\" \/><strong data-start=\"561\" data-end=\"576\">Filtrasyon:<\/strong> Y\u00fcksek verimli, kir ve tortu tutar<br data-start=\"611\" data-end=\"614\" \/><strong data-start=\"614\" data-end=\"631\">Dayan\u0131kl\u0131l\u0131k:<\/strong> Uzun \u00f6m\u00fcrl\u00fc, kaliteli malzeme<br data-start=\"661\" data-end=\"664\" \/><strong data-start=\"664\" data-end=\"679\">Performans:<\/strong> Motor korumas\u0131 ve verimlilik art\u0131\u015f\u0131<\/p>\n<p data-start=\"719\" data-end=\"1163\">\n","protected":false},"featured_media":15613,"template":"","meta":[],"product_brand":[],"product_cat":[246,498,523],"product_tag":[],"class_list":{"0":"post-15610","1":"product","2":"type-product","3":"status-publish","4":"has-post-thumbnail","6":"product_cat-linde","7":"product_cat-filtre-cesitleri","8":"product_cat-yedek-parca-linde","10":"first","11":"instock","12":"taxable","13":"shipping-taxable","14":"purchasable","15":"product-type-simple"},"_links":{"self":[{"href":"https:\/\/ceoparts.com\/tr\/wp-json\/wp\/v2\/product\/15610","targetHints":{"allow":["GET"]}}],"collection":[{"href":"https:\/\/ceoparts.com\/tr\/wp-json\/wp\/v2\/product"}],"about":[{"href":"https:\/\/ceoparts.com\/tr\/wp-json\/wp\/v2\/types\/product"}],"wp:featuredmedia":[{"embeddable":true,"href":"https:\/\/ceoparts.com\/tr\/wp-json\/wp\/v2\/media\/15613"}],"wp:attachment":[{"href":"https:\/\/ceoparts.com\/tr\/wp-json\/wp\/v2\/media?parent=15610"}],"wp:term":[{"taxonomy":"product_brand","embeddable":true,"href":"https:\/\/ceoparts.com\/tr\/wp-json\/wp\/v2\/product_brand?post=15610"},{"taxonomy":"product_cat","embeddable":true,"href":"https:\/\/ceoparts.com\/tr\/wp-json\/wp\/v2\/product_cat?post=15610"},{"taxonomy":"product_tag","embeddable":true,"href":"https:\/\/ceoparts.com\/tr\/wp-json\/wp\/v2\/product_tag?post=15610"}],"curies":[{"name":"wp","href":"https:\/\/api.w.org\/{rel}","templated":true}]}}