{"id":15616,"date":"2025-03-01T12:59:35","date_gmt":"2025-03-01T09:59:35","guid":{"rendered":"https:\/\/ceoparts.com\/?post_type=product&#038;p=15616"},"modified":"2026-05-03T14:42:02","modified_gmt":"2026-05-03T11:42:02","slug":"20x52x24-linde-mast-rulman-0009249364","status":"publish","type":"product","link":"https:\/\/ceoparts.com\/tr\/urun\/20x52x24-linde-mast-rulman-0009249364\/","title":{"rendered":"20x52x24 Linde Mast Rulman &#8211; 0009249364"},"content":{"rendered":"<p>20x52x24 Linde Mast Rulman &#8211; 0009249364<\/p>","protected":false},"excerpt":{"rendered":"<p data-start=\"0\" data-end=\"313\"><br data-start=\"5\" data-end=\"8\" \/>Linde Mast Rulman\u0131 0009249364, forkliftlerin <strong data-start=\"53\" data-end=\"61\">mast<\/strong> b\u00f6l\u00fcm\u00fcnde kullan\u0131lan kritik bir par\u00e7ad\u0131r. Y\u00fck ta\u015f\u0131ma ve y\u00f6nlendirme s\u0131ras\u0131nda y\u00fcksek <strong data-start=\"147\" data-end=\"163\">dayan\u0131kl\u0131l\u0131k<\/strong> ve <strong data-start=\"167\" data-end=\"187\">s\u00fcrt\u00fcnme azaltma<\/strong> \u00f6zellikleriyle mast\u0131n sorunsuz \u00e7al\u0131\u015fmas\u0131n\u0131 sa\u011flar. Bu rulman, uzun \u00f6m\u00fcrl\u00fc performans ve operat\u00f6r konforu i\u00e7in tasarlanm\u0131\u015ft\u0131r.<\/p>\n<p data-start=\"315\" data-end=\"537\"><strong data-start=\"315\" data-end=\"330\">\u00d6zellikler:<\/strong><br data-start=\"330\" data-end=\"333\" \/><strong data-start=\"333\" data-end=\"346\">Boyutlar:<\/strong> 20x52x24 mm<br data-start=\"358\" data-end=\"361\" \/><strong data-start=\"361\" data-end=\"375\">\u00dcr\u00fcn Kodu:<\/strong> 0009249364<br data-start=\"386\" data-end=\"389\" \/><strong data-start=\"389\" data-end=\"408\">Kullan\u0131m Alan\u0131:<\/strong> Forklift mast b\u00f6l\u00fcm\u00fc<br data-start=\"429\" data-end=\"432\" \/><strong data-start=\"432\" data-end=\"449\">Dayan\u0131kl\u0131l\u0131k:<\/strong> Y\u00fcksek dayan\u0131kl\u0131, a\u015f\u0131nmaya diren\u00e7li<br data-start=\"485\" data-end=\"488\" \/><strong data-start=\"488\" data-end=\"503\">Performans:<\/strong> S\u00fcrt\u00fcnmeyi azalt\u0131r, uzun \u00f6m\u00fcrl\u00fc<\/p>\n<p data-start=\"539\" data-end=\"846\">\n","protected":false},"featured_media":15617,"template":"","meta":[],"product_brand":[],"product_cat":[246,460,523],"product_tag":[],"class_list":{"0":"post-15616","1":"product","2":"type-product","3":"status-publish","4":"has-post-thumbnail","6":"product_cat-linde","7":"product_cat-yuk-ve-mekanizma-rulmanlari","8":"product_cat-yedek-parca-linde","10":"first","11":"instock","12":"taxable","13":"shipping-taxable","14":"purchasable","15":"product-type-simple"},"_links":{"self":[{"href":"https:\/\/ceoparts.com\/tr\/wp-json\/wp\/v2\/product\/15616","targetHints":{"allow":["GET"]}}],"collection":[{"href":"https:\/\/ceoparts.com\/tr\/wp-json\/wp\/v2\/product"}],"about":[{"href":"https:\/\/ceoparts.com\/tr\/wp-json\/wp\/v2\/types\/product"}],"wp:featuredmedia":[{"embeddable":true,"href":"https:\/\/ceoparts.com\/tr\/wp-json\/wp\/v2\/media\/15617"}],"wp:attachment":[{"href":"https:\/\/ceoparts.com\/tr\/wp-json\/wp\/v2\/media?parent=15616"}],"wp:term":[{"taxonomy":"product_brand","embeddable":true,"href":"https:\/\/ceoparts.com\/tr\/wp-json\/wp\/v2\/product_brand?post=15616"},{"taxonomy":"product_cat","embeddable":true,"href":"https:\/\/ceoparts.com\/tr\/wp-json\/wp\/v2\/product_cat?post=15616"},{"taxonomy":"product_tag","embeddable":true,"href":"https:\/\/ceoparts.com\/tr\/wp-json\/wp\/v2\/product_tag?post=15616"}],"curies":[{"name":"wp","href":"https:\/\/api.w.org\/{rel}","templated":true}]}}