{"id":15631,"date":"2025-03-03T10:29:12","date_gmt":"2025-03-03T07:29:12","guid":{"rendered":"https:\/\/ceoparts.com\/?post_type=product&#038;p=15631"},"modified":"2026-05-16T17:57:51","modified_gmt":"2026-05-16T14:57:51","slug":"frotek-forklift-aku-baglanti-kablosu-50x150","status":"publish","type":"product","link":"https:\/\/ceoparts.com\/tr\/urun\/frotek-forklift-aku-baglanti-kablosu-50x150\/","title":{"rendered":"Fr\u00f6tek Ak\u00fc H\u00fccre Ba\u011flant\u0131 Kablosu Perfect 50&#215;150"},"content":{"rendered":"<p>Fr\u00f6tek Ak\u00fc H\u00fccre Ba\u011flant\u0131 Kablosu Perfect 50&#215;150<\/p>","protected":false},"excerpt":{"rendered":"<p data-start=\"83\" data-end=\"439\"><br data-start=\"88\" data-end=\"91\" \/>Fr\u00f6tek Ak\u00fc H\u00fccre Ba\u011flant\u0131 Kablosu Perfect 50\u00d7150, forklift ve end\u00fcstriyel ak\u00fc sistemleri i\u00e7in \u00f6zel olarak tasarlanm\u0131\u015f <strong data-start=\"209\" data-end=\"228\">y\u00fcksek kaliteli<\/strong> bir ba\u011flant\u0131 kablosudur. G\u00fc\u00e7l\u00fc yap\u0131s\u0131 sayesinde enerji aktar\u0131m\u0131nda <strong data-start=\"296\" data-end=\"314\">maksimum verim<\/strong> sa\u011flar. Yo\u011fun i\u015f temposunda g\u00fcvenli ve sa\u011flam ba\u011flant\u0131 sunarak, sistem performans\u0131n\u0131 art\u0131r\u0131r ve bak\u0131m maliyetlerini d\u00fc\u015f\u00fcr\u00fcr.<\/p>\n<p data-start=\"441\" data-end=\"691\"><strong data-start=\"441\" data-end=\"456\">\u00d6zellikler:<\/strong><br data-start=\"456\" data-end=\"459\" \/><strong data-start=\"459\" data-end=\"472\">\u00dcr\u00fcn Ad\u0131:<\/strong> Fr\u00f6tek Ak\u00fc H\u00fccre Ba\u011flant\u0131 Kablosu Perfect 50\u00d7150<br data-start=\"521\" data-end=\"524\" \/><strong data-start=\"524\" data-end=\"534\">Boyut:<\/strong> 50\u00d7150<br data-start=\"541\" data-end=\"544\" \/><strong data-start=\"544\" data-end=\"563\">Kullan\u0131m Alan\u0131:<\/strong> Forklift ve end\u00fcstriyel ak\u00fc sistemleri<br data-start=\"602\" data-end=\"605\" \/><strong data-start=\"605\" data-end=\"622\">Dayan\u0131kl\u0131l\u0131k:<\/strong> Y\u00fcksek kaliteli, uzun \u00f6m\u00fcrl\u00fc<br data-start=\"651\" data-end=\"654\" \/><strong data-start=\"654\" data-end=\"664\">Verim:<\/strong> Maksimum enerji aktar\u0131m\u0131<\/p>\n<p data-start=\"693\" data-end=\"1054\">\n","protected":false},"featured_media":15634,"template":"","meta":[],"product_brand":[],"product_cat":[446],"product_tag":[],"class_list":{"0":"post-15631","1":"product","2":"type-product","3":"status-publish","4":"has-post-thumbnail","6":"product_cat-aku-bar","8":"first","9":"instock","10":"taxable","11":"shipping-taxable","12":"purchasable","13":"product-type-simple"},"_links":{"self":[{"href":"https:\/\/ceoparts.com\/tr\/wp-json\/wp\/v2\/product\/15631","targetHints":{"allow":["GET"]}}],"collection":[{"href":"https:\/\/ceoparts.com\/tr\/wp-json\/wp\/v2\/product"}],"about":[{"href":"https:\/\/ceoparts.com\/tr\/wp-json\/wp\/v2\/types\/product"}],"wp:featuredmedia":[{"embeddable":true,"href":"https:\/\/ceoparts.com\/tr\/wp-json\/wp\/v2\/media\/15634"}],"wp:attachment":[{"href":"https:\/\/ceoparts.com\/tr\/wp-json\/wp\/v2\/media?parent=15631"}],"wp:term":[{"taxonomy":"product_brand","embeddable":true,"href":"https:\/\/ceoparts.com\/tr\/wp-json\/wp\/v2\/product_brand?post=15631"},{"taxonomy":"product_cat","embeddable":true,"href":"https:\/\/ceoparts.com\/tr\/wp-json\/wp\/v2\/product_cat?post=15631"},{"taxonomy":"product_tag","embeddable":true,"href":"https:\/\/ceoparts.com\/tr\/wp-json\/wp\/v2\/product_tag?post=15631"}],"curies":[{"name":"wp","href":"https:\/\/api.w.org\/{rel}","templated":true}]}}