{"id":15635,"date":"2025-03-03T10:58:20","date_gmt":"2025-03-03T07:58:20","guid":{"rendered":"https:\/\/ceoparts.com\/?post_type=product&#038;p=15635"},"modified":"2026-05-16T17:47:18","modified_gmt":"2026-05-16T14:47:18","slug":"linde-pedal-butonu-7915422121","status":"publish","type":"product","link":"https:\/\/ceoparts.com\/tr\/urun\/linde-pedal-butonu-7915422121\/","title":{"rendered":"Linde Pedal Butonu &#8211; 7915422121"},"content":{"rendered":"<p>Linde Pedal Butonu &#8211; 7915422121<\/p>","protected":false},"excerpt":{"rendered":"<p data-start=\"144\" data-end=\"440\"><br data-start=\"153\" data-end=\"156\" \/>Linde Pedal Butonu \u2013 7915422121, forkliftin hareket ve fonksiyon kontrol\u00fcn\u00fc sa\u011flayan \u00f6nemli bir kontrol eleman\u0131d\u0131r. Operat\u00f6r\u00fcn makineyi g\u00fcvenli ve h\u0131zl\u0131 \u015fekilde y\u00f6netmesine yard\u0131mc\u0131 olur. Y\u00fcksek kaliteli malzeme yap\u0131s\u0131 sayesinde yo\u011fun ve uzun s\u00fcreli kullan\u0131mlarda performans\u0131n\u0131 korur.<\/p>\n<p data-start=\"442\" data-end=\"601\"><strong data-start=\"442\" data-end=\"457\">\u00d6zellikler:<\/strong><br data-start=\"457\" data-end=\"460\" \/><strong data-start=\"460\" data-end=\"475\">Par\u00e7a Kodu:<\/strong> 7915422121<br data-start=\"486\" data-end=\"489\" \/><strong data-start=\"489\" data-end=\"506\">Uyumlu Marka:<\/strong> Linde<br data-start=\"512\" data-end=\"515\" \/><strong data-start=\"515\" data-end=\"529\">Fonksiyon:<\/strong> Pedal kontrol butonu<br data-start=\"550\" data-end=\"553\" \/><strong data-start=\"553\" data-end=\"570\">Dayan\u0131kl\u0131l\u0131k:<\/strong> Y\u00fcksek kaliteli, uzun \u00f6m\u00fcrl\u00fc<\/p>\n<hr data-start=\"603\" data-end=\"606\" \/>\n<p data-start=\"608\" data-end=\"886\">\n<p>&nbsp;<\/p>\n<p>R14SP (1123) 12\/2009 -&gt;, R16SP (1123) 12\/2009 -&gt;, R18SP (1123) 12\/2009 -&gt;.<\/p>\n","protected":false},"featured_media":15636,"template":"","meta":[],"product_brand":[],"product_cat":[246,471,523],"product_tag":[],"class_list":{"0":"post-15635","1":"product","2":"type-product","3":"status-publish","4":"has-post-thumbnail","6":"product_cat-linde","7":"product_cat-joystick-pedal-yedek-parca","8":"product_cat-yedek-parca-linde","10":"first","11":"instock","12":"taxable","13":"shipping-taxable","14":"purchasable","15":"product-type-simple"},"_links":{"self":[{"href":"https:\/\/ceoparts.com\/tr\/wp-json\/wp\/v2\/product\/15635","targetHints":{"allow":["GET"]}}],"collection":[{"href":"https:\/\/ceoparts.com\/tr\/wp-json\/wp\/v2\/product"}],"about":[{"href":"https:\/\/ceoparts.com\/tr\/wp-json\/wp\/v2\/types\/product"}],"wp:featuredmedia":[{"embeddable":true,"href":"https:\/\/ceoparts.com\/tr\/wp-json\/wp\/v2\/media\/15636"}],"wp:attachment":[{"href":"https:\/\/ceoparts.com\/tr\/wp-json\/wp\/v2\/media?parent=15635"}],"wp:term":[{"taxonomy":"product_brand","embeddable":true,"href":"https:\/\/ceoparts.com\/tr\/wp-json\/wp\/v2\/product_brand?post=15635"},{"taxonomy":"product_cat","embeddable":true,"href":"https:\/\/ceoparts.com\/tr\/wp-json\/wp\/v2\/product_cat?post=15635"},{"taxonomy":"product_tag","embeddable":true,"href":"https:\/\/ceoparts.com\/tr\/wp-json\/wp\/v2\/product_tag?post=15635"}],"curies":[{"name":"wp","href":"https:\/\/api.w.org\/{rel}","templated":true}]}}