{"id":15644,"date":"2025-03-03T11:26:58","date_gmt":"2025-03-03T08:26:58","guid":{"rendered":"https:\/\/ceoparts.com\/?post_type=product&#038;p=15644"},"modified":"2026-05-16T15:28:38","modified_gmt":"2026-05-16T12:28:38","slug":"linde-direksiyon-aci-sensoru-7917415482","status":"publish","type":"product","link":"https:\/\/ceoparts.com\/tr\/urun\/linde-direksiyon-aci-sensoru-7917415482\/","title":{"rendered":"Linde Direksiyon A\u00e7\u0131 Sens\u00f6r\u00fc &#8211; 7917415482"},"content":{"rendered":"<p>Linde Direksiyon A\u00e7\u0131 Sens\u00f6r\u00fc &#8211; 7917415482<\/p>","protected":false},"excerpt":{"rendered":"<p data-start=\"68\" data-end=\"469\"><br data-start=\"77\" data-end=\"80\" \/>Linde Direksiyon A\u00e7\u0131 Sens\u00f6r\u00fc \u2013 7917415482, forkliftlerde direksiyon sisteminin hassas ve do\u011fru \u00e7al\u0131\u015fmas\u0131n\u0131 sa\u011flamak amac\u0131yla kullan\u0131lan \u00f6nemli bir sens\u00f6rd\u00fcr. Bu \u00fcr\u00fcn, direksiyonun d\u00f6n\u00fc\u015f a\u00e7\u0131lar\u0131n\u0131 elektronik kontrol sistemine ileterek manevra kabiliyetini ve g\u00fcvenli\u011fini art\u0131r\u0131r. \u00d6zellikle yo\u011fun depo i\u00e7i ta\u015f\u0131mac\u0131l\u0131kta ve dar alan manevralar\u0131nda sistemin stabil \u00e7al\u0131\u015fmas\u0131na katk\u0131da bulunur.<\/p>\n<p data-start=\"471\" data-end=\"610\"><strong data-start=\"471\" data-end=\"486\">\u00d6zellikler:<\/strong><br data-start=\"486\" data-end=\"489\" \/><strong data-start=\"489\" data-end=\"504\">Par\u00e7a Kodu:<\/strong> 7917415482<br data-start=\"515\" data-end=\"518\" \/><strong data-start=\"518\" data-end=\"535\">Uyumlu Marka:<\/strong> Linde<br data-start=\"541\" data-end=\"544\" \/><strong data-start=\"544\" data-end=\"558\">Fonksiyon:<\/strong> Direksiyon a\u00e7\u0131 tespiti<br data-start=\"581\" data-end=\"584\" \/><strong data-start=\"584\" data-end=\"601\">Dayan\u0131kl\u0131l\u0131k:<\/strong> Y\u00fcksek<\/p>\n<p data-start=\"612\" data-end=\"942\">\n","protected":false},"featured_media":15645,"template":"","meta":[],"product_brand":[],"product_cat":[246,469,523],"product_tag":[],"class_list":{"0":"post-15644","1":"product","2":"type-product","3":"status-publish","4":"has-post-thumbnail","6":"product_cat-linde","7":"product_cat-elektrik-ve-sistem-parcalari","8":"product_cat-yedek-parca-linde","10":"first","11":"instock","12":"taxable","13":"shipping-taxable","14":"purchasable","15":"product-type-simple"},"_links":{"self":[{"href":"https:\/\/ceoparts.com\/tr\/wp-json\/wp\/v2\/product\/15644","targetHints":{"allow":["GET"]}}],"collection":[{"href":"https:\/\/ceoparts.com\/tr\/wp-json\/wp\/v2\/product"}],"about":[{"href":"https:\/\/ceoparts.com\/tr\/wp-json\/wp\/v2\/types\/product"}],"wp:featuredmedia":[{"embeddable":true,"href":"https:\/\/ceoparts.com\/tr\/wp-json\/wp\/v2\/media\/15645"}],"wp:attachment":[{"href":"https:\/\/ceoparts.com\/tr\/wp-json\/wp\/v2\/media?parent=15644"}],"wp:term":[{"taxonomy":"product_brand","embeddable":true,"href":"https:\/\/ceoparts.com\/tr\/wp-json\/wp\/v2\/product_brand?post=15644"},{"taxonomy":"product_cat","embeddable":true,"href":"https:\/\/ceoparts.com\/tr\/wp-json\/wp\/v2\/product_cat?post=15644"},{"taxonomy":"product_tag","embeddable":true,"href":"https:\/\/ceoparts.com\/tr\/wp-json\/wp\/v2\/product_tag?post=15644"}],"curies":[{"name":"wp","href":"https:\/\/api.w.org\/{rel}","templated":true}]}}