{"id":15657,"date":"2025-03-03T11:57:26","date_gmt":"2025-03-03T08:57:26","guid":{"rendered":"https:\/\/ceoparts.com\/?post_type=product&#038;p=15657"},"modified":"2026-05-16T15:27:16","modified_gmt":"2026-05-16T12:27:16","slug":"linde-direnc-7916400996","status":"publish","type":"product","link":"https:\/\/ceoparts.com\/tr\/urun\/linde-direnc-7916400996\/","title":{"rendered":"Linde Diren\u00e7 &#8211; 7916400996"},"content":{"rendered":"<p>Linde Diren\u00e7 &#8211; 7916400996<\/p>","protected":false},"excerpt":{"rendered":"<div>\n<p data-start=\"0\" data-end=\"365\"><br data-start=\"5\" data-end=\"8\" \/>Linde forklift ve i\u015f makinelerinde kullan\u0131lan y\u00fcksek kaliteli bir diren\u00e7tir. Elektrik devrelerinde voltaj ve ak\u0131m kontrol\u00fc sa\u011flayarak makinenin performans\u0131n\u0131 ve g\u00fcvenli\u011fini art\u0131r\u0131r. Dayan\u0131kl\u0131 yap\u0131s\u0131 ile zorlu \u00e7al\u0131\u015fma ko\u015fullar\u0131na kar\u015f\u0131 diren\u00e7 g\u00f6sterir ve uzun \u00f6m\u00fcrl\u00fcd\u00fcr. Forklift elektrik sistemlerinde kritik bir rol oynar.<\/p>\n<p data-start=\"367\" data-end=\"384\"><strong data-start=\"367\" data-end=\"382\">\u00d6zellikler:<\/strong><\/p>\n<ul data-start=\"385\" data-end=\"623\">\n<li data-start=\"385\" data-end=\"410\">\n<p data-start=\"387\" data-end=\"410\"><strong data-start=\"387\" data-end=\"397\">Model:<\/strong> 7916400996<\/p>\n<\/li>\n<li data-start=\"411\" data-end=\"473\">\n<p data-start=\"413\" data-end=\"473\"><strong data-start=\"413\" data-end=\"426\">Uygulama:<\/strong> Forklift ve i\u015f makineleri elektrik devreleri<\/p>\n<\/li>\n<li data-start=\"474\" data-end=\"528\">\n<p data-start=\"476\" data-end=\"528\"><strong data-start=\"476\" data-end=\"493\">Dayan\u0131kl\u0131l\u0131k:<\/strong> Y\u00fcksek dayan\u0131kl\u0131l\u0131k ve uzun \u00f6m\u00fcr<\/p>\n<\/li>\n<li data-start=\"529\" data-end=\"579\">\n<p data-start=\"531\" data-end=\"579\"><strong data-start=\"531\" data-end=\"546\">Performans:<\/strong> Stabil voltaj ve ak\u0131m kontrol\u00fc<\/p>\n<\/li>\n<li data-start=\"580\" data-end=\"623\">\n<p data-start=\"582\" data-end=\"623\"><strong data-start=\"582\" data-end=\"593\">Montaj:<\/strong> Kolay entegrasyon ve montaj<\/p>\n<\/li>\n<\/ul>\n<p data-start=\"625\" data-end=\"977\">\n<\/div>\n<div class=\"iwrap\">LINDE E20<\/div>\n<div>T-371<\/div>\n","protected":false},"featured_media":15658,"template":"","meta":[],"product_brand":[],"product_cat":[246,469,523],"product_tag":[],"class_list":{"0":"post-15657","1":"product","2":"type-product","3":"status-publish","4":"has-post-thumbnail","6":"product_cat-linde","7":"product_cat-elektrik-ve-sistem-parcalari","8":"product_cat-yedek-parca-linde","10":"first","11":"instock","12":"taxable","13":"shipping-taxable","14":"purchasable","15":"product-type-simple"},"_links":{"self":[{"href":"https:\/\/ceoparts.com\/tr\/wp-json\/wp\/v2\/product\/15657","targetHints":{"allow":["GET"]}}],"collection":[{"href":"https:\/\/ceoparts.com\/tr\/wp-json\/wp\/v2\/product"}],"about":[{"href":"https:\/\/ceoparts.com\/tr\/wp-json\/wp\/v2\/types\/product"}],"wp:featuredmedia":[{"embeddable":true,"href":"https:\/\/ceoparts.com\/tr\/wp-json\/wp\/v2\/media\/15658"}],"wp:attachment":[{"href":"https:\/\/ceoparts.com\/tr\/wp-json\/wp\/v2\/media?parent=15657"}],"wp:term":[{"taxonomy":"product_brand","embeddable":true,"href":"https:\/\/ceoparts.com\/tr\/wp-json\/wp\/v2\/product_brand?post=15657"},{"taxonomy":"product_cat","embeddable":true,"href":"https:\/\/ceoparts.com\/tr\/wp-json\/wp\/v2\/product_cat?post=15657"},{"taxonomy":"product_tag","embeddable":true,"href":"https:\/\/ceoparts.com\/tr\/wp-json\/wp\/v2\/product_tag?post=15657"}],"curies":[{"name":"wp","href":"https:\/\/api.w.org\/{rel}","templated":true}]}}