{"id":15661,"date":"2025-03-03T12:06:02","date_gmt":"2025-03-03T09:06:02","guid":{"rendered":"https:\/\/ceoparts.com\/?post_type=product&#038;p=15661"},"modified":"2026-05-16T15:28:35","modified_gmt":"2026-05-16T12:28:35","slug":"linde-direnc-7916400993","status":"publish","type":"product","link":"https:\/\/ceoparts.com\/tr\/urun\/linde-direnc-7916400993\/","title":{"rendered":"Linde Diren\u00e7 &#8211; 7916400993"},"content":{"rendered":"<p>Linde Diren\u00e7 &#8211; 7916400993<\/p>\n<p>LINDE<br data-start=\"87\" data-end=\"90\" data-is-only-node=\"\" \/>R14<br data-start=\"97\" data-end=\"100\" \/>2005<br data-start=\"108\" data-end=\"111\" \/>AP 108-K1<br data-start=\"124\" data-end=\"127\" \/>Elektrikli<br data-start=\"137\" data-end=\"140\" \/>Y\u00dcKSEK DEPOLAMA ARACI<br data-start=\"165\" data-end=\"168\" \/>Kap\u0131 say\u0131s\u0131: 1<br data-start=\"182\" data-end=\"185\" \/>\u015eanz\u0131man: RED\u00dcKT\u00d6R\/MOTOR RED\u00dcKT\u00d6R\u00dc<br data-start=\"223\" data-end=\"226\" \/>Seri Numaras\u0131: 7916400993<\/p>","protected":false},"excerpt":{"rendered":"<article class=\"text-token-text-primary w-full\" dir=\"auto\" data-testid=\"conversation-turn-412\" data-scroll-anchor=\"true\">\n<div class=\"text-base my-auto mx-auto py-5 [--thread-content-margin:--spacing(4)] @[37rem]:[--thread-content-margin:--spacing(6)] @[72rem]:[--thread-content-margin:--spacing(16)] px-(--thread-content-margin)\">\n<div class=\"[--thread-content-max-width:32rem] @[34rem]:[--thread-content-max-width:40rem] @[64rem]:[--thread-content-max-width:48rem] mx-auto flex max-w-(--thread-content-max-width) flex-1 text-base gap-4 md:gap-5 lg:gap-6 group\/turn-messages focus-visible:outline-hidden\" tabindex=\"-1\">\n<div class=\"group\/conversation-turn relative flex w-full min-w-0 flex-col agent-turn\">\n<div class=\"relative flex-col gap-1 md:gap-3\">\n<div class=\"flex max-w-full flex-col grow\">\n<div class=\"min-h-8 text-message relative flex w-full flex-col items-end gap-2 text-start break-words whitespace-normal [.text-message+&amp;]:mt-5\" dir=\"auto\" data-message-author-role=\"assistant\" data-message-id=\"c3a7c6da-52e4-4363-9140-f2dbd80f3292\" data-message-model-slug=\"gpt-4-1-mini\">\n<div class=\"flex w-full flex-col gap-1 empty:hidden first:pt-[3px]\">\n<div class=\"markdown prose dark:prose-invert w-full break-words light\">\n<p data-start=\"0\" data-end=\"420\"><br data-start=\"5\" data-end=\"8\" \/><strong data-start=\"8\" data-end=\"37\">Linde Diren\u00e7 \u2013 7916400993<\/strong><br data-start=\"37\" data-end=\"40\" \/>Linde forklift ve i\u015f makinelerinde kullan\u0131lan y\u00fcksek kaliteli bir diren\u00e7tir. Bu diren\u00e7, elektrik devrelerinde voltaj ve ak\u0131m kontrol\u00fc sa\u011flar, b\u00f6ylece makinenin performans\u0131n\u0131 ve g\u00fcvenli\u011fini art\u0131r\u0131r. Dayan\u0131kl\u0131 yap\u0131s\u0131 sayesinde zorlu \u00e7al\u0131\u015fma ko\u015fullar\u0131na dayan\u0131kl\u0131d\u0131r ve uzun \u00f6m\u00fcrl\u00fc kullan\u0131m sunar. Do\u011fru \u00f6l\u00e7\u00fcleri ve g\u00fcvenilirli\u011fi ile forklift operasyonlar\u0131nda kritik bir rol oynar.<\/p>\n<p data-start=\"422\" data-end=\"439\"><strong data-start=\"422\" data-end=\"437\">\u00d6zellikler:<\/strong><\/p>\n<ul data-start=\"440\" data-end=\"672\">\n<li data-start=\"440\" data-end=\"465\">\n<p data-start=\"442\" data-end=\"465\"><strong data-start=\"442\" data-end=\"452\">Model:<\/strong> 7916400993<\/p>\n<\/li>\n<li data-start=\"466\" data-end=\"528\">\n<p data-start=\"468\" data-end=\"528\"><strong data-start=\"468\" data-end=\"481\">Uygulama:<\/strong> Forklift ve i\u015f makineleri elektrik devreleri<\/p>\n<\/li>\n<li data-start=\"529\" data-end=\"577\">\n<p data-start=\"531\" data-end=\"577\"><strong data-start=\"531\" data-end=\"548\">Dayan\u0131kl\u0131l\u0131k:<\/strong> Y\u00fcksek diren\u00e7 ve uzun \u00f6m\u00fcr<\/p>\n<\/li>\n<li data-start=\"578\" data-end=\"628\">\n<p data-start=\"580\" data-end=\"628\"><strong data-start=\"580\" data-end=\"595\">Performans:<\/strong> Stabil voltaj ve ak\u0131m kontrol\u00fc<\/p>\n<\/li>\n<li data-start=\"629\" data-end=\"672\">\n<p data-start=\"631\" data-end=\"672\"><strong data-start=\"631\" data-end=\"642\">Montaj:<\/strong> Kolay entegrasyon ve montaj<\/p>\n<\/li>\n<\/ul>\n<p data-start=\"674\" data-end=\"1085\">\n<\/div>\n<\/div>\n<\/div>\n<\/div>\n<\/div>\n<\/div>\n<\/div>\n<\/div>\n<\/article>\n","protected":false},"featured_media":15662,"template":"","meta":[],"product_brand":[],"product_cat":[246,469,523],"product_tag":[],"class_list":{"0":"post-15661","1":"product","2":"type-product","3":"status-publish","4":"has-post-thumbnail","6":"product_cat-linde","7":"product_cat-elektrik-ve-sistem-parcalari","8":"product_cat-yedek-parca-linde","10":"first","11":"instock","12":"taxable","13":"shipping-taxable","14":"purchasable","15":"product-type-simple"},"_links":{"self":[{"href":"https:\/\/ceoparts.com\/tr\/wp-json\/wp\/v2\/product\/15661","targetHints":{"allow":["GET"]}}],"collection":[{"href":"https:\/\/ceoparts.com\/tr\/wp-json\/wp\/v2\/product"}],"about":[{"href":"https:\/\/ceoparts.com\/tr\/wp-json\/wp\/v2\/types\/product"}],"wp:featuredmedia":[{"embeddable":true,"href":"https:\/\/ceoparts.com\/tr\/wp-json\/wp\/v2\/media\/15662"}],"wp:attachment":[{"href":"https:\/\/ceoparts.com\/tr\/wp-json\/wp\/v2\/media?parent=15661"}],"wp:term":[{"taxonomy":"product_brand","embeddable":true,"href":"https:\/\/ceoparts.com\/tr\/wp-json\/wp\/v2\/product_brand?post=15661"},{"taxonomy":"product_cat","embeddable":true,"href":"https:\/\/ceoparts.com\/tr\/wp-json\/wp\/v2\/product_cat?post=15661"},{"taxonomy":"product_tag","embeddable":true,"href":"https:\/\/ceoparts.com\/tr\/wp-json\/wp\/v2\/product_tag?post=15661"}],"curies":[{"name":"wp","href":"https:\/\/api.w.org\/{rel}","templated":true}]}}