{"id":15669,"date":"2025-03-03T13:27:38","date_gmt":"2025-03-03T10:27:38","guid":{"rendered":"https:\/\/ceoparts.com\/?post_type=product&#038;p=15669"},"modified":"2026-05-16T14:28:02","modified_gmt":"2026-05-16T11:28:02","slug":"linde-potansiyometre-3003604702","status":"publish","type":"product","link":"https:\/\/ceoparts.com\/tr\/urun\/linde-potansiyometre-3003604702\/","title":{"rendered":"Linde Potansiyometre &#8211; 3003604702"},"content":{"rendered":"<p>Linde Potansiyometre &#8211; 3003604702<\/p>","protected":false},"excerpt":{"rendered":"<p data-start=\"0\" data-end=\"218\"><br data-start=\"5\" data-end=\"8\" \/><strong data-start=\"8\" data-end=\"32\">Linde Potansiyometre<\/strong>, forklift ve i\u015f makinelerinde hassas kontrol i\u00e7in kullan\u0131lan elektronik bir \u00f6l\u00e7\u00fcm cihaz\u0131d\u0131r. Operat\u00f6r\u00fcn hareket komutlar\u0131n\u0131 elektrik sinyaline \u00e7evirerek hassasiyet ve performans sa\u011flar.<\/p>\n<p data-start=\"220\" data-end=\"448\"><strong data-start=\"220\" data-end=\"235\">\u00d6zellikler:<\/strong><br data-start=\"235\" data-end=\"238\" \/><strong data-start=\"238\" data-end=\"253\">Par\u00e7a Kodu:<\/strong> 3003604702<br data-start=\"264\" data-end=\"267\" \/><strong data-start=\"267\" data-end=\"280\">Kullan\u0131m:<\/strong> Forklift ve i\u015f makinelerinde hareket kontrol\u00fc<br data-start=\"326\" data-end=\"329\" \/><strong data-start=\"329\" data-end=\"343\">Fonksiyon:<\/strong> Elektrik sinyali \u00fcretimi ve hassas \u00f6l\u00e7\u00fcm<br data-start=\"388\" data-end=\"391\" \/><strong data-start=\"391\" data-end=\"408\">Dayan\u0131kl\u0131l\u0131k:<\/strong> Y\u00fcksek kaliteli malzeme ile uzun \u00f6m\u00fcr<\/p>\n<p data-start=\"450\" data-end=\"681\">\n","protected":false},"featured_media":15670,"template":"","meta":[],"product_brand":[],"product_cat":[246,469,523],"product_tag":[],"class_list":{"0":"post-15669","1":"product","2":"type-product","3":"status-publish","4":"has-post-thumbnail","6":"product_cat-linde","7":"product_cat-elektrik-ve-sistem-parcalari","8":"product_cat-yedek-parca-linde","10":"first","11":"instock","12":"taxable","13":"shipping-taxable","14":"purchasable","15":"product-type-simple"},"_links":{"self":[{"href":"https:\/\/ceoparts.com\/tr\/wp-json\/wp\/v2\/product\/15669","targetHints":{"allow":["GET"]}}],"collection":[{"href":"https:\/\/ceoparts.com\/tr\/wp-json\/wp\/v2\/product"}],"about":[{"href":"https:\/\/ceoparts.com\/tr\/wp-json\/wp\/v2\/types\/product"}],"wp:featuredmedia":[{"embeddable":true,"href":"https:\/\/ceoparts.com\/tr\/wp-json\/wp\/v2\/media\/15670"}],"wp:attachment":[{"href":"https:\/\/ceoparts.com\/tr\/wp-json\/wp\/v2\/media?parent=15669"}],"wp:term":[{"taxonomy":"product_brand","embeddable":true,"href":"https:\/\/ceoparts.com\/tr\/wp-json\/wp\/v2\/product_brand?post=15669"},{"taxonomy":"product_cat","embeddable":true,"href":"https:\/\/ceoparts.com\/tr\/wp-json\/wp\/v2\/product_cat?post=15669"},{"taxonomy":"product_tag","embeddable":true,"href":"https:\/\/ceoparts.com\/tr\/wp-json\/wp\/v2\/product_tag?post=15669"}],"curies":[{"name":"wp","href":"https:\/\/api.w.org\/{rel}","templated":true}]}}