{"id":15673,"date":"2025-03-03T13:34:32","date_gmt":"2025-03-03T10:34:32","guid":{"rendered":"https:\/\/ceoparts.com\/?post_type=product&#038;p=15673"},"modified":"2026-05-16T17:57:39","modified_gmt":"2026-05-16T14:57:39","slug":"linde-hidrolik-pompa-tamir-takimi-4223209950","status":"publish","type":"product","link":"https:\/\/ceoparts.com\/tr\/urun\/linde-hidrolik-pompa-tamir-takimi-4223209950\/","title":{"rendered":"Linde Hidrolik Pompa Tamir Tak\u0131m\u0131 &#8211; 4223209950"},"content":{"rendered":"<p>Linde Hidrolik Pompa Tamir Tak\u0131m\u0131 &#8211; 4223209950<\/p>\n<p>346 E18\/20\/20P<br \/>\n386-25 E14-20<br \/>\n386 E12\/14\/15\/16\/18\/20<\/p>\n<p>4223209950<\/p>","protected":false},"excerpt":{"rendered":"<p data-start=\"0\" data-end=\"209\"><br data-start=\"5\" data-end=\"8\" \/><strong data-start=\"8\" data-end=\"45\">Linde Hidrolik Pompa Tamir Tak\u0131m\u0131<\/strong>, forklift ve i\u015f makinelerinin hidrolik pompalar\u0131n\u0131n bak\u0131m ve onar\u0131m\u0131nda kullan\u0131lan kapsaml\u0131 bir settir. Pompan\u0131n performans\u0131n\u0131 geri kazand\u0131r\u0131r ve uzun \u00f6m\u00fcr sa\u011flar.<\/p>\n<p data-start=\"211\" data-end=\"440\"><strong data-start=\"211\" data-end=\"226\">\u00d6zellikler:<\/strong><br data-start=\"226\" data-end=\"229\" \/><strong data-start=\"229\" data-end=\"244\">Par\u00e7a Kodu:<\/strong> 4223209950<br data-start=\"255\" data-end=\"258\" \/><strong data-start=\"258\" data-end=\"271\">Kullan\u0131m:<\/strong> Forklift ve i\u015f makineleri hidrolik pompa tamiri<br data-start=\"319\" data-end=\"322\" \/><strong data-start=\"322\" data-end=\"336\">Fonksiyon:<\/strong> Hidrolik pompa bak\u0131m ve onar\u0131m\u0131<br data-start=\"372\" data-end=\"375\" \/><strong data-start=\"375\" data-end=\"386\">Kapsam:<\/strong> Contalar, ke\u00e7e, rulman ve di\u011fer tamir par\u00e7alar\u0131<\/p>\n<p data-start=\"442\" data-end=\"661\">\n","protected":false},"featured_media":15674,"template":"","meta":[],"product_brand":[],"product_cat":[246,461,523],"product_tag":[],"class_list":{"0":"post-15673","1":"product","2":"type-product","3":"status-publish","4":"has-post-thumbnail","6":"product_cat-linde","7":"product_cat-hidrolik-sistemi","8":"product_cat-yedek-parca-linde","10":"first","11":"instock","12":"taxable","13":"shipping-taxable","14":"purchasable","15":"product-type-simple"},"_links":{"self":[{"href":"https:\/\/ceoparts.com\/tr\/wp-json\/wp\/v2\/product\/15673","targetHints":{"allow":["GET"]}}],"collection":[{"href":"https:\/\/ceoparts.com\/tr\/wp-json\/wp\/v2\/product"}],"about":[{"href":"https:\/\/ceoparts.com\/tr\/wp-json\/wp\/v2\/types\/product"}],"wp:featuredmedia":[{"embeddable":true,"href":"https:\/\/ceoparts.com\/tr\/wp-json\/wp\/v2\/media\/15674"}],"wp:attachment":[{"href":"https:\/\/ceoparts.com\/tr\/wp-json\/wp\/v2\/media?parent=15673"}],"wp:term":[{"taxonomy":"product_brand","embeddable":true,"href":"https:\/\/ceoparts.com\/tr\/wp-json\/wp\/v2\/product_brand?post=15673"},{"taxonomy":"product_cat","embeddable":true,"href":"https:\/\/ceoparts.com\/tr\/wp-json\/wp\/v2\/product_cat?post=15673"},{"taxonomy":"product_tag","embeddable":true,"href":"https:\/\/ceoparts.com\/tr\/wp-json\/wp\/v2\/product_tag?post=15673"}],"curies":[{"name":"wp","href":"https:\/\/api.w.org\/{rel}","templated":true}]}}