{"id":15676,"date":"2025-03-03T13:51:12","date_gmt":"2025-03-03T10:51:12","guid":{"rendered":"https:\/\/ceoparts.com\/?post_type=product&#038;p=15676"},"modified":"2026-05-16T17:47:28","modified_gmt":"2026-05-16T14:47:28","slug":"linde-dingil-takozu-0009640122","status":"publish","type":"product","link":"https:\/\/ceoparts.com\/tr\/urun\/linde-dingil-takozu-0009640122\/","title":{"rendered":"Linde Dingil Takozu &#8211; 0009640122"},"content":{"rendered":"<p>Linde Dingil Takozu &#8211; 0009640122<\/p>\n<p>STILL SERII:<br \/>\nR60<br \/>\n6012, 6013, 6015, 6016, 6022-25,<br \/>\n6026-29, 6036-45, 6046-49, 6321-25, 6327-29<br \/>\nR70<br \/>\n7062-64, 7068-70, 7321-24, 7325-28,<\/p>\n<table border=\"0\" width=\"486\" cellspacing=\"0\" cellpadding=\"0\">\n<colgroup>\n<col width=\"91\" \/>\n<col width=\"395\" \/><\/colgroup>\n<tbody>\n<tr>\n<td class=\"xl65\" width=\"91\" height=\"20\"><span style=\"font-family: Calibri;\">1283<\/span><\/td>\n<td class=\"xl65\" width=\"395\"><span style=\"font-family: Calibri;\">HT25\/30<\/span><\/td>\n<\/tr>\n<tr>\n<td class=\"xl65\" height=\"20\"><span style=\"font-family: Calibri;\">1313-01<\/span><\/td>\n<td class=\"xl65\"><span style=\"font-family: Calibri;\">H25\/27\/30\/32<\/span><\/td>\n<\/tr>\n<tr>\n<td class=\"xl65\" height=\"20\"><span style=\"font-family: Calibri;\">325<\/span><\/td>\n<td class=\"xl65\"><span style=\"font-family: Calibri;\">E20\/25\/30<\/span><\/td>\n<\/tr>\n<tr>\n<td class=\"xl65\" height=\"20\"><span style=\"font-family: Calibri;\">331<\/span><\/td>\n<td class=\"xl65\"><span style=\"font-family: Calibri;\">H20\/25\/30<\/span><\/td>\n<\/tr>\n<tr>\n<td class=\"xl65\" height=\"20\"><span style=\"font-family: Calibri;\">336<\/span><\/td>\n<td class=\"xl65\"><span style=\"font-family: Calibri;\">E20\/25\/30<\/span><\/td>\n<\/tr>\n<tr>\n<td class=\"xl65\" height=\"20\"><span style=\"font-family: Calibri;\">336-31<\/span><\/td>\n<td class=\"xl65\"><span style=\"font-family: Calibri;\">E25\/30 Ex S &#8211; Zone 2, 22 (3G, 3D) with gas safety system<\/span><\/td>\n<\/tr>\n<tr>\n<td class=\"xl65\" height=\"20\"><span style=\"font-family: Calibri;\">336-02<\/span><\/td>\n<td class=\"xl65\"><span style=\"font-family: Calibri;\">E20\/25\/30 &#8211; 02<\/span><\/td>\n<\/tr>\n<tr>\n<td class=\"xl65\" height=\"20\"><span style=\"font-family: Calibri;\">336-03<\/span><\/td>\n<td class=\"xl65\"><span style=\"font-family: Calibri;\">E25\/30 &#8211; 03<\/span><\/td>\n<\/tr>\n<tr>\n<td class=\"xl65\" height=\"20\"><span style=\"font-family: Calibri;\">351-01<\/span><\/td>\n<td class=\"xl65\"><span style=\"font-family: Calibri;\">H20\/25\/30<\/span><\/td>\n<\/tr>\n<tr>\n<td class=\"xl65\" height=\"20\"><span style=\"font-family: Calibri;\">351-02<\/span><\/td>\n<td class=\"xl65\"><span style=\"font-family: Calibri;\">H20\/25\/30 &#8211; 02<\/span><\/td>\n<\/tr>\n<tr>\n<td class=\"xl65\" height=\"20\"><span style=\"font-family: Calibri;\">351-03<\/span><\/td>\n<td class=\"xl65\"><span style=\"font-family: Calibri;\">H20\/25\/30\/35 &#8211; 03<\/span><\/td>\n<\/tr>\n<tr>\n<td class=\"xl65\" height=\"20\"><span style=\"font-family: Calibri;\">351-04<\/span><\/td>\n<td class=\"xl65\"><span style=\"font-family: Calibri;\">H25\/30-04<\/span><\/td>\n<\/tr>\n<tr>\n<td class=\"xl65\" height=\"20\"><span style=\"font-family: Calibri;\">351-05<\/span><\/td>\n<td class=\"xl65\"><span style=\"font-family: Calibri;\">H25\/30-05<\/span><\/td>\n<\/tr>\n<tr>\n<td class=\"xl65\" height=\"20\"><span style=\"font-family: Calibri;\">351-03<\/span><\/td>\n<td class=\"xl65\"><span style=\"font-family: Calibri;\">H20\/25\/30\/35 &#8211; 03<\/span><\/td>\n<\/tr>\n<tr>\n<td class=\"xl65\" height=\"20\"><span style=\"font-family: Calibri;\">387<\/span><\/td>\n<td class=\"xl65\"><span style=\"font-family: Calibri;\">E20\/25\/30\/35<\/span><\/td>\n<\/tr>\n<tr>\n<td class=\"xl65\" height=\"20\"><span style=\"font-family: Calibri;\">392-02<\/span><\/td>\n<td class=\"xl65\"><span style=\"font-family: Calibri;\">H20\/25 &#8211; 02<\/span><\/td>\n<\/tr>\n<tr>\n<td class=\"xl65\" height=\"20\"><span style=\"font-family: Calibri;\">392-01<\/span><\/td>\n<td class=\"xl65\"><span style=\"font-family: Calibri;\">H20\/25<\/span><\/td>\n<\/tr>\n<tr>\n<td class=\"xl65\" height=\"20\"><span style=\"font-family: Calibri;\">393-02<\/span><\/td>\n<td class=\"xl65\"><span style=\"font-family: Calibri;\">H25\/30\/35 &#8211; 02<\/span><\/td>\n<\/tr>\n<tr>\n<td class=\"xl65\" height=\"20\"><span style=\"font-family: Calibri;\">393-01<\/span><\/td>\n<td class=\"xl65\"><span style=\"font-family: Calibri;\">H25\/30\/35<\/span><\/td>\n<\/tr>\n<\/tbody>\n<\/table>\n<p><\/p>","protected":false},"excerpt":{"rendered":"<p data-start=\"0\" data-end=\"208\"><br data-start=\"5\" data-end=\"8\" \/><strong data-start=\"8\" data-end=\"31\">Linde Dingil Takozu<\/strong>, forklift ve i\u015f makinelerinde dingilin sabitlenmesi ve dayan\u0131kl\u0131l\u0131\u011f\u0131n\u0131n art\u0131r\u0131lmas\u0131 i\u00e7in tasarlanm\u0131\u015f sa\u011flam bir par\u00e7ad\u0131r. Yap\u0131sal b\u00fct\u00fcnl\u00fc\u011f\u00fc korur ve \u00e7al\u0131\u015fma g\u00fcvenli\u011fini sa\u011flar.<\/p>\n<p data-start=\"210\" data-end=\"397\"><strong data-start=\"210\" data-end=\"225\">\u00d6zellikler:<\/strong><br data-start=\"225\" data-end=\"228\" \/><strong data-start=\"228\" data-end=\"243\">Par\u00e7a Kodu:<\/strong> 0009640122<br data-start=\"254\" data-end=\"257\" \/><strong data-start=\"257\" data-end=\"270\">Kullan\u0131m:<\/strong> Forklift ve i\u015f makineleri<br data-start=\"296\" data-end=\"299\" \/><strong data-start=\"299\" data-end=\"313\">Fonksiyon:<\/strong> Dingil sabitleme ve destek<br data-start=\"344\" data-end=\"347\" \/><strong data-start=\"347\" data-end=\"364\">Dayan\u0131kl\u0131l\u0131k:<\/strong> Y\u00fcksek mukavemetli malzeme<\/p>\n<p data-start=\"399\" data-end=\"610\">\n","protected":false},"featured_media":15678,"template":"","meta":[],"product_brand":[],"product_cat":[524,241,246,470,523],"product_tag":[],"class_list":{"0":"post-15676","1":"product","2":"type-product","3":"status-publish","4":"has-post-thumbnail","6":"product_cat-yedek-parca-still","7":"product_cat-still","8":"product_cat-linde","9":"product_cat-diger-yedek-parcalar","10":"product_cat-yedek-parca-linde","12":"first","13":"instock","14":"taxable","15":"shipping-taxable","16":"purchasable","17":"product-type-simple"},"_links":{"self":[{"href":"https:\/\/ceoparts.com\/tr\/wp-json\/wp\/v2\/product\/15676","targetHints":{"allow":["GET"]}}],"collection":[{"href":"https:\/\/ceoparts.com\/tr\/wp-json\/wp\/v2\/product"}],"about":[{"href":"https:\/\/ceoparts.com\/tr\/wp-json\/wp\/v2\/types\/product"}],"wp:featuredmedia":[{"embeddable":true,"href":"https:\/\/ceoparts.com\/tr\/wp-json\/wp\/v2\/media\/15678"}],"wp:attachment":[{"href":"https:\/\/ceoparts.com\/tr\/wp-json\/wp\/v2\/media?parent=15676"}],"wp:term":[{"taxonomy":"product_brand","embeddable":true,"href":"https:\/\/ceoparts.com\/tr\/wp-json\/wp\/v2\/product_brand?post=15676"},{"taxonomy":"product_cat","embeddable":true,"href":"https:\/\/ceoparts.com\/tr\/wp-json\/wp\/v2\/product_cat?post=15676"},{"taxonomy":"product_tag","embeddable":true,"href":"https:\/\/ceoparts.com\/tr\/wp-json\/wp\/v2\/product_tag?post=15676"}],"curies":[{"name":"wp","href":"https:\/\/api.w.org\/{rel}","templated":true}]}}