{"id":15681,"date":"2025-03-03T13:59:04","date_gmt":"2025-03-03T10:59:04","guid":{"rendered":"https:\/\/ceoparts.com\/?post_type=product&#038;p=15681"},"modified":"2026-05-16T18:58:15","modified_gmt":"2026-05-16T15:58:15","slug":"linde-hava-filtresi-0009839001","status":"publish","type":"product","link":"https:\/\/ceoparts.com\/tr\/urun\/linde-hava-filtresi-0009839001\/","title":{"rendered":"Linde Hava Filtresi &#8211; 0009839001"},"content":{"rendered":"<p>Linde Hava Filtresi &#8211; 0009839001<\/p>\n<table dir=\"ltr\" border=\"0\" width=\"261\" cellspacing=\"0\" cellpadding=\"2\">\n<tbody>\n<tr>\n<td height=\"19\">\n<p align=\"left\"><span style=\"font-family: Calibri; font-size: medium;\">linde-393-01-H25-H30-H35-2011<\/span><\/p>\n<\/td>\n<\/tr>\n<tr>\n<td height=\"19\">\n<p align=\"left\"><span style=\"font-family: Calibri; font-size: medium;\">linde-392-01-H20-H25-2011<\/span><\/p>\n<\/td>\n<\/tr>\n<tr>\n<td height=\"19\">\n<p align=\"left\"><span style=\"font-family: Calibri; font-size: medium;\">linde-391-01-H14-H16-H18-H20-2011<\/span><\/p>\n<\/td>\n<\/tr>\n<\/tbody>\n<\/table>","protected":false},"excerpt":{"rendered":"<p data-start=\"0\" data-end=\"211\"><br data-start=\"5\" data-end=\"8\" \/><strong data-start=\"8\" data-end=\"31\">Linde Hava Filtresi<\/strong>, forklift ve i\u015f makineleri motorlar\u0131n\u0131n verimli \u00e7al\u0131\u015fmas\u0131 i\u00e7in kritik \u00f6neme sahiptir. Toz ve kir gibi zararl\u0131 partik\u00fclleri engelleyerek motor \u00f6mr\u00fcn\u00fc uzat\u0131r ve performans\u0131 art\u0131r\u0131r.<\/p>\n<p data-start=\"213\" data-end=\"416\"><strong data-start=\"213\" data-end=\"228\">\u00d6zellikler:<\/strong><br data-start=\"228\" data-end=\"231\" \/><strong data-start=\"231\" data-end=\"246\">Par\u00e7a Kodu:<\/strong> 0009839001<br data-start=\"257\" data-end=\"260\" \/><strong data-start=\"260\" data-end=\"273\">Kullan\u0131m:<\/strong> Forklift ve i\u015f makineleri<br data-start=\"299\" data-end=\"302\" \/><strong data-start=\"302\" data-end=\"316\">Fonksiyon:<\/strong> Motor havas\u0131n\u0131 temizler<br data-start=\"344\" data-end=\"347\" \/><strong data-start=\"347\" data-end=\"364\">Dayan\u0131kl\u0131l\u0131k:<\/strong> Y\u00fcksek filtrasyon kapasitesi ve uzun \u00f6m\u00fcr<\/p>\n<p data-start=\"418\" data-end=\"630\">\n","protected":false},"featured_media":15683,"template":"","meta":[],"product_brand":[],"product_cat":[246,498,523],"product_tag":[],"class_list":{"0":"post-15681","1":"product","2":"type-product","3":"status-publish","4":"has-post-thumbnail","6":"product_cat-linde","7":"product_cat-filtre-cesitleri","8":"product_cat-yedek-parca-linde","10":"first","11":"instock","12":"taxable","13":"shipping-taxable","14":"purchasable","15":"product-type-simple"},"_links":{"self":[{"href":"https:\/\/ceoparts.com\/tr\/wp-json\/wp\/v2\/product\/15681","targetHints":{"allow":["GET"]}}],"collection":[{"href":"https:\/\/ceoparts.com\/tr\/wp-json\/wp\/v2\/product"}],"about":[{"href":"https:\/\/ceoparts.com\/tr\/wp-json\/wp\/v2\/types\/product"}],"wp:featuredmedia":[{"embeddable":true,"href":"https:\/\/ceoparts.com\/tr\/wp-json\/wp\/v2\/media\/15683"}],"wp:attachment":[{"href":"https:\/\/ceoparts.com\/tr\/wp-json\/wp\/v2\/media?parent=15681"}],"wp:term":[{"taxonomy":"product_brand","embeddable":true,"href":"https:\/\/ceoparts.com\/tr\/wp-json\/wp\/v2\/product_brand?post=15681"},{"taxonomy":"product_cat","embeddable":true,"href":"https:\/\/ceoparts.com\/tr\/wp-json\/wp\/v2\/product_cat?post=15681"},{"taxonomy":"product_tag","embeddable":true,"href":"https:\/\/ceoparts.com\/tr\/wp-json\/wp\/v2\/product_tag?post=15681"}],"curies":[{"name":"wp","href":"https:\/\/api.w.org\/{rel}","templated":true}]}}