{"id":15686,"date":"2025-03-03T14:14:26","date_gmt":"2025-03-03T11:14:26","guid":{"rendered":"https:\/\/ceoparts.com\/?post_type=product&#038;p=15686"},"modified":"2026-05-16T21:01:49","modified_gmt":"2026-05-16T18:01:49","slug":"linde-asinma-diski-4225041304","status":"publish","type":"product","link":"https:\/\/ceoparts.com\/tr\/urun\/linde-asinma-diski-4225041304\/","title":{"rendered":"Linde A\u015f\u0131nma Diski &#8211; 4225041304"},"content":{"rendered":"<p>Linde A\u015f\u0131nma Diski &#8211; 4225041304<\/p>\n<p><\/p>\n<article class=\"w-full text-token-text-primary focus-visible:outline-2 focus-visible:outline-offset-[-4px]\" dir=\"auto\" data-testid=\"conversation-turn-36\" data-scroll-anchor=\"false\">\n<div class=\"m-auto text-base py-[18px] px-6\">\n<div class=\"mx-auto flex flex-1 text-base gap-4 md:gap-5 lg:gap-6 md:max-w-3xl\">\n<div class=\"group\/conversation-turn relative flex w-full min-w-0 flex-col @xs\/thread:px-0 @sm\/thread:px-1.5 @md\/thread:px-4\">\n<div class=\"flex-col gap-1 md:gap-3\">\n<div class=\"flex max-w-full flex-col flex-grow\">\n<div class=\"min-h-8 text-message relative flex w-full flex-col items-end gap-2 whitespace-normal break-words text-start [.text-message+&amp;]:mt-5\" dir=\"auto\" data-message-author-role=\"user\" data-message-id=\"6bee462f-75e8-447f-a57a-2cd98faa699d\">\n<div class=\"flex w-full flex-col gap-1 empty:hidden items-end rtl:items-start\">\n<div class=\"relative max-w-[var(--user-chat-width,70%)] rounded-3xl bg-token-message-surface px-5 py-2.5\">\n<div class=\"whitespace-pre-wrap\">LINDE FORKL\u0130FT T\u0130P\u0130 346 E18\/20\/20P<\/div>\n<div class=\"whitespace-pre-wrap\">386-25 E14-20 4225041304<\/div>\n<\/div>\n<\/div>\n<\/div>\n<\/div>\n<\/div>\n<\/div>\n<\/div>\n<\/div>\n<\/article>\n<article class=\"w-full text-token-text-primary focus-visible:outline-2 focus-visible:outline-offset-[-4px]\" dir=\"auto\" data-testid=\"conversation-turn-37\" data-scroll-anchor=\"true\">\n<h6 class=\"sr-only\"><\/h6>\n<\/article>\n<p><\/p>","protected":false},"excerpt":{"rendered":"<p data-start=\"0\" data-end=\"184\"><br data-start=\"5\" data-end=\"8\" \/><strong data-start=\"8\" data-end=\"30\">Linde A\u015f\u0131nma Diski<\/strong>, forklift ve a\u011f\u0131r i\u015f makinelerinde fren sistemlerinin \u00f6nemli bir par\u00e7as\u0131d\u0131r. Y\u00fcksek dayan\u0131kl\u0131l\u0131k ve a\u015f\u0131nma direnci sayesinde uzun \u00f6m\u00fcrl\u00fc kullan\u0131m sa\u011flar.<\/p>\n<p data-start=\"186\" data-end=\"402\"><strong data-start=\"186\" data-end=\"201\">\u00d6zellikler:<\/strong><br data-start=\"201\" data-end=\"204\" \/><strong data-start=\"204\" data-end=\"219\">Par\u00e7a Kodu:<\/strong> 4225041304<br data-start=\"230\" data-end=\"233\" \/><strong data-start=\"233\" data-end=\"246\">Kullan\u0131m:<\/strong> Forklift ve a\u011f\u0131r i\u015f makineleri<br data-start=\"277\" data-end=\"280\" \/><strong data-start=\"280\" data-end=\"294\">Fonksiyon:<\/strong> Fren sisteminde a\u015f\u0131nmay\u0131 \u00f6nleyici disk<br data-start=\"337\" data-end=\"340\" \/><strong data-start=\"340\" data-end=\"357\">Dayan\u0131kl\u0131l\u0131k:<\/strong> Y\u00fcksek a\u015f\u0131nma direnci ve uzun \u00f6m\u00fcr<\/p>\n<p data-start=\"404\" data-end=\"592\">\n","protected":false},"featured_media":15687,"template":"","meta":[],"product_brand":[],"product_cat":[246,470,523],"product_tag":[],"class_list":{"0":"post-15686","1":"product","2":"type-product","3":"status-publish","4":"has-post-thumbnail","6":"product_cat-linde","7":"product_cat-diger-yedek-parcalar","8":"product_cat-yedek-parca-linde","10":"first","11":"instock","12":"taxable","13":"shipping-taxable","14":"purchasable","15":"product-type-simple"},"_links":{"self":[{"href":"https:\/\/ceoparts.com\/tr\/wp-json\/wp\/v2\/product\/15686","targetHints":{"allow":["GET"]}}],"collection":[{"href":"https:\/\/ceoparts.com\/tr\/wp-json\/wp\/v2\/product"}],"about":[{"href":"https:\/\/ceoparts.com\/tr\/wp-json\/wp\/v2\/types\/product"}],"wp:featuredmedia":[{"embeddable":true,"href":"https:\/\/ceoparts.com\/tr\/wp-json\/wp\/v2\/media\/15687"}],"wp:attachment":[{"href":"https:\/\/ceoparts.com\/tr\/wp-json\/wp\/v2\/media?parent=15686"}],"wp:term":[{"taxonomy":"product_brand","embeddable":true,"href":"https:\/\/ceoparts.com\/tr\/wp-json\/wp\/v2\/product_brand?post=15686"},{"taxonomy":"product_cat","embeddable":true,"href":"https:\/\/ceoparts.com\/tr\/wp-json\/wp\/v2\/product_cat?post=15686"},{"taxonomy":"product_tag","embeddable":true,"href":"https:\/\/ceoparts.com\/tr\/wp-json\/wp\/v2\/product_tag?post=15686"}],"curies":[{"name":"wp","href":"https:\/\/api.w.org\/{rel}","templated":true}]}}