{"id":15689,"date":"2025-03-03T14:35:30","date_gmt":"2025-03-03T11:35:30","guid":{"rendered":"https:\/\/ceoparts.com\/?post_type=product&#038;p=15689"},"modified":"2026-05-16T21:30:33","modified_gmt":"2026-05-16T18:30:33","slug":"linde-fren-yay-saci-1834462237","status":"publish","type":"product","link":"https:\/\/ceoparts.com\/tr\/urun\/linde-fren-yay-saci-1834462237\/","title":{"rendered":"Linde Fren Yay Sac\u0131 &#8211; 1834462237"},"content":{"rendered":"<p>Linde Fren Yay Sac\u0131 &#8211; 1834462237<\/p>","protected":false},"excerpt":{"rendered":"<p data-start=\"0\" data-end=\"187\"><br data-start=\"5\" data-end=\"8\" \/><strong data-start=\"8\" data-end=\"31\">Linde Fren Yay Sac\u0131<\/strong>, forklift ve a\u011f\u0131r i\u015f makinelerinde kullan\u0131lan dayan\u0131kl\u0131 ve kaliteli bir sac yay par\u00e7as\u0131d\u0131r. Fren sisteminin d\u00fczg\u00fcn \u00e7al\u0131\u015fmas\u0131n\u0131 sa\u011flar ve g\u00fcvenli\u011fi art\u0131r\u0131r.<\/p>\n<p data-start=\"189\" data-end=\"403\"><strong data-start=\"189\" data-end=\"204\">\u00d6zellikler:<\/strong><br data-start=\"204\" data-end=\"207\" \/><strong data-start=\"207\" data-end=\"222\">Par\u00e7a Kodu:<\/strong> 1834462237<br data-start=\"233\" data-end=\"236\" \/><strong data-start=\"236\" data-end=\"249\">Kullan\u0131m:<\/strong> Forklift ve a\u011f\u0131r i\u015f makineleri<br data-start=\"280\" data-end=\"283\" \/><strong data-start=\"283\" data-end=\"297\">Fonksiyon:<\/strong> Fren yay sac\u0131, fren sistem deste\u011fi<br data-start=\"340\" data-end=\"343\" \/><strong data-start=\"343\" data-end=\"360\">Dayan\u0131kl\u0131l\u0131k:<\/strong> Y\u00fcksek dayan\u0131kl\u0131l\u0131k ve uzun \u00f6m\u00fcr<\/p>\n<p data-start=\"405\" data-end=\"598\">\n","protected":false},"featured_media":15690,"template":"","meta":[],"product_brand":[],"product_cat":[246,470,523],"product_tag":[],"class_list":{"0":"post-15689","1":"product","2":"type-product","3":"status-publish","4":"has-post-thumbnail","6":"product_cat-linde","7":"product_cat-diger-yedek-parcalar","8":"product_cat-yedek-parca-linde","10":"first","11":"instock","12":"taxable","13":"shipping-taxable","14":"purchasable","15":"product-type-simple"},"_links":{"self":[{"href":"https:\/\/ceoparts.com\/tr\/wp-json\/wp\/v2\/product\/15689","targetHints":{"allow":["GET"]}}],"collection":[{"href":"https:\/\/ceoparts.com\/tr\/wp-json\/wp\/v2\/product"}],"about":[{"href":"https:\/\/ceoparts.com\/tr\/wp-json\/wp\/v2\/types\/product"}],"wp:featuredmedia":[{"embeddable":true,"href":"https:\/\/ceoparts.com\/tr\/wp-json\/wp\/v2\/media\/15690"}],"wp:attachment":[{"href":"https:\/\/ceoparts.com\/tr\/wp-json\/wp\/v2\/media?parent=15689"}],"wp:term":[{"taxonomy":"product_brand","embeddable":true,"href":"https:\/\/ceoparts.com\/tr\/wp-json\/wp\/v2\/product_brand?post=15689"},{"taxonomy":"product_cat","embeddable":true,"href":"https:\/\/ceoparts.com\/tr\/wp-json\/wp\/v2\/product_cat?post=15689"},{"taxonomy":"product_tag","embeddable":true,"href":"https:\/\/ceoparts.com\/tr\/wp-json\/wp\/v2\/product_tag?post=15689"}],"curies":[{"name":"wp","href":"https:\/\/api.w.org\/{rel}","templated":true}]}}