{"id":15693,"date":"2025-03-03T14:54:03","date_gmt":"2025-03-03T11:54:03","guid":{"rendered":"https:\/\/ceoparts.com\/?post_type=product&#038;p=15693"},"modified":"2026-05-16T22:32:09","modified_gmt":"2026-05-16T19:32:09","slug":"linde-yakit-filtresi-0009831722","status":"publish","type":"product","link":"https:\/\/ceoparts.com\/tr\/urun\/linde-yakit-filtresi-0009831722\/","title":{"rendered":"Linde Yak\u0131t Filtresi &#8211; 0009831722"},"content":{"rendered":"<p>Linde Yak\u0131t Filtresi &#8211; 0009831722<\/p>","protected":false},"excerpt":{"rendered":"<p data-start=\"0\" data-end=\"206\"><br data-start=\"5\" data-end=\"8\" \/><strong data-start=\"8\" data-end=\"32\">Linde Yak\u0131t Filtresi<\/strong>, forklift ve a\u011f\u0131r i\u015f makinelerinde kullan\u0131lan y\u00fcksek kaliteli bir yak\u0131t filtresidir. Motorun temiz yak\u0131tla \u00e7al\u0131\u015fmas\u0131n\u0131 sa\u011flayarak performans\u0131 art\u0131r\u0131r ve motor \u00f6mr\u00fcn\u00fc uzat\u0131r.<\/p>\n<p data-start=\"208\" data-end=\"417\"><strong data-start=\"208\" data-end=\"223\">\u00d6zellikler:<\/strong><br data-start=\"223\" data-end=\"226\" \/><strong data-start=\"226\" data-end=\"241\">Par\u00e7a Kodu:<\/strong> 0009831722<br data-start=\"252\" data-end=\"255\" \/><strong data-start=\"255\" data-end=\"268\">Kullan\u0131m:<\/strong> Forklift ve a\u011f\u0131r i\u015f makineleri<br data-start=\"299\" data-end=\"302\" \/><strong data-start=\"302\" data-end=\"316\">Fonksiyon:<\/strong> Yak\u0131t temizleme, motor koruma<br data-start=\"354\" data-end=\"357\" \/><strong data-start=\"357\" data-end=\"374\">Dayan\u0131kl\u0131l\u0131k:<\/strong> Uzun \u00f6m\u00fcrl\u00fc ve y\u00fcksek verimlilik<\/p>\n<p data-start=\"419\" data-end=\"614\">\n","protected":false},"featured_media":15696,"template":"","meta":[],"product_brand":[],"product_cat":[246,498,523],"product_tag":[],"class_list":{"0":"post-15693","1":"product","2":"type-product","3":"status-publish","4":"has-post-thumbnail","6":"product_cat-linde","7":"product_cat-filtre-cesitleri","8":"product_cat-yedek-parca-linde","10":"first","11":"instock","12":"taxable","13":"shipping-taxable","14":"purchasable","15":"product-type-simple"},"_links":{"self":[{"href":"https:\/\/ceoparts.com\/tr\/wp-json\/wp\/v2\/product\/15693","targetHints":{"allow":["GET"]}}],"collection":[{"href":"https:\/\/ceoparts.com\/tr\/wp-json\/wp\/v2\/product"}],"about":[{"href":"https:\/\/ceoparts.com\/tr\/wp-json\/wp\/v2\/types\/product"}],"wp:featuredmedia":[{"embeddable":true,"href":"https:\/\/ceoparts.com\/tr\/wp-json\/wp\/v2\/media\/15696"}],"wp:attachment":[{"href":"https:\/\/ceoparts.com\/tr\/wp-json\/wp\/v2\/media?parent=15693"}],"wp:term":[{"taxonomy":"product_brand","embeddable":true,"href":"https:\/\/ceoparts.com\/tr\/wp-json\/wp\/v2\/product_brand?post=15693"},{"taxonomy":"product_cat","embeddable":true,"href":"https:\/\/ceoparts.com\/tr\/wp-json\/wp\/v2\/product_cat?post=15693"},{"taxonomy":"product_tag","embeddable":true,"href":"https:\/\/ceoparts.com\/tr\/wp-json\/wp\/v2\/product_tag?post=15693"}],"curies":[{"name":"wp","href":"https:\/\/api.w.org\/{rel}","templated":true}]}}