{"id":15697,"date":"2025-03-03T15:04:19","date_gmt":"2025-03-03T12:04:19","guid":{"rendered":"https:\/\/ceoparts.com\/?post_type=product&#038;p=15697"},"modified":"2026-05-16T22:19:20","modified_gmt":"2026-05-16T19:19:20","slug":"linde-boru-aksami-1844401441","status":"publish","type":"product","link":"https:\/\/ceoparts.com\/tr\/urun\/linde-boru-aksami-1844401441\/","title":{"rendered":"Linde Boru Aksam\u0131 &#8211; 1844401441"},"content":{"rendered":"<p>Linde Boru Aksam\u0131 &#8211; 1844401441<\/p>","protected":false},"excerpt":{"rendered":"<p data-start=\"0\" data-end=\"187\"><br data-start=\"5\" data-end=\"8\" \/><strong data-start=\"8\" data-end=\"29\">Linde Boru Aksam\u0131<\/strong>, forklift ve a\u011f\u0131r i\u015f makinelerinde kullan\u0131lan dayan\u0131kl\u0131 ve kaliteli bir boru sistemidir. Hidrolik ve di\u011fer ak\u0131\u015fkan sistemlerinin sorunsuz \u00e7al\u0131\u015fmas\u0131n\u0131 sa\u011flar.<\/p>\n<p data-start=\"189\" data-end=\"350\"><strong data-start=\"189\" data-end=\"204\">\u00d6zellikler:<\/strong><br data-start=\"204\" data-end=\"207\" \/><strong data-start=\"207\" data-end=\"222\">Par\u00e7a Kodu:<\/strong> 1844401441<br data-start=\"233\" data-end=\"236\" \/><strong data-start=\"236\" data-end=\"249\">Kullan\u0131m:<\/strong> Forklift ve a\u011f\u0131r i\u015f makineleri<br data-start=\"280\" data-end=\"283\" \/><strong data-start=\"283\" data-end=\"300\">Dayan\u0131kl\u0131l\u0131k:<\/strong> Y\u00fcksek bas\u0131nca dayan\u0131kl\u0131 ve uzun \u00f6m\u00fcrl\u00fc<\/p>\n<p data-start=\"352\" data-end=\"534\">\n","protected":false},"featured_media":15698,"template":"","meta":[],"product_brand":[],"product_cat":[246,470,523],"product_tag":[],"class_list":{"0":"post-15697","1":"product","2":"type-product","3":"status-publish","4":"has-post-thumbnail","6":"product_cat-linde","7":"product_cat-diger-yedek-parcalar","8":"product_cat-yedek-parca-linde","10":"first","11":"instock","12":"taxable","13":"shipping-taxable","14":"purchasable","15":"product-type-simple"},"_links":{"self":[{"href":"https:\/\/ceoparts.com\/tr\/wp-json\/wp\/v2\/product\/15697","targetHints":{"allow":["GET"]}}],"collection":[{"href":"https:\/\/ceoparts.com\/tr\/wp-json\/wp\/v2\/product"}],"about":[{"href":"https:\/\/ceoparts.com\/tr\/wp-json\/wp\/v2\/types\/product"}],"wp:featuredmedia":[{"embeddable":true,"href":"https:\/\/ceoparts.com\/tr\/wp-json\/wp\/v2\/media\/15698"}],"wp:attachment":[{"href":"https:\/\/ceoparts.com\/tr\/wp-json\/wp\/v2\/media?parent=15697"}],"wp:term":[{"taxonomy":"product_brand","embeddable":true,"href":"https:\/\/ceoparts.com\/tr\/wp-json\/wp\/v2\/product_brand?post=15697"},{"taxonomy":"product_cat","embeddable":true,"href":"https:\/\/ceoparts.com\/tr\/wp-json\/wp\/v2\/product_cat?post=15697"},{"taxonomy":"product_tag","embeddable":true,"href":"https:\/\/ceoparts.com\/tr\/wp-json\/wp\/v2\/product_tag?post=15697"}],"curies":[{"name":"wp","href":"https:\/\/api.w.org\/{rel}","templated":true}]}}