{"id":15701,"date":"2025-03-03T15:13:31","date_gmt":"2025-03-03T12:13:31","guid":{"rendered":"https:\/\/ceoparts.com\/?post_type=product&#038;p=15701"},"modified":"2026-05-16T23:42:19","modified_gmt":"2026-05-16T20:42:19","slug":"linde-hidrolik-yag-filtresi-0009831644","status":"publish","type":"product","link":"https:\/\/ceoparts.com\/tr\/urun\/linde-hidrolik-yag-filtresi-0009831644\/","title":{"rendered":"Linde Hidrolik Ya\u011f Filtresi &#8211; 0009831644"},"content":{"rendered":"<p>Linde Hidrolik Ya\u011f Filtresi &#8211; 0009831644<\/p>\n<p><\/p>\n<table class=\"transparant\">\n<tbody>\n<tr>\n<th class=\"alignLeft\" title=\"TY\"><span style=\"color: #000000;\">Tip<\/span><\/th>\n<td>Kartu\u015f<\/td>\n<\/tr>\n<tr>\n<th class=\"alignLeft\" title=\"SOORT\">Uygulama<\/th>\n<td>YA\u011e F\u0130LTRES\u0130<\/td>\n<\/tr>\n<tr>\n<th class=\"alignLeft\" title=\"D1\"><span style=\"color: #000000;\">\u00c7ap D1 (mm)<\/span><\/th>\n<td><span style=\"color: #000000;\">25.5<\/span><\/td>\n<\/tr>\n<tr>\n<th class=\"alignLeft\" title=\"D2\"><span style=\"color: #000000;\">\u00c7ap D2 (mm)<\/span><\/th>\n<td><span style=\"color: #000000;\">56.2<\/span><\/td>\n<\/tr>\n<tr>\n<th class=\"alignLeft\" title=\"H1\"><span style=\"color: #000000;\">Y\u00fckseklik H1 (mm)<\/span><\/th>\n<td><span style=\"color: #000000;\">209<\/span><\/td>\n<\/tr>\n<tr>\n<th class=\"alignLeft\" title=\"H2\"><span style=\"color: #000000;\">Y\u00fckseklik H2 (mm)<\/span><\/th>\n<td><span style=\"color: #000000;\">209<\/span><\/td>\n<\/tr>\n<\/tbody>\n<\/table>\n<p>&nbsp;<\/p>\n<p>&nbsp;<\/p>\n<table border=\"0\" width=\"236\" cellspacing=\"0\" cellpadding=\"0\">\n<colgroup>\n<col width=\"84\" \/>\n<col width=\"152\" \/><\/colgroup>\n<tbody>\n<tr>\n<td width=\"84\" height=\"20\">391-01<\/td>\n<td width=\"152\">H14\/16\/18\/20<\/td>\n<\/tr>\n<tr>\n<td height=\"20\">392-02<\/td>\n<td>H20\/25 &#8211; 02<\/td>\n<\/tr>\n<tr>\n<td height=\"20\">392-01<\/td>\n<td>H20\/25<\/td>\n<\/tr>\n<tr>\n<td height=\"20\">393-02<\/td>\n<td>H25\/30\/35 &#8211; 02<\/td>\n<\/tr>\n<tr>\n<td height=\"20\">393-01<\/td>\n<td>H25\/30\/35<\/td>\n<\/tr>\n<tr>\n<td height=\"20\">394-02<\/td>\n<td>H40\/45\/50 &#8211; 02<\/td>\n<\/tr>\n<tr>\n<td height=\"20\">394-01<\/td>\n<td><span style=\"font-size: medium;\">H40\/45\/50<\/span><\/td>\n<\/tr>\n<\/tbody>\n<\/table>\n<p><\/p>","protected":false},"excerpt":{"rendered":"<p data-start=\"0\" data-end=\"214\"><br data-start=\"5\" data-end=\"8\" \/><strong data-start=\"8\" data-end=\"39\">Linde Hidrolik Ya\u011f Filtresi<\/strong>, forklift ve a\u011f\u0131r i\u015f makinelerinde kullan\u0131lan y\u00fcksek kaliteli bir filtredir. Hidrolik sistemlerde ya\u011f\u0131n temiz kalmas\u0131n\u0131 sa\u011flayarak, makinenin performans\u0131n\u0131 ve \u00f6mr\u00fcn\u00fc art\u0131r\u0131r.<\/p>\n<p data-start=\"216\" data-end=\"374\"><strong data-start=\"216\" data-end=\"231\">\u00d6zellikler:<\/strong><br data-start=\"231\" data-end=\"234\" \/><strong data-start=\"234\" data-end=\"249\">Par\u00e7a Kodu:<\/strong> 0009831644<br data-start=\"260\" data-end=\"263\" \/><strong data-start=\"263\" data-end=\"276\">Kullan\u0131m:<\/strong> Forklift ve a\u011f\u0131r i\u015f makineleri<br data-start=\"307\" data-end=\"310\" \/><strong data-start=\"310\" data-end=\"322\">Avantaj:<\/strong> Y\u00fcksek filtrasyon kapasitesi ve uzun \u00f6m\u00fcr<\/p>\n<p data-start=\"376\" data-end=\"561\">\n","protected":false},"featured_media":15703,"template":"","meta":[],"product_brand":[],"product_cat":[246,498,523],"product_tag":[],"class_list":{"0":"post-15701","1":"product","2":"type-product","3":"status-publish","4":"has-post-thumbnail","6":"product_cat-linde","7":"product_cat-filtre-cesitleri","8":"product_cat-yedek-parca-linde","10":"first","11":"instock","12":"taxable","13":"shipping-taxable","14":"purchasable","15":"product-type-simple"},"_links":{"self":[{"href":"https:\/\/ceoparts.com\/tr\/wp-json\/wp\/v2\/product\/15701","targetHints":{"allow":["GET"]}}],"collection":[{"href":"https:\/\/ceoparts.com\/tr\/wp-json\/wp\/v2\/product"}],"about":[{"href":"https:\/\/ceoparts.com\/tr\/wp-json\/wp\/v2\/types\/product"}],"wp:featuredmedia":[{"embeddable":true,"href":"https:\/\/ceoparts.com\/tr\/wp-json\/wp\/v2\/media\/15703"}],"wp:attachment":[{"href":"https:\/\/ceoparts.com\/tr\/wp-json\/wp\/v2\/media?parent=15701"}],"wp:term":[{"taxonomy":"product_brand","embeddable":true,"href":"https:\/\/ceoparts.com\/tr\/wp-json\/wp\/v2\/product_brand?post=15701"},{"taxonomy":"product_cat","embeddable":true,"href":"https:\/\/ceoparts.com\/tr\/wp-json\/wp\/v2\/product_cat?post=15701"},{"taxonomy":"product_tag","embeddable":true,"href":"https:\/\/ceoparts.com\/tr\/wp-json\/wp\/v2\/product_tag?post=15701"}],"curies":[{"name":"wp","href":"https:\/\/api.w.org\/{rel}","templated":true}]}}