{"id":15706,"date":"2025-03-03T15:45:54","date_gmt":"2025-03-03T12:45:54","guid":{"rendered":"https:\/\/ceoparts.com\/?post_type=product&#038;p=15706"},"modified":"2026-05-16T22:19:20","modified_gmt":"2026-05-16T19:19:20","slug":"linde-boru-aksami-1844401442","status":"publish","type":"product","link":"https:\/\/ceoparts.com\/tr\/urun\/linde-boru-aksami-1844401442\/","title":{"rendered":"Linde Boru Aksam\u0131 &#8211; 1844401442"},"content":{"rendered":"<p>Linde Boru Aksam\u0131 &#8211; 1844401442<\/p>","protected":false},"excerpt":{"rendered":"<p data-start=\"0\" data-end=\"214\"><br data-start=\"5\" data-end=\"8\" \/><strong data-start=\"8\" data-end=\"29\">Linde Boru Aksam\u0131<\/strong>, forklift ve a\u011f\u0131r i\u015f makinelerinde kullan\u0131lan dayan\u0131kl\u0131 ve y\u00fcksek kaliteli boru ba\u011flant\u0131 par\u00e7alar\u0131ndan olu\u015fur. Hidrolik ve di\u011fer ak\u0131\u015fkan sistemlerinde g\u00fcvenilirlik ve uzun \u00f6m\u00fcr sa\u011flar.<\/p>\n<p data-start=\"216\" data-end=\"374\"><strong data-start=\"216\" data-end=\"231\">\u00d6zellikler:<\/strong><br data-start=\"231\" data-end=\"234\" \/><strong data-start=\"234\" data-end=\"249\">Par\u00e7a Kodu:<\/strong> 1844401442<br data-start=\"260\" data-end=\"263\" \/><strong data-start=\"263\" data-end=\"276\">Kullan\u0131m:<\/strong> Forklift ve a\u011f\u0131r i\u015f makineleri<br data-start=\"307\" data-end=\"310\" \/><strong data-start=\"310\" data-end=\"322\">Avantaj:<\/strong> Y\u00fcksek dayan\u0131kl\u0131l\u0131k ve g\u00fcvenilir ba\u011flant\u0131<\/p>\n<p data-start=\"376\" data-end=\"581\">\n","protected":false},"featured_media":15708,"template":"","meta":[],"product_brand":[],"product_cat":[246,470,523],"product_tag":[],"class_list":{"0":"post-15706","1":"product","2":"type-product","3":"status-publish","4":"has-post-thumbnail","6":"product_cat-linde","7":"product_cat-diger-yedek-parcalar","8":"product_cat-yedek-parca-linde","10":"first","11":"instock","12":"taxable","13":"shipping-taxable","14":"purchasable","15":"product-type-simple"},"_links":{"self":[{"href":"https:\/\/ceoparts.com\/tr\/wp-json\/wp\/v2\/product\/15706","targetHints":{"allow":["GET"]}}],"collection":[{"href":"https:\/\/ceoparts.com\/tr\/wp-json\/wp\/v2\/product"}],"about":[{"href":"https:\/\/ceoparts.com\/tr\/wp-json\/wp\/v2\/types\/product"}],"wp:featuredmedia":[{"embeddable":true,"href":"https:\/\/ceoparts.com\/tr\/wp-json\/wp\/v2\/media\/15708"}],"wp:attachment":[{"href":"https:\/\/ceoparts.com\/tr\/wp-json\/wp\/v2\/media?parent=15706"}],"wp:term":[{"taxonomy":"product_brand","embeddable":true,"href":"https:\/\/ceoparts.com\/tr\/wp-json\/wp\/v2\/product_brand?post=15706"},{"taxonomy":"product_cat","embeddable":true,"href":"https:\/\/ceoparts.com\/tr\/wp-json\/wp\/v2\/product_cat?post=15706"},{"taxonomy":"product_tag","embeddable":true,"href":"https:\/\/ceoparts.com\/tr\/wp-json\/wp\/v2\/product_tag?post=15706"}],"curies":[{"name":"wp","href":"https:\/\/api.w.org\/{rel}","templated":true}]}}