{"id":15710,"date":"2025-03-03T16:02:03","date_gmt":"2025-03-03T13:02:03","guid":{"rendered":"https:\/\/ceoparts.com\/?post_type=product&#038;p=15710"},"modified":"2026-05-16T22:31:33","modified_gmt":"2026-05-16T19:31:33","slug":"linde-hidrolik-filtre-0009831710","status":"publish","type":"product","link":"https:\/\/ceoparts.com\/tr\/urun\/linde-hidrolik-filtre-0009831710\/","title":{"rendered":"Linde Hidrolik Filtre &#8211; 0009831710"},"content":{"rendered":"<p>Linde Hidrolik Filtre &#8211; 0009831710<\/p>\n<p>Linde<\/p>\n<p>&nbsp;<\/p>\n<table dir=\"ltr\" border=\"0\" width=\"298\" cellspacing=\"0\" cellpadding=\"2\">\n<tbody>\n<tr>\n<td height=\"19\">\n<p align=\"left\">linde-346-E18-E20-E20P-2011<\/p>\n<\/td>\n<\/tr>\n<tr>\n<td height=\"19\">\n<p align=\"left\">linde-386-E12-E14-E15-E16-E18-E20-2011<\/p>\n<\/td>\n<\/tr>\n<tr>\n<td height=\"19\">\n<p align=\"left\">linde-1313-01-H25-H27-H30-H32<\/p>\n<\/td>\n<\/tr>\n<\/tbody>\n<\/table>","protected":false},"excerpt":{"rendered":"<p data-start=\"0\" data-end=\"252\"><br data-start=\"5\" data-end=\"8\" \/><strong data-start=\"8\" data-end=\"33\">Linde Hidrolik Filtre<\/strong>, forklift ve a\u011f\u0131r i\u015f makineleri i\u00e7in tasarlanm\u0131\u015f, hidrolik sistemin temiz ve verimli \u00e7al\u0131\u015fmas\u0131n\u0131 sa\u011flayan dayan\u0131kl\u0131 bir filtredir. Sistemdeki kir ve partik\u00fclleri etkili \u015fekilde tutarak hidrolik ekipman\u0131n \u00f6mr\u00fcn\u00fc uzat\u0131r.<\/p>\n<p data-start=\"254\" data-end=\"420\"><strong data-start=\"254\" data-end=\"269\">\u00d6zellikler:<\/strong><br data-start=\"269\" data-end=\"272\" \/><strong data-start=\"272\" data-end=\"287\">Par\u00e7a Kodu:<\/strong> 0009831710<br data-start=\"298\" data-end=\"301\" \/><strong data-start=\"301\" data-end=\"314\">Kullan\u0131m:<\/strong> Forklift ve a\u011f\u0131r i\u015f makineleri<br data-start=\"345\" data-end=\"348\" \/><strong data-start=\"348\" data-end=\"360\">Avantaj:<\/strong> Y\u00fcksek filtrasyon performans\u0131 ve uzun \u00f6m\u00fcrl\u00fc yap\u0131<\/p>\n<p data-start=\"422\" data-end=\"677\">\n","protected":false},"featured_media":15712,"template":"","meta":[],"product_brand":[],"product_cat":[246,498,523],"product_tag":[],"class_list":{"0":"post-15710","1":"product","2":"type-product","3":"status-publish","4":"has-post-thumbnail","6":"product_cat-linde","7":"product_cat-filtre-cesitleri","8":"product_cat-yedek-parca-linde","10":"first","11":"instock","12":"taxable","13":"shipping-taxable","14":"purchasable","15":"product-type-simple"},"_links":{"self":[{"href":"https:\/\/ceoparts.com\/tr\/wp-json\/wp\/v2\/product\/15710","targetHints":{"allow":["GET"]}}],"collection":[{"href":"https:\/\/ceoparts.com\/tr\/wp-json\/wp\/v2\/product"}],"about":[{"href":"https:\/\/ceoparts.com\/tr\/wp-json\/wp\/v2\/types\/product"}],"wp:featuredmedia":[{"embeddable":true,"href":"https:\/\/ceoparts.com\/tr\/wp-json\/wp\/v2\/media\/15712"}],"wp:attachment":[{"href":"https:\/\/ceoparts.com\/tr\/wp-json\/wp\/v2\/media?parent=15710"}],"wp:term":[{"taxonomy":"product_brand","embeddable":true,"href":"https:\/\/ceoparts.com\/tr\/wp-json\/wp\/v2\/product_brand?post=15710"},{"taxonomy":"product_cat","embeddable":true,"href":"https:\/\/ceoparts.com\/tr\/wp-json\/wp\/v2\/product_cat?post=15710"},{"taxonomy":"product_tag","embeddable":true,"href":"https:\/\/ceoparts.com\/tr\/wp-json\/wp\/v2\/product_tag?post=15710"}],"curies":[{"name":"wp","href":"https:\/\/api.w.org\/{rel}","templated":true}]}}