{"id":15715,"date":"2025-03-03T16:09:50","date_gmt":"2025-03-03T13:09:50","guid":{"rendered":"https:\/\/ceoparts.com\/?post_type=product&#038;p=15715"},"modified":"2026-05-16T21:36:20","modified_gmt":"2026-05-16T18:36:20","slug":"linde-baglanti-direksiyon-silindiri-3014501302-147182","status":"publish","type":"product","link":"https:\/\/ceoparts.com\/tr\/urun\/linde-baglanti-direksiyon-silindiri-3014501302-147182\/","title":{"rendered":"Linde Ba\u011flant\u0131 Direksiyon Silindiri &#8211; 3014501302 , 147182"},"content":{"rendered":"<p>Linde Ba\u011flant\u0131 Direksiyon Silindiri &#8211; 3014501302 , 147182<\/p>\n<p>Still<\/p>\n<p>R2008-14<br \/>\nR2017-24<br \/>\nR2037-44<br \/>\nR2045-49<br \/>\nR6030-32<br \/>\nR6033-35<br \/>\nR6050-52<br \/>\nR6053-55<br \/>\nR7052<br \/>\nR7056<br \/>\nR7074-76<br \/>\nR7077-79<br \/>\nR6210-R6217<br \/>\nR6311<br \/>\nR6313<br \/>\nR6315<br \/>\nR7094-R7096<br \/>\nR7097-R7099<br \/>\nR7311-7313<br \/>\nR7314-7316<br \/>\nRX20 6210-6217<br \/>\nRX60-18-20 6311-13-15<\/p>\n<p>LINDE<\/p>\n<p>E16<br \/>\nE15\/16\/18-02<br \/>\nE16\/20-02<br \/>\nH12\/16\/18<br \/>\nH12\/16\/18\/20-03<br \/>\nH14\/16\/18\/20<\/p>\n<p>&nbsp;<\/p>","protected":false},"excerpt":{"rendered":"<p data-start=\"0\" data-end=\"208\"><br data-start=\"5\" data-end=\"8\" \/><strong data-start=\"8\" data-end=\"47\">Linde Ba\u011flant\u0131 Direksiyon Silindiri<\/strong>, forklift ve a\u011f\u0131r i\u015f makineleri i\u00e7in tasarlanm\u0131\u015f y\u00fcksek kaliteli ve dayan\u0131kl\u0131 bir par\u00e7ad\u0131r. Direksiyon sisteminin hassasiyetini art\u0131r\u0131r ve g\u00fcvenli s\u00fcr\u00fc\u015f sa\u011flar.<\/p>\n<p data-start=\"210\" data-end=\"379\"><strong data-start=\"210\" data-end=\"225\">\u00d6zellikler:<\/strong><br data-start=\"225\" data-end=\"228\" \/><strong data-start=\"228\" data-end=\"246\">Par\u00e7a Kodlar\u0131:<\/strong> 3014501302, 147182<br data-start=\"265\" data-end=\"268\" \/><strong data-start=\"268\" data-end=\"281\">Kullan\u0131m:<\/strong> Forklift ve a\u011f\u0131r i\u015f makineleri<br data-start=\"312\" data-end=\"315\" \/><strong data-start=\"315\" data-end=\"327\">Avantaj:<\/strong> Y\u00fcksek dayan\u0131kl\u0131l\u0131k ve m\u00fckemmel uyumluluk<\/p>\n<p data-start=\"381\" data-end=\"561\">\n","protected":false},"featured_media":15717,"template":"","meta":[],"product_brand":[],"product_cat":[524,241,246,470,523],"product_tag":[],"class_list":{"0":"post-15715","1":"product","2":"type-product","3":"status-publish","4":"has-post-thumbnail","6":"product_cat-yedek-parca-still","7":"product_cat-still","8":"product_cat-linde","9":"product_cat-diger-yedek-parcalar","10":"product_cat-yedek-parca-linde","12":"first","13":"instock","14":"taxable","15":"shipping-taxable","16":"purchasable","17":"product-type-simple"},"_links":{"self":[{"href":"https:\/\/ceoparts.com\/tr\/wp-json\/wp\/v2\/product\/15715","targetHints":{"allow":["GET"]}}],"collection":[{"href":"https:\/\/ceoparts.com\/tr\/wp-json\/wp\/v2\/product"}],"about":[{"href":"https:\/\/ceoparts.com\/tr\/wp-json\/wp\/v2\/types\/product"}],"wp:featuredmedia":[{"embeddable":true,"href":"https:\/\/ceoparts.com\/tr\/wp-json\/wp\/v2\/media\/15717"}],"wp:attachment":[{"href":"https:\/\/ceoparts.com\/tr\/wp-json\/wp\/v2\/media?parent=15715"}],"wp:term":[{"taxonomy":"product_brand","embeddable":true,"href":"https:\/\/ceoparts.com\/tr\/wp-json\/wp\/v2\/product_brand?post=15715"},{"taxonomy":"product_cat","embeddable":true,"href":"https:\/\/ceoparts.com\/tr\/wp-json\/wp\/v2\/product_cat?post=15715"},{"taxonomy":"product_tag","embeddable":true,"href":"https:\/\/ceoparts.com\/tr\/wp-json\/wp\/v2\/product_tag?post=15715"}],"curies":[{"name":"wp","href":"https:\/\/api.w.org\/{rel}","templated":true}]}}