{"id":15719,"date":"2025-03-03T16:23:15","date_gmt":"2025-03-03T13:23:15","guid":{"rendered":"https:\/\/ceoparts.com\/?post_type=product&#038;p=15719"},"modified":"2026-05-16T22:32:09","modified_gmt":"2026-05-16T19:32:09","slug":"linde-kol-montaji-3935201100","status":"publish","type":"product","link":"https:\/\/ceoparts.com\/tr\/urun\/linde-kol-montaji-3935201100\/","title":{"rendered":"Linde Kol Montaj\u0131 &#8211; 3935201100"},"content":{"rendered":"<p>Linde Kol Montaj\u0131 &#8211; 3935201100<\/p>\n<p>392-01 H20\/25<br \/>\n393-01 H25\/30\/35<br \/>\n394-01 H40\/45\/50<br \/>\n396-01 H50\/60\/70\/80<br \/>\n396-02 H50\/60\/70\/80-02<br \/>\n386 E12\/14\/15\/16\/18\/20<br \/>\n386-25 E14\/20<\/p>","protected":false},"excerpt":{"rendered":"<p data-start=\"0\" data-end=\"200\"><br data-start=\"5\" data-end=\"8\" \/><strong data-start=\"8\" data-end=\"29\">Linde Kol Montaj\u0131<\/strong>, forklift ve a\u011f\u0131r i\u015f makineleri i\u00e7in \u00f6zel olarak tasarlanm\u0131\u015f dayan\u0131kl\u0131 ve hassas bir montaj par\u00e7as\u0131d\u0131r. Operat\u00f6r kontrol\u00fcn\u00fc kolayla\u015ft\u0131r\u0131r ve makine performans\u0131n\u0131 art\u0131r\u0131r.<\/p>\n<p data-start=\"202\" data-end=\"353\"><strong data-start=\"202\" data-end=\"217\">\u00d6zellikler:<\/strong><br data-start=\"217\" data-end=\"220\" \/><strong data-start=\"220\" data-end=\"235\">Par\u00e7a Kodu:<\/strong> 3935201100<br data-start=\"246\" data-end=\"249\" \/><strong data-start=\"249\" data-end=\"262\">Kullan\u0131m:<\/strong> Forklift ve a\u011f\u0131r i\u015f makineleri<br data-start=\"293\" data-end=\"296\" \/><strong data-start=\"296\" data-end=\"308\">Avantaj:<\/strong> Dayan\u0131kl\u0131 yap\u0131 ve y\u00fcksek uyumluluk<\/p>\n<p data-start=\"355\" data-end=\"548\">\n","protected":false},"featured_media":15720,"template":"","meta":[],"product_brand":[],"product_cat":[246,470,523],"product_tag":[],"class_list":{"0":"post-15719","1":"product","2":"type-product","3":"status-publish","4":"has-post-thumbnail","6":"product_cat-linde","7":"product_cat-diger-yedek-parcalar","8":"product_cat-yedek-parca-linde","10":"first","11":"instock","12":"taxable","13":"shipping-taxable","14":"purchasable","15":"product-type-simple"},"_links":{"self":[{"href":"https:\/\/ceoparts.com\/tr\/wp-json\/wp\/v2\/product\/15719","targetHints":{"allow":["GET"]}}],"collection":[{"href":"https:\/\/ceoparts.com\/tr\/wp-json\/wp\/v2\/product"}],"about":[{"href":"https:\/\/ceoparts.com\/tr\/wp-json\/wp\/v2\/types\/product"}],"wp:featuredmedia":[{"embeddable":true,"href":"https:\/\/ceoparts.com\/tr\/wp-json\/wp\/v2\/media\/15720"}],"wp:attachment":[{"href":"https:\/\/ceoparts.com\/tr\/wp-json\/wp\/v2\/media?parent=15719"}],"wp:term":[{"taxonomy":"product_brand","embeddable":true,"href":"https:\/\/ceoparts.com\/tr\/wp-json\/wp\/v2\/product_brand?post=15719"},{"taxonomy":"product_cat","embeddable":true,"href":"https:\/\/ceoparts.com\/tr\/wp-json\/wp\/v2\/product_cat?post=15719"},{"taxonomy":"product_tag","embeddable":true,"href":"https:\/\/ceoparts.com\/tr\/wp-json\/wp\/v2\/product_tag?post=15719"}],"curies":[{"name":"wp","href":"https:\/\/api.w.org\/{rel}","templated":true}]}}