{"id":15723,"date":"2025-03-03T16:44:33","date_gmt":"2025-03-03T13:44:33","guid":{"rendered":"https:\/\/ceoparts.com\/?post_type=product&#038;p=15723"},"modified":"2026-05-16T23:42:47","modified_gmt":"2026-05-16T20:42:47","slug":"linde-hidrolik-filtre-0009837004","status":"publish","type":"product","link":"https:\/\/ceoparts.com\/tr\/urun\/linde-hidrolik-filtre-0009837004\/","title":{"rendered":"Linde Hidrolik Filtre &#8211; 0009837004"},"content":{"rendered":"<p>Linde Hidrolik Filtre &#8211; 0009837004<\/p>","protected":false},"excerpt":{"rendered":"<p data-start=\"0\" data-end=\"224\"><br data-start=\"5\" data-end=\"8\" \/><strong data-start=\"8\" data-end=\"33\">Linde Hidrolik Filtre<\/strong>, forklift ve a\u011f\u0131r i\u015f makineleri i\u00e7in \u00f6zel olarak tasarlanm\u0131\u015f y\u00fcksek kaliteli bir filtredir. Hidrolik sistemlerin temiz ve verimli \u00e7al\u0131\u015fmas\u0131n\u0131 sa\u011flar, sistem \u00f6mr\u00fcn\u00fc uzat\u0131r ve ar\u0131zalar\u0131 \u00f6nler.<\/p>\n<p data-start=\"226\" data-end=\"416\"><strong data-start=\"226\" data-end=\"241\">\u00d6zellikler:<\/strong><br data-start=\"241\" data-end=\"244\" \/><strong data-start=\"244\" data-end=\"259\">Par\u00e7a Kodu:<\/strong> 0009837004<br data-start=\"270\" data-end=\"273\" \/><strong data-start=\"273\" data-end=\"281\">Tip:<\/strong> Hidrolik Filtre<br data-start=\"297\" data-end=\"300\" \/><strong data-start=\"300\" data-end=\"313\">Kullan\u0131m:<\/strong> Forklift ve a\u011f\u0131r i\u015f makineleri<br data-start=\"344\" data-end=\"347\" \/><strong data-start=\"347\" data-end=\"359\">Avantaj:<\/strong> Y\u00fcksek filtrasyon kapasitesi ve dayan\u0131kl\u0131 yap\u0131<\/p>\n<p>linde-386-E12-E14-E15-E16-E18-E20<\/p>\n","protected":false},"featured_media":15724,"template":"","meta":[],"product_brand":[],"product_cat":[246,498,523],"product_tag":[],"class_list":{"0":"post-15723","1":"product","2":"type-product","3":"status-publish","4":"has-post-thumbnail","6":"product_cat-linde","7":"product_cat-filtre-cesitleri","8":"product_cat-yedek-parca-linde","10":"first","11":"instock","12":"taxable","13":"shipping-taxable","14":"purchasable","15":"product-type-simple"},"_links":{"self":[{"href":"https:\/\/ceoparts.com\/tr\/wp-json\/wp\/v2\/product\/15723","targetHints":{"allow":["GET"]}}],"collection":[{"href":"https:\/\/ceoparts.com\/tr\/wp-json\/wp\/v2\/product"}],"about":[{"href":"https:\/\/ceoparts.com\/tr\/wp-json\/wp\/v2\/types\/product"}],"wp:featuredmedia":[{"embeddable":true,"href":"https:\/\/ceoparts.com\/tr\/wp-json\/wp\/v2\/media\/15724"}],"wp:attachment":[{"href":"https:\/\/ceoparts.com\/tr\/wp-json\/wp\/v2\/media?parent=15723"}],"wp:term":[{"taxonomy":"product_brand","embeddable":true,"href":"https:\/\/ceoparts.com\/tr\/wp-json\/wp\/v2\/product_brand?post=15723"},{"taxonomy":"product_cat","embeddable":true,"href":"https:\/\/ceoparts.com\/tr\/wp-json\/wp\/v2\/product_cat?post=15723"},{"taxonomy":"product_tag","embeddable":true,"href":"https:\/\/ceoparts.com\/tr\/wp-json\/wp\/v2\/product_tag?post=15723"}],"curies":[{"name":"wp","href":"https:\/\/api.w.org\/{rel}","templated":true}]}}