{"id":15728,"date":"2025-03-03T16:58:47","date_gmt":"2025-03-03T13:58:47","guid":{"rendered":"https:\/\/ceoparts.com\/?post_type=product&#038;p=15728"},"modified":"2026-05-16T22:32:09","modified_gmt":"2026-05-16T19:32:09","slug":"linde-hava-filtresi-0009839008","status":"publish","type":"product","link":"https:\/\/ceoparts.com\/tr\/urun\/linde-hava-filtresi-0009839008\/","title":{"rendered":"Linde Hava Filtresi &#8211; 0009839008"},"content":{"rendered":"<p>Linde Hava Filtresi &#8211; 0009839008<\/p>","protected":false},"excerpt":{"rendered":"<p data-start=\"0\" data-end=\"196\"><br data-start=\"5\" data-end=\"8\" \/><strong data-start=\"8\" data-end=\"31\">Linde Hava Filtresi<\/strong>, forklift ve a\u011f\u0131r i\u015f makineleri i\u00e7in tasarlanm\u0131\u015f y\u00fcksek kaliteli bir filtredir. Motorun temiz hava almas\u0131n\u0131 sa\u011flayarak performans\u0131 art\u0131r\u0131r ve motorun \u00f6mr\u00fcn\u00fc uzat\u0131r.<\/p>\n<p data-start=\"198\" data-end=\"387\"><strong data-start=\"198\" data-end=\"213\">\u00d6zellikler:<\/strong><br data-start=\"213\" data-end=\"216\" \/><strong data-start=\"216\" data-end=\"231\">Par\u00e7a Kodu:<\/strong> 0009839008<br data-start=\"242\" data-end=\"245\" \/><strong data-start=\"245\" data-end=\"253\">Tip:<\/strong> Hava Filtresi<br data-start=\"267\" data-end=\"270\" \/><strong data-start=\"270\" data-end=\"283\">Kullan\u0131m:<\/strong> Forklift ve a\u011f\u0131r i\u015f makineleri<br data-start=\"314\" data-end=\"317\" \/><strong data-start=\"317\" data-end=\"329\">Avantaj:<\/strong> Y\u00fcksek filtrasyon verimlili\u011fi ve dayan\u0131kl\u0131 yap\u0131<\/p>\n<p>Linde<\/p>\n<p>391-01 H14\/16\/18\/20<br \/>\n392-02 H20\/25 &#8211; 02<br \/>\n392-01 H20\/25<br \/>\n393-02 H25\/30\/35 &#8211; 02<br \/>\n393-01 H25\/30\/35<\/p>\n","protected":false},"featured_media":15730,"template":"","meta":[],"product_brand":[],"product_cat":[246,498,523],"product_tag":[],"class_list":{"0":"post-15728","1":"product","2":"type-product","3":"status-publish","4":"has-post-thumbnail","6":"product_cat-linde","7":"product_cat-filtre-cesitleri","8":"product_cat-yedek-parca-linde","10":"first","11":"instock","12":"taxable","13":"shipping-taxable","14":"purchasable","15":"product-type-simple"},"_links":{"self":[{"href":"https:\/\/ceoparts.com\/tr\/wp-json\/wp\/v2\/product\/15728","targetHints":{"allow":["GET"]}}],"collection":[{"href":"https:\/\/ceoparts.com\/tr\/wp-json\/wp\/v2\/product"}],"about":[{"href":"https:\/\/ceoparts.com\/tr\/wp-json\/wp\/v2\/types\/product"}],"wp:featuredmedia":[{"embeddable":true,"href":"https:\/\/ceoparts.com\/tr\/wp-json\/wp\/v2\/media\/15730"}],"wp:attachment":[{"href":"https:\/\/ceoparts.com\/tr\/wp-json\/wp\/v2\/media?parent=15728"}],"wp:term":[{"taxonomy":"product_brand","embeddable":true,"href":"https:\/\/ceoparts.com\/tr\/wp-json\/wp\/v2\/product_brand?post=15728"},{"taxonomy":"product_cat","embeddable":true,"href":"https:\/\/ceoparts.com\/tr\/wp-json\/wp\/v2\/product_cat?post=15728"},{"taxonomy":"product_tag","embeddable":true,"href":"https:\/\/ceoparts.com\/tr\/wp-json\/wp\/v2\/product_tag?post=15728"}],"curies":[{"name":"wp","href":"https:\/\/api.w.org\/{rel}","templated":true}]}}