{"id":15734,"date":"2025-03-03T17:04:59","date_gmt":"2025-03-03T14:04:59","guid":{"rendered":"https:\/\/ceoparts.com\/?post_type=product&#038;p=15734"},"modified":"2026-05-16T21:25:05","modified_gmt":"2026-05-16T18:25:05","slug":"linde-hava-filtresi-0009839009","status":"publish","type":"product","link":"https:\/\/ceoparts.com\/tr\/urun\/linde-hava-filtresi-0009839009\/","title":{"rendered":"Linde Hava Filtresi &#8211; 0009839009"},"content":{"rendered":"<p>Linde Hava Filtresi &#8211; 0009839009<\/p>","protected":false},"excerpt":{"rendered":"<p data-start=\"0\" data-end=\"229\"><br data-start=\"5\" data-end=\"8\" \/><strong data-start=\"8\" data-end=\"31\">Linde Hava Filtresi<\/strong>, forklift ve a\u011f\u0131r i\u015f makinelerinin motorlar\u0131nda kullan\u0131lan y\u00fcksek performansl\u0131 bir filtredir. Motorun temiz hava almas\u0131n\u0131 sa\u011flayarak performans\u0131n artmas\u0131na ve motor \u00f6mr\u00fcn\u00fcn uzamas\u0131na yard\u0131mc\u0131 olur.<\/p>\n<p data-start=\"231\" data-end=\"420\"><strong data-start=\"231\" data-end=\"246\">\u00d6zellikler:<\/strong><br data-start=\"246\" data-end=\"249\" \/><strong data-start=\"249\" data-end=\"264\">Par\u00e7a Kodu:<\/strong> 0009839009<br data-start=\"275\" data-end=\"278\" \/><strong data-start=\"278\" data-end=\"286\">Tip:<\/strong> Hava Filtresi<br data-start=\"300\" data-end=\"303\" \/><strong data-start=\"303\" data-end=\"316\">Kullan\u0131m:<\/strong> Forklift ve a\u011f\u0131r i\u015f makineleri<br data-start=\"347\" data-end=\"350\" \/><strong data-start=\"350\" data-end=\"362\">Avantaj:<\/strong> Y\u00fcksek filtrasyon verimlili\u011fi ve dayan\u0131kl\u0131 yap\u0131<\/p>\n<p>Linde<\/p>\n<p>T\u0130P 396-01 H50\/60\/70\/80<\/p>\n","protected":false},"featured_media":15736,"template":"","meta":[],"product_brand":[],"product_cat":[246,498,523],"product_tag":[],"class_list":{"0":"post-15734","1":"product","2":"type-product","3":"status-publish","4":"has-post-thumbnail","6":"product_cat-linde","7":"product_cat-filtre-cesitleri","8":"product_cat-yedek-parca-linde","10":"first","11":"instock","12":"taxable","13":"shipping-taxable","14":"purchasable","15":"product-type-simple"},"_links":{"self":[{"href":"https:\/\/ceoparts.com\/tr\/wp-json\/wp\/v2\/product\/15734","targetHints":{"allow":["GET"]}}],"collection":[{"href":"https:\/\/ceoparts.com\/tr\/wp-json\/wp\/v2\/product"}],"about":[{"href":"https:\/\/ceoparts.com\/tr\/wp-json\/wp\/v2\/types\/product"}],"wp:featuredmedia":[{"embeddable":true,"href":"https:\/\/ceoparts.com\/tr\/wp-json\/wp\/v2\/media\/15736"}],"wp:attachment":[{"href":"https:\/\/ceoparts.com\/tr\/wp-json\/wp\/v2\/media?parent=15734"}],"wp:term":[{"taxonomy":"product_brand","embeddable":true,"href":"https:\/\/ceoparts.com\/tr\/wp-json\/wp\/v2\/product_brand?post=15734"},{"taxonomy":"product_cat","embeddable":true,"href":"https:\/\/ceoparts.com\/tr\/wp-json\/wp\/v2\/product_cat?post=15734"},{"taxonomy":"product_tag","embeddable":true,"href":"https:\/\/ceoparts.com\/tr\/wp-json\/wp\/v2\/product_tag?post=15734"}],"curies":[{"name":"wp","href":"https:\/\/api.w.org\/{rel}","templated":true}]}}