{"id":15739,"date":"2025-03-03T17:15:32","date_gmt":"2025-03-03T14:15:32","guid":{"rendered":"https:\/\/ceoparts.com\/?post_type=product&#038;p=15739"},"modified":"2026-05-16T20:15:45","modified_gmt":"2026-05-16T17:15:45","slug":"linde-hidrolik-filtre-0009831684","status":"publish","type":"product","link":"https:\/\/ceoparts.com\/tr\/urun\/linde-hidrolik-filtre-0009831684\/","title":{"rendered":"Linde Hidrolik Filtre &#8211; 0009831684"},"content":{"rendered":"<p>Linde Hidrolik Filtre &#8211; 0009831684<\/p>\n<p>Linde<\/p>\n<p>387-01 E20\/25\/30\/35<br \/>\n1276-01 E25\/E25S\/E25SH\/E30\/E30S\/E30SH\/E35SH<br \/>\n388-01 E35\/40\/45\/50<br \/>\n1313-01 H25\/27\/30\/32<br \/>\n396-02 H50\/60\/70\/80-02<br \/>\n396-01 H50\/60\/70\/80<br \/>\n1219-01 HT25\/30\/35DS\/TS-01<\/p>","protected":false},"excerpt":{"rendered":"<p data-start=\"0\" data-end=\"236\"><br data-start=\"5\" data-end=\"8\" \/><strong data-start=\"8\" data-end=\"33\">Linde Hidrolik Filtre<\/strong>, forklift ve a\u011f\u0131r i\u015f makinelerinin hidrolik sistemlerinde kullan\u0131lan dayan\u0131kl\u0131 ve y\u00fcksek kaliteli bir filtredir. Sistemin temiz kalmas\u0131n\u0131 sa\u011flar, b\u00f6ylece hidrolik bile\u015fenlerin performans\u0131 ve \u00f6mr\u00fc artar.<\/p>\n<p data-start=\"238\" data-end=\"434\"><strong data-start=\"238\" data-end=\"253\">\u00d6zellikler:<\/strong><br data-start=\"253\" data-end=\"256\" \/><strong data-start=\"256\" data-end=\"271\">Par\u00e7a Kodu:<\/strong> 0009831684<br data-start=\"282\" data-end=\"285\" \/><strong data-start=\"285\" data-end=\"293\">Tip:<\/strong> Hidrolik Filtre<br data-start=\"309\" data-end=\"312\" \/><strong data-start=\"312\" data-end=\"325\">Kullan\u0131m:<\/strong> Forklift ve a\u011f\u0131r i\u015f makineleri<br data-start=\"356\" data-end=\"359\" \/><strong data-start=\"359\" data-end=\"371\">Avantaj:<\/strong> Y\u00fcksek filtrasyon kapasitesi ve uzun \u00f6m\u00fcrl\u00fc kullan\u0131m<\/p>\n<p data-start=\"436\" data-end=\"663\">\n","protected":false},"featured_media":15744,"template":"","meta":[],"product_brand":[],"product_cat":[246,498,523],"product_tag":[],"class_list":{"0":"post-15739","1":"product","2":"type-product","3":"status-publish","4":"has-post-thumbnail","6":"product_cat-linde","7":"product_cat-filtre-cesitleri","8":"product_cat-yedek-parca-linde","10":"first","11":"instock","12":"taxable","13":"shipping-taxable","14":"purchasable","15":"product-type-simple"},"_links":{"self":[{"href":"https:\/\/ceoparts.com\/tr\/wp-json\/wp\/v2\/product\/15739","targetHints":{"allow":["GET"]}}],"collection":[{"href":"https:\/\/ceoparts.com\/tr\/wp-json\/wp\/v2\/product"}],"about":[{"href":"https:\/\/ceoparts.com\/tr\/wp-json\/wp\/v2\/types\/product"}],"wp:featuredmedia":[{"embeddable":true,"href":"https:\/\/ceoparts.com\/tr\/wp-json\/wp\/v2\/media\/15744"}],"wp:attachment":[{"href":"https:\/\/ceoparts.com\/tr\/wp-json\/wp\/v2\/media?parent=15739"}],"wp:term":[{"taxonomy":"product_brand","embeddable":true,"href":"https:\/\/ceoparts.com\/tr\/wp-json\/wp\/v2\/product_brand?post=15739"},{"taxonomy":"product_cat","embeddable":true,"href":"https:\/\/ceoparts.com\/tr\/wp-json\/wp\/v2\/product_cat?post=15739"},{"taxonomy":"product_tag","embeddable":true,"href":"https:\/\/ceoparts.com\/tr\/wp-json\/wp\/v2\/product_tag?post=15739"}],"curies":[{"name":"wp","href":"https:\/\/api.w.org\/{rel}","templated":true}]}}