{"id":15745,"date":"2025-03-04T08:57:09","date_gmt":"2025-03-04T05:57:09","guid":{"rendered":"https:\/\/ceoparts.com\/?post_type=product&#038;p=15745"},"modified":"2026-05-16T18:58:05","modified_gmt":"2026-05-16T15:58:05","slug":"linde-hidrolik-filtre-0009831717","status":"publish","type":"product","link":"https:\/\/ceoparts.com\/tr\/urun\/linde-hidrolik-filtre-0009831717\/","title":{"rendered":"Linde Hidrolik Filtre &#8211; 0009831717"},"content":{"rendered":"<p>Linde Hidrolik Filtre &#8211; 0009831717<\/p>\n<p>STILL<\/p>\n<p>FM<br \/>\nFM-X<br \/>\nFM_I<br \/>\nFM_N<\/p>\n<p>8424325<\/p>\n<p>LINDE<\/p>\n<p>346 E18\/E20\/E20P<br \/>\n386 E12\/E14\/E15\/E16\/E18\/E20<br \/>\n1313-01 H25\/H27\/H30\/H32<br \/>\n1120-01 R10\/12\/14\/16\/25<\/p>\n<p>0009831717<\/p>","protected":false},"excerpt":{"rendered":"<p data-start=\"0\" data-end=\"244\"><br data-start=\"5\" data-end=\"8\" \/><strong data-start=\"8\" data-end=\"33\">Linde Hidrolik Filtre<\/strong>, forklift ve a\u011f\u0131r i\u015f makinelerinin hidrolik sistemlerinde kullan\u0131lan y\u00fcksek kaliteli bir filtredir. Sistemin temiz kalmas\u0131n\u0131 sa\u011flayarak, hidrolik bile\u015fenlerin uzun \u00f6m\u00fcrl\u00fc ve verimli \u00e7al\u0131\u015fmas\u0131na katk\u0131da bulunur.<\/p>\n<p data-start=\"246\" data-end=\"442\"><strong data-start=\"246\" data-end=\"261\">\u00d6zellikler:<\/strong><br data-start=\"261\" data-end=\"264\" \/><strong data-start=\"264\" data-end=\"279\">Par\u00e7a Kodu:<\/strong> 0009831717<br data-start=\"290\" data-end=\"293\" \/><strong data-start=\"293\" data-end=\"301\">Tip:<\/strong> Hidrolik Filtre<br data-start=\"317\" data-end=\"320\" \/><strong data-start=\"320\" data-end=\"333\">Kullan\u0131m:<\/strong> Forklift ve a\u011f\u0131r i\u015f makineleri<br data-start=\"364\" data-end=\"367\" \/><strong data-start=\"367\" data-end=\"379\">Avantaj:<\/strong> Y\u00fcksek filtrasyon kapasitesi ve uzun \u00f6m\u00fcrl\u00fc kullan\u0131m<\/p>\n<p data-start=\"444\" data-end=\"677\">\n","protected":false},"featured_media":15747,"template":"","meta":[],"product_brand":[],"product_cat":[241,246,498,523,524],"product_tag":[],"class_list":{"0":"post-15745","1":"product","2":"type-product","3":"status-publish","4":"has-post-thumbnail","6":"product_cat-still","7":"product_cat-linde","8":"product_cat-filtre-cesitleri","9":"product_cat-yedek-parca-linde","10":"product_cat-yedek-parca-still","12":"first","13":"instock","14":"taxable","15":"shipping-taxable","16":"purchasable","17":"product-type-simple"},"_links":{"self":[{"href":"https:\/\/ceoparts.com\/tr\/wp-json\/wp\/v2\/product\/15745","targetHints":{"allow":["GET"]}}],"collection":[{"href":"https:\/\/ceoparts.com\/tr\/wp-json\/wp\/v2\/product"}],"about":[{"href":"https:\/\/ceoparts.com\/tr\/wp-json\/wp\/v2\/types\/product"}],"wp:featuredmedia":[{"embeddable":true,"href":"https:\/\/ceoparts.com\/tr\/wp-json\/wp\/v2\/media\/15747"}],"wp:attachment":[{"href":"https:\/\/ceoparts.com\/tr\/wp-json\/wp\/v2\/media?parent=15745"}],"wp:term":[{"taxonomy":"product_brand","embeddable":true,"href":"https:\/\/ceoparts.com\/tr\/wp-json\/wp\/v2\/product_brand?post=15745"},{"taxonomy":"product_cat","embeddable":true,"href":"https:\/\/ceoparts.com\/tr\/wp-json\/wp\/v2\/product_cat?post=15745"},{"taxonomy":"product_tag","embeddable":true,"href":"https:\/\/ceoparts.com\/tr\/wp-json\/wp\/v2\/product_tag?post=15745"}],"curies":[{"name":"wp","href":"https:\/\/api.w.org\/{rel}","templated":true}]}}