{"id":15750,"date":"2025-03-04T09:28:21","date_gmt":"2025-03-04T06:28:21","guid":{"rendered":"https:\/\/ceoparts.com\/?post_type=product&#038;p=15750"},"modified":"2026-05-16T17:52:18","modified_gmt":"2026-05-16T14:52:18","slug":"linde-forklift-tank-emis-filtre-kapagi-0009839707","status":"publish","type":"product","link":"https:\/\/ceoparts.com\/tr\/urun\/linde-forklift-tank-emis-filtre-kapagi-0009839707\/","title":{"rendered":"Linde Forklift Tank Emi\u015f Filtre Kapa\u011f\u0131 &#8211; 0009839707"},"content":{"rendered":"<p>Linde Forklift Tank Emi\u015f Filtre Kapa\u011f\u0131 &#8211; 0009839707<\/p>\n<p><strong>Linde\u00a0<\/strong><\/p>\n<ul>\n<li>Seri: 1313-01 Tip: H25\/27\/30\/32<\/li>\n<li>Seri: 387 Tip: E20\/25\/30\/35<\/li>\n<li>Seri: 388 Tip: E35\/40\/45\/50<\/li>\n<li>Seri: 391-01 Tip: H14\/16\/18\/20<\/li>\n<li>Seri: 392-02 Tip: H20\/25 &#8211; 02<\/li>\n<li>Seri: 392-01 Tip: H20\/25<\/li>\n<li>Seri: 393-02 Tip: H25\/30\/35 &#8211; 02<\/li>\n<li>Seri: 393-01 Tip: H25\/30\/35<\/li>\n<li>Seri: 394-02 Tip: H40\/45\/50 &#8211; 02<\/li>\n<li>Seri: 394-01 Tip: H40\/45\/50<\/li>\n<\/ul>","protected":false},"excerpt":{"rendered":"<p data-start=\"147\" data-end=\"396\"><strong data-start=\"147\" data-end=\"189\">Linde forklift tank emi\u015f filtre kapa\u011f\u0131<\/strong>, forkliftlerin yak\u0131t sisteminde yer alan filtre sisteminin g\u00fcvenli\u011fini ve s\u0131zd\u0131rmazl\u0131\u011f\u0131n\u0131 sa\u011flamak amac\u0131yla tasarlanm\u0131\u015ft\u0131r. Dayan\u0131kl\u0131 malzemesi sayesinde uzun \u00f6m\u00fcrl\u00fcd\u00fcr ve zorlu \u00e7al\u0131\u015fma \u015fartlar\u0131na uygundur.<\/p>\n<p data-start=\"398\" data-end=\"569\"><strong data-start=\"398\" data-end=\"413\">\u00d6zellikler:<\/strong><br data-start=\"413\" data-end=\"416\" \/>\u00dcr\u00fcn Kodu: 0009839707<br data-start=\"437\" data-end=\"440\" \/>Kullan\u0131m: Forklift yak\u0131t ve hidrolik sistemleri<br data-start=\"487\" data-end=\"490\" \/>Uyum: Linde forklift modelleri<br data-start=\"520\" data-end=\"523\" \/>Dayan\u0131kl\u0131l\u0131k: Y\u00fcksek kaliteli ve uzun \u00f6m\u00fcrl\u00fc<\/p>\n","protected":false},"featured_media":15753,"template":"","meta":[],"product_brand":[],"product_cat":[246,470,523],"product_tag":[],"class_list":{"0":"post-15750","1":"product","2":"type-product","3":"status-publish","4":"has-post-thumbnail","6":"product_cat-linde","7":"product_cat-diger-yedek-parcalar","8":"product_cat-yedek-parca-linde","10":"first","11":"instock","12":"taxable","13":"shipping-taxable","14":"purchasable","15":"product-type-simple"},"_links":{"self":[{"href":"https:\/\/ceoparts.com\/tr\/wp-json\/wp\/v2\/product\/15750","targetHints":{"allow":["GET"]}}],"collection":[{"href":"https:\/\/ceoparts.com\/tr\/wp-json\/wp\/v2\/product"}],"about":[{"href":"https:\/\/ceoparts.com\/tr\/wp-json\/wp\/v2\/types\/product"}],"wp:featuredmedia":[{"embeddable":true,"href":"https:\/\/ceoparts.com\/tr\/wp-json\/wp\/v2\/media\/15753"}],"wp:attachment":[{"href":"https:\/\/ceoparts.com\/tr\/wp-json\/wp\/v2\/media?parent=15750"}],"wp:term":[{"taxonomy":"product_brand","embeddable":true,"href":"https:\/\/ceoparts.com\/tr\/wp-json\/wp\/v2\/product_brand?post=15750"},{"taxonomy":"product_cat","embeddable":true,"href":"https:\/\/ceoparts.com\/tr\/wp-json\/wp\/v2\/product_cat?post=15750"},{"taxonomy":"product_tag","embeddable":true,"href":"https:\/\/ceoparts.com\/tr\/wp-json\/wp\/v2\/product_tag?post=15750"}],"curies":[{"name":"wp","href":"https:\/\/api.w.org\/{rel}","templated":true}]}}