{"id":15757,"date":"2025-03-04T09:42:06","date_gmt":"2025-03-04T06:42:06","guid":{"rendered":"https:\/\/ceoparts.com\/?post_type=product&#038;p=15757"},"modified":"2026-05-16T17:33:10","modified_gmt":"2026-05-16T14:33:10","slug":"linde-hidrolik-filtre-9831686","status":"publish","type":"product","link":"https:\/\/ceoparts.com\/tr\/urun\/linde-hidrolik-filtre-9831686\/","title":{"rendered":"Linde Hidrolik Filtre &#8211; 9831686"},"content":{"rendered":"<p>Linde Hidrolik Filtre &#8211; 9831686<\/p>\n<p>LINDE<br \/>\nE60\/70\/80 1279-01<br \/>\nH50\/60\/70\/80-02 396-02<br \/>\nH50\/60\/70\/80 396<br \/>\nH50\/60\/70\/80-03 396-03<\/p>","protected":false},"excerpt":{"rendered":"<p data-start=\"0\" data-end=\"248\"><br data-start=\"5\" data-end=\"8\" \/><strong data-start=\"8\" data-end=\"33\">Linde Hidrolik Filtre<\/strong>, forklift ve a\u011f\u0131r i\u015f makinelerinde hidrolik sistemlerin temiz ve verimli \u00e7al\u0131\u015fmas\u0131n\u0131 sa\u011flamak i\u00e7in tasarlanm\u0131\u015f y\u00fcksek kaliteli filtredir. Kir ve partik\u00fcllerin sisteme girmesini engelleyerek ekipman\u0131n \u00f6mr\u00fcn\u00fc uzat\u0131r.<\/p>\n<p data-start=\"250\" data-end=\"445\"><strong data-start=\"250\" data-end=\"265\">\u00d6zellikler:<\/strong><br data-start=\"265\" data-end=\"268\" \/><strong data-start=\"268\" data-end=\"283\">Par\u00e7a Kodu:<\/strong> 9831686<br data-start=\"291\" data-end=\"294\" \/><strong data-start=\"294\" data-end=\"302\">Tip:<\/strong> Hidrolik Filtre<br data-start=\"318\" data-end=\"321\" \/><strong data-start=\"321\" data-end=\"334\">Kullan\u0131m:<\/strong> Forklift ve a\u011f\u0131r i\u015f makineleri<br data-start=\"365\" data-end=\"368\" \/><strong data-start=\"368\" data-end=\"380\">Avantaj:<\/strong> Y\u00fcksek filtrasyon kapasitesi ve uzun \u00f6m\u00fcrl\u00fc performans<\/p>\n<p data-start=\"447\" data-end=\"692\">\n","protected":false},"featured_media":15759,"template":"","meta":[],"product_brand":[],"product_cat":[246,498,523],"product_tag":[],"class_list":{"0":"post-15757","1":"product","2":"type-product","3":"status-publish","4":"has-post-thumbnail","6":"product_cat-linde","7":"product_cat-filtre-cesitleri","8":"product_cat-yedek-parca-linde","10":"first","11":"instock","12":"taxable","13":"shipping-taxable","14":"purchasable","15":"product-type-simple"},"_links":{"self":[{"href":"https:\/\/ceoparts.com\/tr\/wp-json\/wp\/v2\/product\/15757","targetHints":{"allow":["GET"]}}],"collection":[{"href":"https:\/\/ceoparts.com\/tr\/wp-json\/wp\/v2\/product"}],"about":[{"href":"https:\/\/ceoparts.com\/tr\/wp-json\/wp\/v2\/types\/product"}],"wp:featuredmedia":[{"embeddable":true,"href":"https:\/\/ceoparts.com\/tr\/wp-json\/wp\/v2\/media\/15759"}],"wp:attachment":[{"href":"https:\/\/ceoparts.com\/tr\/wp-json\/wp\/v2\/media?parent=15757"}],"wp:term":[{"taxonomy":"product_brand","embeddable":true,"href":"https:\/\/ceoparts.com\/tr\/wp-json\/wp\/v2\/product_brand?post=15757"},{"taxonomy":"product_cat","embeddable":true,"href":"https:\/\/ceoparts.com\/tr\/wp-json\/wp\/v2\/product_cat?post=15757"},{"taxonomy":"product_tag","embeddable":true,"href":"https:\/\/ceoparts.com\/tr\/wp-json\/wp\/v2\/product_tag?post=15757"}],"curies":[{"name":"wp","href":"https:\/\/api.w.org\/{rel}","templated":true}]}}