{"id":15767,"date":"2025-03-04T09:58:33","date_gmt":"2025-03-04T06:58:33","guid":{"rendered":"https:\/\/ceoparts.com\/?post_type=product&#038;p=15767"},"modified":"2026-05-16T16:33:47","modified_gmt":"2026-05-16T13:33:47","slug":"linde-koruyucu-plaka-1814402501","status":"publish","type":"product","link":"https:\/\/ceoparts.com\/tr\/urun\/linde-koruyucu-plaka-1814402501\/","title":{"rendered":"Linde Koruyucu Plaka &#8211; 1814402501"},"content":{"rendered":"<p>Linde Koruyucu Plaka &#8211; 1814402501<\/p>","protected":false},"excerpt":{"rendered":"<p data-start=\"0\" data-end=\"222\"><br data-start=\"5\" data-end=\"8\" \/><strong data-start=\"8\" data-end=\"32\">Linde Koruyucu Plaka<\/strong>, forklift ve i\u015f makinelerinde \u00f6nemli par\u00e7a ve bile\u015fenleri d\u0131\u015f etkenlerden korumak i\u00e7in tasarlanm\u0131\u015f dayan\u0131kl\u0131 bir koruma par\u00e7as\u0131d\u0131r. Y\u00fcksek kaliteli malzemeden \u00fcretilmi\u015f olup uzun \u00f6m\u00fcrl\u00fcd\u00fcr.<\/p>\n<p data-start=\"224\" data-end=\"401\"><strong data-start=\"224\" data-end=\"239\">\u00d6zellikler:<\/strong><br data-start=\"239\" data-end=\"242\" \/><strong data-start=\"242\" data-end=\"257\">Par\u00e7a Kodu:<\/strong> 1814402501<br data-start=\"268\" data-end=\"271\" \/><strong data-start=\"271\" data-end=\"279\">Tip:<\/strong> Koruyucu Plaka<br data-start=\"294\" data-end=\"297\" \/><strong data-start=\"297\" data-end=\"310\">Kullan\u0131m:<\/strong> Forklift ve i\u015f makineleri<br data-start=\"336\" data-end=\"339\" \/><strong data-start=\"339\" data-end=\"351\">Avantaj:<\/strong> Y\u00fcksek dayan\u0131kl\u0131l\u0131k ve g\u00fcvenilir koruma<\/p>\n<p data-start=\"403\" data-end=\"622\">\n","protected":false},"featured_media":15768,"template":"","meta":[],"product_brand":[],"product_cat":[246,470,523],"product_tag":[],"class_list":{"0":"post-15767","1":"product","2":"type-product","3":"status-publish","4":"has-post-thumbnail","6":"product_cat-linde","7":"product_cat-diger-yedek-parcalar","8":"product_cat-yedek-parca-linde","10":"first","11":"instock","12":"taxable","13":"shipping-taxable","14":"purchasable","15":"product-type-simple"},"_links":{"self":[{"href":"https:\/\/ceoparts.com\/tr\/wp-json\/wp\/v2\/product\/15767","targetHints":{"allow":["GET"]}}],"collection":[{"href":"https:\/\/ceoparts.com\/tr\/wp-json\/wp\/v2\/product"}],"about":[{"href":"https:\/\/ceoparts.com\/tr\/wp-json\/wp\/v2\/types\/product"}],"wp:featuredmedia":[{"embeddable":true,"href":"https:\/\/ceoparts.com\/tr\/wp-json\/wp\/v2\/media\/15768"}],"wp:attachment":[{"href":"https:\/\/ceoparts.com\/tr\/wp-json\/wp\/v2\/media?parent=15767"}],"wp:term":[{"taxonomy":"product_brand","embeddable":true,"href":"https:\/\/ceoparts.com\/tr\/wp-json\/wp\/v2\/product_brand?post=15767"},{"taxonomy":"product_cat","embeddable":true,"href":"https:\/\/ceoparts.com\/tr\/wp-json\/wp\/v2\/product_cat?post=15767"},{"taxonomy":"product_tag","embeddable":true,"href":"https:\/\/ceoparts.com\/tr\/wp-json\/wp\/v2\/product_tag?post=15767"}],"curies":[{"name":"wp","href":"https:\/\/api.w.org\/{rel}","templated":true}]}}