{"id":15771,"date":"2025-03-04T10:21:01","date_gmt":"2025-03-04T07:21:01","guid":{"rendered":"https:\/\/ceoparts.com\/?post_type=product&#038;p=15771"},"modified":"2026-05-16T17:52:22","modified_gmt":"2026-05-16T14:52:22","slug":"linde-y-boru-1864484178","status":"publish","type":"product","link":"https:\/\/ceoparts.com\/tr\/urun\/linde-y-boru-1864484178\/","title":{"rendered":"Linde Y Boru &#8211; 1864484178"},"content":{"rendered":"<p>Linde Y Boru &#8211; 1864484178<\/p>","protected":false},"excerpt":{"rendered":"<p data-start=\"0\" data-end=\"194\"><br data-start=\"5\" data-end=\"8\" \/><strong data-start=\"8\" data-end=\"24\">Linde Y Boru<\/strong>, forklift ve i\u015f makinelerinde s\u0131v\u0131 ve gaz ak\u0131\u015f\u0131n\u0131 y\u00f6nlendirmek i\u00e7in kullan\u0131lan dayan\u0131kl\u0131 bir ba\u011flant\u0131 par\u00e7as\u0131d\u0131r. Y\u00fcksek kalite malzemeden \u00fcretilmi\u015f olup uzun \u00f6m\u00fcrl\u00fcd\u00fcr.<\/p>\n<p data-start=\"196\" data-end=\"381\"><strong data-start=\"196\" data-end=\"211\">\u00d6zellikler:<\/strong><br data-start=\"211\" data-end=\"214\" \/><strong data-start=\"214\" data-end=\"229\">Par\u00e7a Kodu:<\/strong> 1864484178<br data-start=\"240\" data-end=\"243\" \/><strong data-start=\"243\" data-end=\"251\">Tip:<\/strong> Y Boru (Y-Connector)<br data-start=\"272\" data-end=\"275\" \/><strong data-start=\"275\" data-end=\"288\">Kullan\u0131m:<\/strong> Forklift ve i\u015f makineleri<br data-start=\"314\" data-end=\"317\" \/><strong data-start=\"317\" data-end=\"329\">Avantaj:<\/strong> Y\u00fcksek dayan\u0131kl\u0131l\u0131k ve g\u00fcvenilir ba\u011flant\u0131<\/p>\n<p data-start=\"383\" data-end=\"565\">\n","protected":false},"featured_media":15773,"template":"","meta":[],"product_brand":[],"product_cat":[246,470,523],"product_tag":[],"class_list":{"0":"post-15771","1":"product","2":"type-product","3":"status-publish","4":"has-post-thumbnail","6":"product_cat-linde","7":"product_cat-diger-yedek-parcalar","8":"product_cat-yedek-parca-linde","10":"first","11":"instock","12":"taxable","13":"shipping-taxable","14":"purchasable","15":"product-type-simple"},"_links":{"self":[{"href":"https:\/\/ceoparts.com\/tr\/wp-json\/wp\/v2\/product\/15771","targetHints":{"allow":["GET"]}}],"collection":[{"href":"https:\/\/ceoparts.com\/tr\/wp-json\/wp\/v2\/product"}],"about":[{"href":"https:\/\/ceoparts.com\/tr\/wp-json\/wp\/v2\/types\/product"}],"wp:featuredmedia":[{"embeddable":true,"href":"https:\/\/ceoparts.com\/tr\/wp-json\/wp\/v2\/media\/15773"}],"wp:attachment":[{"href":"https:\/\/ceoparts.com\/tr\/wp-json\/wp\/v2\/media?parent=15771"}],"wp:term":[{"taxonomy":"product_brand","embeddable":true,"href":"https:\/\/ceoparts.com\/tr\/wp-json\/wp\/v2\/product_brand?post=15771"},{"taxonomy":"product_cat","embeddable":true,"href":"https:\/\/ceoparts.com\/tr\/wp-json\/wp\/v2\/product_cat?post=15771"},{"taxonomy":"product_tag","embeddable":true,"href":"https:\/\/ceoparts.com\/tr\/wp-json\/wp\/v2\/product_tag?post=15771"}],"curies":[{"name":"wp","href":"https:\/\/api.w.org\/{rel}","templated":true}]}}