{"id":15775,"date":"2025-03-04T10:52:20","date_gmt":"2025-03-04T07:52:20","guid":{"rendered":"https:\/\/ceoparts.com\/?post_type=product&#038;p=15775"},"modified":"2026-05-16T18:58:10","modified_gmt":"2026-05-16T15:58:10","slug":"linde-guc-silindir-pistonu-3244521703","status":"publish","type":"product","link":"https:\/\/ceoparts.com\/tr\/urun\/linde-guc-silindir-pistonu-3244521703\/","title":{"rendered":"Linde G\u00fc\u00e7 Silindir Pistonu &#8211; 3244521703"},"content":{"rendered":"<p>Linde G\u00fc\u00e7 Silindir Pistonu &#8211; 3244521703<\/p>","protected":false},"excerpt":{"rendered":"<p data-start=\"0\" data-end=\"184\"><br data-start=\"5\" data-end=\"8\" \/><strong data-start=\"8\" data-end=\"38\">Linde G\u00fc\u00e7 Silindir Pistonu<\/strong>, forklift ve i\u015f makinelerinde y\u00fcksek performans sa\u011flayan dayan\u0131kl\u0131 bir par\u00e7ad\u0131r. G\u00fc\u00e7 iletimini optimize ederek makinenizin verimlili\u011fini art\u0131r\u0131r.<\/p>\n<p data-start=\"186\" data-end=\"384\"><strong data-start=\"186\" data-end=\"201\">\u00d6zellikler:<\/strong><br data-start=\"201\" data-end=\"204\" \/><strong data-start=\"204\" data-end=\"219\">Par\u00e7a Kodu:<\/strong> 3244521703<br data-start=\"230\" data-end=\"233\" \/><strong data-start=\"233\" data-end=\"241\">Tip:<\/strong> G\u00fc\u00e7 Silindir Pistonu<br data-start=\"262\" data-end=\"265\" \/><strong data-start=\"265\" data-end=\"278\">Kullan\u0131m:<\/strong> Forklift ve i\u015f makineleri<br data-start=\"304\" data-end=\"307\" \/><strong data-start=\"307\" data-end=\"319\">Avantaj:<\/strong> Y\u00fcksek dayan\u0131kl\u0131l\u0131k ve g\u00fc\u00e7 iletiminde \u00fcst\u00fcn performans<\/p>\n<p data-start=\"386\" data-end=\"582\">\n","protected":false},"featured_media":15779,"template":"","meta":[],"product_brand":[],"product_cat":[246,470,523],"product_tag":[],"class_list":{"0":"post-15775","1":"product","2":"type-product","3":"status-publish","4":"has-post-thumbnail","6":"product_cat-linde","7":"product_cat-diger-yedek-parcalar","8":"product_cat-yedek-parca-linde","10":"first","11":"instock","12":"taxable","13":"shipping-taxable","14":"purchasable","15":"product-type-simple"},"_links":{"self":[{"href":"https:\/\/ceoparts.com\/tr\/wp-json\/wp\/v2\/product\/15775","targetHints":{"allow":["GET"]}}],"collection":[{"href":"https:\/\/ceoparts.com\/tr\/wp-json\/wp\/v2\/product"}],"about":[{"href":"https:\/\/ceoparts.com\/tr\/wp-json\/wp\/v2\/types\/product"}],"wp:featuredmedia":[{"embeddable":true,"href":"https:\/\/ceoparts.com\/tr\/wp-json\/wp\/v2\/media\/15779"}],"wp:attachment":[{"href":"https:\/\/ceoparts.com\/tr\/wp-json\/wp\/v2\/media?parent=15775"}],"wp:term":[{"taxonomy":"product_brand","embeddable":true,"href":"https:\/\/ceoparts.com\/tr\/wp-json\/wp\/v2\/product_brand?post=15775"},{"taxonomy":"product_cat","embeddable":true,"href":"https:\/\/ceoparts.com\/tr\/wp-json\/wp\/v2\/product_cat?post=15775"},{"taxonomy":"product_tag","embeddable":true,"href":"https:\/\/ceoparts.com\/tr\/wp-json\/wp\/v2\/product_tag?post=15775"}],"curies":[{"name":"wp","href":"https:\/\/api.w.org\/{rel}","templated":true}]}}